{"id":6878,"date":"2021-01-24T10:40:23","date_gmt":"2021-01-24T10:40:23","guid":{"rendered":"http:\/\/staging.megapharm.al\/\/index.php\/product\/import-placeholder-for-5672\/"},"modified":"2021-01-24T10:40:32","modified_gmt":"2021-01-24T10:40:32","slug":"octanate","status":"publish","type":"product","link":"https:\/\/staging.megapharm.al\/?product=octanate","title":{"rendered":"Octanate"},"content":{"rendered":"<p>250 IU\/500IU\/1000IU<br \/>\nIndikacionet: Trajtimin e pacient\u00ebve me munges\u00eb t\u00eb faktorit 8 koagulues (Hemofilia A)<\/p>\n","protected":false},"excerpt":{"rendered":"<p>250 IU\/500IU\/1000IU<br \/>\nIndikacionet: Trajtimin e pacient\u00ebve me munges\u00eb t\u00eb faktorit 8 koagulues (Hemofilia A)<\/p>\n","protected":false},"featured_media":0,"comment_status":"open","ping_status":"closed","template":"","meta":[],"product_brand":[],"product_cat":[155,70,67],"product_tag":[],"class_list":{"0":"post-6878","1":"product","2":"type-product","3":"status-publish","5":"product_cat-octapharma","6":"product_cat-pediatri","7":"product_cat-sistemi-kardiovaskular-dhe-hematologjik","9":"first","10":"instock","11":"shipping-taxable","12":"product-type-simple"},"_links":{"self":[{"href":"https:\/\/staging.megapharm.al\/index.php?rest_route=\/wp\/v2\/product\/6878","targetHints":{"allow":["GET"]}}],"collection":[{"href":"https:\/\/staging.megapharm.al\/index.php?rest_route=\/wp\/v2\/product"}],"about":[{"href":"https:\/\/staging.megapharm.al\/index.php?rest_route=\/wp\/v2\/types\/product"}],"replies":[{"embeddable":true,"href":"https:\/\/staging.megapharm.al\/index.php?rest_route=%2Fwp%2Fv2%2Fcomments&post=6878"}],"wp:attachment":[{"href":"https:\/\/staging.megapharm.al\/index.php?rest_route=%2Fwp%2Fv2%2Fmedia&parent=6878"}],"wp:term":[{"taxonomy":"product_brand","embeddable":true,"href":"https:\/\/staging.megapharm.al\/index.php?rest_route=%2Fwp%2Fv2%2Fproduct_brand&post=6878"},{"taxonomy":"product_cat","embeddable":true,"href":"https:\/\/staging.megapharm.al\/index.php?rest_route=%2Fwp%2Fv2%2Fproduct_cat&post=6878"},{"taxonomy":"product_tag","embeddable":true,"href":"https:\/\/staging.megapharm.al\/index.php?rest_route=%2Fwp%2Fv2%2Fproduct_tag&post=6878"}],"curies":[{"name":"wp","href":"https:\/\/api.w.org\/{rel}","templated":true}]}}