{"id":6815,"date":"2021-01-24T10:39:49","date_gmt":"2021-01-24T10:39:49","guid":{"rendered":"http:\/\/staging.megapharm.al\/\/index.php\/product\/import-placeholder-for-3559\/"},"modified":"2021-04-12T06:47:25","modified_gmt":"2021-04-12T06:47:25","slug":"neomidantan","status":"publish","type":"product","link":"https:\/\/staging.megapharm.al\/?product=neomidantan","title":{"rendered":"Neomidantan"},"content":{"rendered":"<p>Principi aktiv: Amantadin\u00eb hidroklorike.<\/p>\n<p>Formdoza: 100 mg x50 kapsula.<\/p>\n<p>Indikacione terapeutike<br \/>\nP\u00ebr trajtimin e s\u00ebmundjes s\u00eb Parkinson dhe Parkisonizmin sekondar (tremor, rigjiditet muskular ose instabilitet postural), p\u00ebrfshi reaksionet ekstrapiramidale t\u00eb shkaktuara nga barnat<br \/>\nP\u00ebr trajtimin ose parandalimin e nj\u00eb lloji t\u00eb caktuar t\u00eb infeksionit gripal (influenza A) n\u00eb t\u00eb rritur dhe f\u00ebmij\u00eb me mosh\u00eb mbi 10 vje\u00e7<br \/>\nP\u00ebr trajtimin e neuralgjis\u00eb postherpetike (gjendje e dhimbshme q\u00eb prek fijet nervore dhe l\u00ebkur\u00ebn)<\/p>\n","protected":false},"excerpt":{"rendered":"<p>Principi aktiv: Amantadin\u00eb hidroklorike.<\/p>\n<p>Formdoza: 100 mg x50 kapsula.<\/p>\n<p>Indikacione terapeutike<br \/>\nP\u00ebr trajtimin e s\u00ebmundjes s\u00eb Parkinson dhe Parkisonizmin sekondar (tremor, rigjiditet muskular ose instabilitet postural), p\u00ebrfshi reaksionet ekstrapiramidale t\u00eb shkaktuara nga barnat<br \/>\nP\u00ebr trajtimin ose parandalimin e nj\u00eb lloji t\u00eb caktuar t\u00eb infeksionit gripal (influenza A) n\u00eb t\u00eb rritur dhe f\u00ebmij\u00eb me mosh\u00eb mbi 10 vje\u00e7<br \/>\nP\u00ebr trajtimin e neuralgjis\u00eb postherpetike (gjendje e dhimbshme q\u00eb prek fijet nervore dhe l\u00ebkur\u00ebn)<\/p>\n","protected":false},"featured_media":5921,"comment_status":"open","ping_status":"closed","template":"","meta":[],"product_brand":[],"product_cat":[147,62],"product_tag":[],"class_list":{"0":"post-6815","1":"product","2":"type-product","3":"status-publish","4":"has-post-thumbnail","6":"product_cat-olain-produktet-sipas-kompanive","7":"product_cat-sistemi-nervor","9":"first","10":"instock","11":"shipping-taxable","12":"product-type-simple"},"_links":{"self":[{"href":"https:\/\/staging.megapharm.al\/index.php?rest_route=\/wp\/v2\/product\/6815","targetHints":{"allow":["GET"]}}],"collection":[{"href":"https:\/\/staging.megapharm.al\/index.php?rest_route=\/wp\/v2\/product"}],"about":[{"href":"https:\/\/staging.megapharm.al\/index.php?rest_route=\/wp\/v2\/types\/product"}],"replies":[{"embeddable":true,"href":"https:\/\/staging.megapharm.al\/index.php?rest_route=%2Fwp%2Fv2%2Fcomments&post=6815"}],"wp:featuredmedia":[{"embeddable":true,"href":"https:\/\/staging.megapharm.al\/index.php?rest_route=\/wp\/v2\/media\/5921"}],"wp:attachment":[{"href":"https:\/\/staging.megapharm.al\/index.php?rest_route=%2Fwp%2Fv2%2Fmedia&parent=6815"}],"wp:term":[{"taxonomy":"product_brand","embeddable":true,"href":"https:\/\/staging.megapharm.al\/index.php?rest_route=%2Fwp%2Fv2%2Fproduct_brand&post=6815"},{"taxonomy":"product_cat","embeddable":true,"href":"https:\/\/staging.megapharm.al\/index.php?rest_route=%2Fwp%2Fv2%2Fproduct_cat&post=6815"},{"taxonomy":"product_tag","embeddable":true,"href":"https:\/\/staging.megapharm.al\/index.php?rest_route=%2Fwp%2Fv2%2Fproduct_tag&post=6815"}],"curies":[{"name":"wp","href":"https:\/\/api.w.org\/{rel}","templated":true}]}}