{"id":6813,"date":"2021-01-24T10:39:49","date_gmt":"2021-01-24T10:39:49","guid":{"rendered":"http:\/\/staging.megapharm.al\/\/index.php\/product\/import-placeholder-for-3557\/"},"modified":"2025-03-15T05:13:07","modified_gmt":"2025-03-15T05:13:07","slug":"adaptol","status":"publish","type":"product","link":"https:\/\/staging.megapharm.al\/?product=adaptol","title":{"rendered":"Adaptol"},"content":{"rendered":"<p>Principi aktiv: Mebicarum.<\/p>\n<p>Formdoza: 300 mg x20 kapsula; 500 mg x20 tableta.<\/p>\n<p>Indikacione terapeutike<br \/>\nNeuroza ose gjendje t\u00eb ngjashme me to (ankth, paq\u00ebndrueshm\u00ebri emocionale, parehati, frik\u00eb)<br \/>\nKardialgji, dhimbje gjoksi me origjin\u00eb t\u00eb ndryshme, t\u00eb palidhura me s\u00ebmundjet koronare t\u00eb zemr\u00ebs<br \/>\nP\u00ebr p\u00ebrmir\u00ebsimin e tolerabilitetit dhe efekteve an\u00ebsore t\u00eb neuroleptik\u00ebve dhe benzodiazepinave<br \/>\nTerapi e kombinuar p\u00ebr reduktimin e var\u00ebsis\u00eb nga nikotina<\/p>\n","protected":false},"excerpt":{"rendered":"<p>Principi aktiv: Mebicarum.<\/p>\n<p>Formdoza: 300 mg x20 kapsula; 500 mg x20 tableta.<\/p>\n<p>Indikacione terapeutike<br \/>\nNeuroza ose gjendje t\u00eb ngjashme me to (ankth, paq\u00ebndrueshm\u00ebri emocionale, parehati, frik\u00eb)<br \/>\nKardialgji, dhimbje gjoksi me origjin\u00eb t\u00eb ndryshme, t\u00eb palidhura me s\u00ebmundjet koronare t\u00eb zemr\u00ebs<br \/>\nP\u00ebr p\u00ebrmir\u00ebsimin e tolerabilitetit dhe efekteve an\u00ebsore t\u00eb neuroleptik\u00ebve dhe benzodiazepinave<br \/>\nTerapi e kombinuar p\u00ebr reduktimin e var\u00ebsis\u00eb nga nikotina<\/p>\n","protected":false},"featured_media":5919,"comment_status":"open","ping_status":"closed","template":"","meta":[],"product_brand":[],"product_cat":[147,62],"product_tag":[],"class_list":{"0":"post-6813","1":"product","2":"type-product","3":"status-publish","4":"has-post-thumbnail","6":"product_cat-olain-produktet-sipas-kompanive","7":"product_cat-sistemi-nervor","9":"first","10":"instock","11":"shipping-taxable","12":"product-type-simple"},"_links":{"self":[{"href":"https:\/\/staging.megapharm.al\/index.php?rest_route=\/wp\/v2\/product\/6813","targetHints":{"allow":["GET"]}}],"collection":[{"href":"https:\/\/staging.megapharm.al\/index.php?rest_route=\/wp\/v2\/product"}],"about":[{"href":"https:\/\/staging.megapharm.al\/index.php?rest_route=\/wp\/v2\/types\/product"}],"replies":[{"embeddable":true,"href":"https:\/\/staging.megapharm.al\/index.php?rest_route=%2Fwp%2Fv2%2Fcomments&post=6813"}],"wp:featuredmedia":[{"embeddable":true,"href":"https:\/\/staging.megapharm.al\/index.php?rest_route=\/wp\/v2\/media\/5919"}],"wp:attachment":[{"href":"https:\/\/staging.megapharm.al\/index.php?rest_route=%2Fwp%2Fv2%2Fmedia&parent=6813"}],"wp:term":[{"taxonomy":"product_brand","embeddable":true,"href":"https:\/\/staging.megapharm.al\/index.php?rest_route=%2Fwp%2Fv2%2Fproduct_brand&post=6813"},{"taxonomy":"product_cat","embeddable":true,"href":"https:\/\/staging.megapharm.al\/index.php?rest_route=%2Fwp%2Fv2%2Fproduct_cat&post=6813"},{"taxonomy":"product_tag","embeddable":true,"href":"https:\/\/staging.megapharm.al\/index.php?rest_route=%2Fwp%2Fv2%2Fproduct_tag&post=6813"}],"curies":[{"name":"wp","href":"https:\/\/api.w.org\/{rel}","templated":true}]}}