{"id":6808,"date":"2021-01-24T10:39:48","date_gmt":"2021-01-24T10:39:48","guid":{"rendered":"http:\/\/staging.megapharm.al\/\/index.php\/product\/import-placeholder-for-3552\/"},"modified":"2024-11-03T06:56:26","modified_gmt":"2024-11-03T06:56:26","slug":"bikarfen-gistafen","status":"publish","type":"product","link":"https:\/\/staging.megapharm.al\/?product=bikarfen-gistafen","title":{"rendered":"Bikarfen (Gistafen)"},"content":{"rendered":"<p>Principi aktiv: Sekuifenadin\u00eb hidroklorike.<\/p>\n<p>Formdoza: 50 mg x 20 tableta.<\/p>\n<p>Indikacionet:Kruarje l\u00ebkure dhe s\u00ebmundje t\u00eb tjera me origjin\u00eb alergjike t\u00eb shoq\u00ebruara me kruarje (dermatit atopik dhe alergjik, vaskulit, neurodermatit, lichen planus, etj)<br \/>\nS\u00ebmundje alergjike akute dhe kronike (alergji nga polenet, rhinit alergjik, alergji nga barnat, ushqimet, kimikatet, pluhurat, qimet e kafsh\u00ebve, pickimet e insekteve dhe alergen\u00eb t\u00eb tjer\u00eb)<br \/>\nP\u00ebr parandalim t\u00eb alergjis\u00eb (p\u00ebrdorim p\u00ebrpara shfaqjeve sezonale) dhe si terapi mb\u00ebshtet\u00ebse<\/p>\n","protected":false},"excerpt":{"rendered":"<p>Principi aktiv: Sekuifenadin\u00eb hidroklorike.<\/p>\n<p>Formdoza: 50 mg x 20 tableta.<\/p>\n<p>Indikacionet:Kruarje l\u00ebkure dhe s\u00ebmundje t\u00eb tjera me origjin\u00eb alergjike t\u00eb shoq\u00ebruara me kruarje (dermatit atopik dhe alergjik, vaskulit, neurodermatit, lichen planus, etj)<br \/>\nS\u00ebmundje alergjike akute dhe kronike (alergji nga polenet, rhinit alergjik, alergji nga barnat, ushqimet, kimikatet, pluhurat, qimet e kafsh\u00ebve, pickimet e insekteve dhe alergen\u00eb t\u00eb tjer\u00eb)<br \/>\nP\u00ebr parandalim t\u00eb alergjis\u00eb (p\u00ebrdorim p\u00ebrpara shfaqjeve sezonale) dhe si terapi mb\u00ebshtet\u00ebse<\/p>\n","protected":false},"featured_media":5914,"comment_status":"open","ping_status":"closed","template":"","meta":[],"product_brand":[],"product_cat":[147],"product_tag":[],"class_list":{"0":"post-6808","1":"product","2":"type-product","3":"status-publish","4":"has-post-thumbnail","6":"product_cat-olain-produktet-sipas-kompanive","8":"first","9":"instock","10":"shipping-taxable","11":"product-type-simple"},"_links":{"self":[{"href":"https:\/\/staging.megapharm.al\/index.php?rest_route=\/wp\/v2\/product\/6808","targetHints":{"allow":["GET"]}}],"collection":[{"href":"https:\/\/staging.megapharm.al\/index.php?rest_route=\/wp\/v2\/product"}],"about":[{"href":"https:\/\/staging.megapharm.al\/index.php?rest_route=\/wp\/v2\/types\/product"}],"replies":[{"embeddable":true,"href":"https:\/\/staging.megapharm.al\/index.php?rest_route=%2Fwp%2Fv2%2Fcomments&post=6808"}],"wp:featuredmedia":[{"embeddable":true,"href":"https:\/\/staging.megapharm.al\/index.php?rest_route=\/wp\/v2\/media\/5914"}],"wp:attachment":[{"href":"https:\/\/staging.megapharm.al\/index.php?rest_route=%2Fwp%2Fv2%2Fmedia&parent=6808"}],"wp:term":[{"taxonomy":"product_brand","embeddable":true,"href":"https:\/\/staging.megapharm.al\/index.php?rest_route=%2Fwp%2Fv2%2Fproduct_brand&post=6808"},{"taxonomy":"product_cat","embeddable":true,"href":"https:\/\/staging.megapharm.al\/index.php?rest_route=%2Fwp%2Fv2%2Fproduct_cat&post=6808"},{"taxonomy":"product_tag","embeddable":true,"href":"https:\/\/staging.megapharm.al\/index.php?rest_route=%2Fwp%2Fv2%2Fproduct_tag&post=6808"}],"curies":[{"name":"wp","href":"https:\/\/api.w.org\/{rel}","templated":true}]}}