{"id":6782,"date":"2021-01-24T10:39:37","date_gmt":"2021-01-24T10:39:37","guid":{"rendered":"http:\/\/staging.megapharm.al\/\/index.php\/product\/import-placeholder-for-3454\/"},"modified":"2021-01-24T10:39:42","modified_gmt":"2021-01-24T10:39:42","slug":"d-clar-micropeeling","status":"publish","type":"product","link":"https:\/\/staging.megapharm.al\/?product=d-clar-micropeeling","title":{"rendered":"D Clar Micropeeling"},"content":{"rendered":"<p>P\u00ebrshkrimi i produktit<\/p>\n<p>Micropeeling Rilastil D-Clar \u00ebsht\u00eb nj\u00eb trajtim eksfoljues i fytyr\u00ebs q\u00eb p\u00ebrshpejton qarkullimin e qelizave duke uniformizuar pamjen e tekstur\u00ebs s\u00eb l\u00ebkur\u00ebs. Fal\u00eb k\u00ebsaj formule inovative, l\u00ebkura humbet pamjen e shurdh\u00ebr dhe t\u00eb parregullt q\u00eb ndonj\u00ebher\u00eb e karakterizon at\u00eb dhe merr nj\u00ebtrajtshm\u00ebri dhe shk\u00eblqim. P\u00ebr m\u00eb tep\u00ebr, rinovimi qelizor, i favorizuar nga veprimi i mikropeeling, lejon l\u00ebkur\u00ebn t\u00eb rigjenerohet m\u00eb shpesh, duke leht\u00ebsuar zhdukjen e njollave t\u00eb l\u00ebkur\u00ebs.<br \/>\nSi funksionon Micropeeling me acid mandelik i Rilastil D-Clar?<br \/>\nAcidi mandelik: rinovon l\u00ebkur\u00ebn e fytyr\u00ebs, duke promovuar eleminimin e qelizave t\u00eb hiperpigmentuara t\u00eb cilat jan\u00eb n\u00eb origjin\u00ebn e njollave t\u00eb l\u00ebkur\u00ebs. Kthen nj\u00eb pamje uniforme dhe t\u00eb l\u00ebmuar n\u00eb fytyr\u00eb.<br \/>\nKompleksi Clari-tech: nj\u00eb kompleks peptidesh dhe vitaminash q\u00eb e b\u00ebjn\u00eb l\u00ebkur\u00ebn m\u00eb t\u00eb ndritshme dhe homogjene.<br \/>\nTekstura Bifazike: e b\u00ebn produktin shum\u00eb t\u00eb toleruesh\u00ebm edhe nga l\u00ebkura m\u00eb e ndjeshme.<br \/>\nLinja Rilastil D-Clar \u00ebsht\u00eb e formuluar posa\u00e7\u00ebrisht p\u00ebr t\u00eb kontrastuar dhe korrigjuar \u00e7do lloj hiperkromie t\u00eb l\u00ebkur\u00ebs p\u00ebr shkak t\u00eb nj\u00eb prodhimi t\u00eb shtuar t\u00eb melanin\u00ebs ose t\u00eb shp\u00ebrndarjes s\u00eb tij jo-homogjene, si n\u00eb rastin e pikave t\u00eb diellit, melazm\u00ebs gravidale, lezioneve t\u00eb akneve, hiperkromave post inflamatore ose t\u00eb induktuar nga ila\u00e7e.<br \/>\nP\u00ebrdorimi:<br \/>\nShkundni mir\u00eb produktin p\u00ebrpara p\u00ebrdorimit (struktur\u00eb n\u00eb qum\u00ebsht bifazik) dhe aplikoni produktin n\u00eb fytyr\u00ebn e pastruar n\u00eb m\u00ebnyr\u00eb t\u00eb p\u00ebrsosur duke p\u00ebrdorur nj\u00eb tampon pambuku.<br \/>\nKryeni nj\u00eb masazh rrethor.<br \/>\nN\u00eb rast t\u00eb l\u00ebkur\u00ebs ve\u00e7an\u00ebrisht t\u00eb ndjeshme ose reaktive, shp\u00eblajeni pas 3-5 minutash, p\u00ebrndryshe vazhdoni me aplikimin e trajtimeve vijuese.<br \/>\nSasia: 100ml<\/p>\n","protected":false},"excerpt":{"rendered":"<p>P\u00ebrshkrimi i produktit<\/p>\n<p>Micropeeling Rilastil D-Clar \u00ebsht\u00eb nj\u00eb trajtim eksfoljues i fytyr\u00ebs q\u00eb p\u00ebrshpejton qarkullimin e qelizave duke uniformizuar pamjen e tekstur\u00ebs s\u00eb l\u00ebkur\u00ebs. Fal\u00eb k\u00ebsaj formule inovative, l\u00ebkura humbet pamjen e shurdh\u00ebr dhe t\u00eb parregullt q\u00eb ndonj\u00ebher\u00eb e karakterizon at\u00eb dhe merr nj\u00ebtrajtshm\u00ebri dhe shk\u00eblqim. P\u00ebr m\u00eb tep\u00ebr, rinovimi qelizor, i favorizuar nga veprimi i mikropeeling, lejon l\u00ebkur\u00ebn t\u00eb rigjenerohet m\u00eb shpesh, duke leht\u00ebsuar zhdukjen e njollave t\u00eb l\u00ebkur\u00ebs.<br \/>\nSi funksionon Micropeeling me acid mandelik i Rilastil D-Clar?<br \/>\nAcidi mandelik: rinovon l\u00ebkur\u00ebn e fytyr\u00ebs, duke promovuar eleminimin e qelizave t\u00eb hiperpigmentuara t\u00eb cilat jan\u00eb n\u00eb origjin\u00ebn e njollave t\u00eb l\u00ebkur\u00ebs. Kthen nj\u00eb pamje uniforme dhe t\u00eb l\u00ebmuar n\u00eb fytyr\u00eb.<br \/>\nKompleksi Clari-tech: nj\u00eb kompleks peptidesh dhe vitaminash q\u00eb e b\u00ebjn\u00eb l\u00ebkur\u00ebn m\u00eb t\u00eb ndritshme dhe homogjene.<br \/>\nTekstura Bifazike: e b\u00ebn produktin shum\u00eb t\u00eb toleruesh\u00ebm edhe nga l\u00ebkura m\u00eb e ndjeshme.<br \/>\nLinja Rilastil D-Clar \u00ebsht\u00eb e formuluar posa\u00e7\u00ebrisht p\u00ebr t\u00eb kontrastuar dhe korrigjuar \u00e7do lloj hiperkromie t\u00eb l\u00ebkur\u00ebs p\u00ebr shkak t\u00eb nj\u00eb prodhimi t\u00eb shtuar t\u00eb melanin\u00ebs ose t\u00eb shp\u00ebrndarjes s\u00eb tij jo-homogjene, si n\u00eb rastin e pikave t\u00eb diellit, melazm\u00ebs gravidale, lezioneve t\u00eb akneve, hiperkromave post inflamatore ose t\u00eb induktuar nga ila\u00e7e.<br \/>\nP\u00ebrdorimi:<br \/>\nShkundni mir\u00eb produktin p\u00ebrpara p\u00ebrdorimit (struktur\u00eb n\u00eb qum\u00ebsht bifazik) dhe aplikoni produktin n\u00eb fytyr\u00ebn e pastruar n\u00eb m\u00ebnyr\u00eb t\u00eb p\u00ebrsosur duke p\u00ebrdorur nj\u00eb tampon pambuku.<br \/>\nKryeni nj\u00eb masazh rrethor.<br \/>\nN\u00eb rast t\u00eb l\u00ebkur\u00ebs ve\u00e7an\u00ebrisht t\u00eb ndjeshme ose reaktive, shp\u00eblajeni pas 3-5 minutash, p\u00ebrndryshe vazhdoni me aplikimin e trajtimeve vijuese.<br \/>\nSasia: 100ml<\/p>\n","protected":false},"featured_media":5888,"comment_status":"open","ping_status":"closed","template":"","meta":[],"product_brand":[],"product_cat":[123],"product_tag":[],"class_list":{"0":"post-6782","1":"product","2":"type-product","3":"status-publish","4":"has-post-thumbnail","6":"product_cat-rilastil","8":"first","9":"instock","10":"shipping-taxable","11":"product-type-simple"},"_links":{"self":[{"href":"https:\/\/staging.megapharm.al\/index.php?rest_route=\/wp\/v2\/product\/6782","targetHints":{"allow":["GET"]}}],"collection":[{"href":"https:\/\/staging.megapharm.al\/index.php?rest_route=\/wp\/v2\/product"}],"about":[{"href":"https:\/\/staging.megapharm.al\/index.php?rest_route=\/wp\/v2\/types\/product"}],"replies":[{"embeddable":true,"href":"https:\/\/staging.megapharm.al\/index.php?rest_route=%2Fwp%2Fv2%2Fcomments&post=6782"}],"wp:featuredmedia":[{"embeddable":true,"href":"https:\/\/staging.megapharm.al\/index.php?rest_route=\/wp\/v2\/media\/5888"}],"wp:attachment":[{"href":"https:\/\/staging.megapharm.al\/index.php?rest_route=%2Fwp%2Fv2%2Fmedia&parent=6782"}],"wp:term":[{"taxonomy":"product_brand","embeddable":true,"href":"https:\/\/staging.megapharm.al\/index.php?rest_route=%2Fwp%2Fv2%2Fproduct_brand&post=6782"},{"taxonomy":"product_cat","embeddable":true,"href":"https:\/\/staging.megapharm.al\/index.php?rest_route=%2Fwp%2Fv2%2Fproduct_cat&post=6782"},{"taxonomy":"product_tag","embeddable":true,"href":"https:\/\/staging.megapharm.al\/index.php?rest_route=%2Fwp%2Fv2%2Fproduct_tag&post=6782"}],"curies":[{"name":"wp","href":"https:\/\/api.w.org\/{rel}","templated":true}]}}