{"id":6752,"date":"2021-01-24T10:39:21","date_gmt":"2021-01-24T10:39:21","guid":{"rendered":"http:\/\/staging.megapharm.al\/\/index.php\/product\/import-placeholder-for-3422\/"},"modified":"2021-01-24T10:39:29","modified_gmt":"2021-01-24T10:39:29","slug":"supreme-normal-fixton-styling","status":"publish","type":"product","link":"https:\/\/staging.megapharm.al\/?product=supreme-normal-fixton-styling","title":{"rendered":"Supreme Normal Fixton, Styling"},"content":{"rendered":"<p>Ideale p\u00ebr hairstyle t\u00eb drejta ose me onde, ajo rregullon dhe formon flok\u00ebt pa I peshuar posht\u00eb. Jep shk\u00eblqim, I mbron ato nga tharja, lag\u00ebshtia dhe faktoret atmosferik\u00eb.<\/p>\n<p>Sasia : 500 ml<\/p>\n","protected":false},"excerpt":{"rendered":"<p>Ideale p\u00ebr hairstyle t\u00eb drejta ose me onde, ajo rregullon dhe formon flok\u00ebt pa I peshuar posht\u00eb. Jep shk\u00eblqim, I mbron ato nga tharja, lag\u00ebshtia dhe faktoret atmosferik\u00eb.<\/p>\n<p>Sasia : 500 ml<\/p>\n","protected":false},"featured_media":5858,"comment_status":"open","ping_status":"closed","template":"","meta":[],"product_brand":[],"product_cat":[78,122],"product_tag":[],"class_list":{"0":"post-6752","1":"product","2":"type-product","3":"status-publish","4":"has-post-thumbnail","6":"product_cat-dermokozmetike","7":"product_cat-farmagan","9":"first","10":"instock","11":"shipping-taxable","12":"product-type-simple"},"_links":{"self":[{"href":"https:\/\/staging.megapharm.al\/index.php?rest_route=\/wp\/v2\/product\/6752","targetHints":{"allow":["GET"]}}],"collection":[{"href":"https:\/\/staging.megapharm.al\/index.php?rest_route=\/wp\/v2\/product"}],"about":[{"href":"https:\/\/staging.megapharm.al\/index.php?rest_route=\/wp\/v2\/types\/product"}],"replies":[{"embeddable":true,"href":"https:\/\/staging.megapharm.al\/index.php?rest_route=%2Fwp%2Fv2%2Fcomments&post=6752"}],"wp:featuredmedia":[{"embeddable":true,"href":"https:\/\/staging.megapharm.al\/index.php?rest_route=\/wp\/v2\/media\/5858"}],"wp:attachment":[{"href":"https:\/\/staging.megapharm.al\/index.php?rest_route=%2Fwp%2Fv2%2Fmedia&parent=6752"}],"wp:term":[{"taxonomy":"product_brand","embeddable":true,"href":"https:\/\/staging.megapharm.al\/index.php?rest_route=%2Fwp%2Fv2%2Fproduct_brand&post=6752"},{"taxonomy":"product_cat","embeddable":true,"href":"https:\/\/staging.megapharm.al\/index.php?rest_route=%2Fwp%2Fv2%2Fproduct_cat&post=6752"},{"taxonomy":"product_tag","embeddable":true,"href":"https:\/\/staging.megapharm.al\/index.php?rest_route=%2Fwp%2Fv2%2Fproduct_tag&post=6752"}],"curies":[{"name":"wp","href":"https:\/\/api.w.org\/{rel}","templated":true}]}}