{"id":6751,"date":"2021-01-24T10:39:21","date_gmt":"2021-01-24T10:39:21","guid":{"rendered":"http:\/\/staging.megapharm.al\/\/index.php\/product\/import-placeholder-for-3421\/"},"modified":"2021-01-24T10:39:28","modified_gmt":"2021-01-24T10:39:28","slug":"supreme-strong-no-gaz-fixton-styling","status":"publish","type":"product","link":"https:\/\/staging.megapharm.al\/?product=supreme-strong-no-gaz-fixton-styling","title":{"rendered":"Supreme Strong No Gaz Fixton, Styling"},"content":{"rendered":"<p>Formulimi i tij specifik lejon t\u00eb aplikoni produktin n\u00eb m\u00ebnyr\u00eb uniforme, madje pa pranin\u00eb e gazit shtyt\u00ebs. Jep shk\u00eblqim, mbron nga tharja, lag\u00ebshtia dhe faktoret atmosferik\u00eb.<\/p>\n<p>Sasia: 250 ml<\/p>\n","protected":false},"excerpt":{"rendered":"<p>Formulimi i tij specifik lejon t\u00eb aplikoni produktin n\u00eb m\u00ebnyr\u00eb uniforme, madje pa pranin\u00eb e gazit shtyt\u00ebs. Jep shk\u00eblqim, mbron nga tharja, lag\u00ebshtia dhe faktoret atmosferik\u00eb.<\/p>\n<p>Sasia: 250 ml<\/p>\n","protected":false},"featured_media":5857,"comment_status":"open","ping_status":"closed","template":"","meta":[],"product_brand":[],"product_cat":[78,122],"product_tag":[],"class_list":{"0":"post-6751","1":"product","2":"type-product","3":"status-publish","4":"has-post-thumbnail","6":"product_cat-dermokozmetike","7":"product_cat-farmagan","9":"first","10":"instock","11":"shipping-taxable","12":"product-type-simple"},"_links":{"self":[{"href":"https:\/\/staging.megapharm.al\/index.php?rest_route=\/wp\/v2\/product\/6751","targetHints":{"allow":["GET"]}}],"collection":[{"href":"https:\/\/staging.megapharm.al\/index.php?rest_route=\/wp\/v2\/product"}],"about":[{"href":"https:\/\/staging.megapharm.al\/index.php?rest_route=\/wp\/v2\/types\/product"}],"replies":[{"embeddable":true,"href":"https:\/\/staging.megapharm.al\/index.php?rest_route=%2Fwp%2Fv2%2Fcomments&post=6751"}],"wp:featuredmedia":[{"embeddable":true,"href":"https:\/\/staging.megapharm.al\/index.php?rest_route=\/wp\/v2\/media\/5857"}],"wp:attachment":[{"href":"https:\/\/staging.megapharm.al\/index.php?rest_route=%2Fwp%2Fv2%2Fmedia&parent=6751"}],"wp:term":[{"taxonomy":"product_brand","embeddable":true,"href":"https:\/\/staging.megapharm.al\/index.php?rest_route=%2Fwp%2Fv2%2Fproduct_brand&post=6751"},{"taxonomy":"product_cat","embeddable":true,"href":"https:\/\/staging.megapharm.al\/index.php?rest_route=%2Fwp%2Fv2%2Fproduct_cat&post=6751"},{"taxonomy":"product_tag","embeddable":true,"href":"https:\/\/staging.megapharm.al\/index.php?rest_route=%2Fwp%2Fv2%2Fproduct_tag&post=6751"}],"curies":[{"name":"wp","href":"https:\/\/api.w.org\/{rel}","templated":true}]}}