{"id":6750,"date":"2021-01-24T10:39:21","date_gmt":"2021-01-24T10:39:21","guid":{"rendered":"http:\/\/staging.megapharm.al\/\/index.php\/product\/import-placeholder-for-3420\/"},"modified":"2021-01-24T10:39:28","modified_gmt":"2021-01-24T10:39:28","slug":"fixton-styling","status":"publish","type":"product","link":"https:\/\/staging.megapharm.al\/?product=fixton-styling","title":{"rendered":"Fixton, Styling"},"content":{"rendered":"<p>Ideale p\u00ebr hairstyle t\u00eb drejta ose me onde, ajo rregullon dhe formon flok\u00eb.Jep shk\u00eblqim I mbron ato nga tharja, lag\u00ebshtia dhe faktoret atmosferik\u00eb.<\/p>\n<p>Sasia: 500 ml<\/p>\n","protected":false},"excerpt":{"rendered":"<p>Ideale p\u00ebr hairstyle t\u00eb drejta ose me onde, ajo rregullon dhe formon flok\u00eb.Jep shk\u00eblqim I mbron ato nga tharja, lag\u00ebshtia dhe faktoret atmosferik\u00eb.<\/p>\n<p>Sasia: 500 ml<\/p>\n","protected":false},"featured_media":5856,"comment_status":"open","ping_status":"closed","template":"","meta":[],"product_brand":[],"product_cat":[78,122],"product_tag":[],"class_list":{"0":"post-6750","1":"product","2":"type-product","3":"status-publish","4":"has-post-thumbnail","6":"product_cat-dermokozmetike","7":"product_cat-farmagan","9":"first","10":"instock","11":"shipping-taxable","12":"product-type-simple"},"_links":{"self":[{"href":"https:\/\/staging.megapharm.al\/index.php?rest_route=\/wp\/v2\/product\/6750","targetHints":{"allow":["GET"]}}],"collection":[{"href":"https:\/\/staging.megapharm.al\/index.php?rest_route=\/wp\/v2\/product"}],"about":[{"href":"https:\/\/staging.megapharm.al\/index.php?rest_route=\/wp\/v2\/types\/product"}],"replies":[{"embeddable":true,"href":"https:\/\/staging.megapharm.al\/index.php?rest_route=%2Fwp%2Fv2%2Fcomments&post=6750"}],"wp:featuredmedia":[{"embeddable":true,"href":"https:\/\/staging.megapharm.al\/index.php?rest_route=\/wp\/v2\/media\/5856"}],"wp:attachment":[{"href":"https:\/\/staging.megapharm.al\/index.php?rest_route=%2Fwp%2Fv2%2Fmedia&parent=6750"}],"wp:term":[{"taxonomy":"product_brand","embeddable":true,"href":"https:\/\/staging.megapharm.al\/index.php?rest_route=%2Fwp%2Fv2%2Fproduct_brand&post=6750"},{"taxonomy":"product_cat","embeddable":true,"href":"https:\/\/staging.megapharm.al\/index.php?rest_route=%2Fwp%2Fv2%2Fproduct_cat&post=6750"},{"taxonomy":"product_tag","embeddable":true,"href":"https:\/\/staging.megapharm.al\/index.php?rest_route=%2Fwp%2Fv2%2Fproduct_tag&post=6750"}],"curies":[{"name":"wp","href":"https:\/\/api.w.org\/{rel}","templated":true}]}}