{"id":6748,"date":"2021-01-24T10:39:21","date_gmt":"2021-01-24T10:39:21","guid":{"rendered":"http:\/\/staging.megapharm.al\/\/index.php\/product\/import-placeholder-for-2950\/"},"modified":"2021-01-24T10:39:27","modified_gmt":"2021-01-24T10:39:27","slug":"furasol","status":"publish","type":"product","link":"https:\/\/staging.megapharm.al\/?product=furasol","title":{"rendered":"Furasol"},"content":{"rendered":"<p>Principi aktiv: Furagin solubile Formdoza:<\/p>\n<p>Doza dhe sasia 100 mg N15. Pluhur p\u00ebr p\u00ebrgatitje tret\u00ebsire me p\u00ebrdorim t\u00eb jasht\u00ebm<\/p>\n<p>Indikacionet:<br \/>\nInflamacion i fytit dhe kavitetit oral.<br \/>\nPlag\u00eb t\u00eb infektuara .Djegie dhe inflamacion i qelb\u00ebzuar<\/p>\n","protected":false},"excerpt":{"rendered":"<p>Principi aktiv: Furagin solubile Formdoza:<\/p>\n<p>Doza dhe sasia 100 mg N15. Pluhur p\u00ebr p\u00ebrgatitje tret\u00ebsire me p\u00ebrdorim t\u00eb jasht\u00ebm<\/p>\n<p>Indikacionet:<br \/>\nInflamacion i fytit dhe kavitetit oral.<br \/>\nPlag\u00eb t\u00eb infektuara .Djegie dhe inflamacion i qelb\u00ebzuar<\/p>\n","protected":false},"featured_media":5854,"comment_status":"open","ping_status":"closed","template":"","meta":[],"product_brand":[],"product_cat":[111,101],"product_tag":[],"class_list":{"0":"post-6748","1":"product","2":"type-product","3":"status-publish","4":"has-post-thumbnail","6":"product_cat-anti-infektiv-produktet-sipas-sistemit-otc","7":"product_cat-olain","9":"first","10":"instock","11":"shipping-taxable","12":"product-type-simple"},"_links":{"self":[{"href":"https:\/\/staging.megapharm.al\/index.php?rest_route=\/wp\/v2\/product\/6748","targetHints":{"allow":["GET"]}}],"collection":[{"href":"https:\/\/staging.megapharm.al\/index.php?rest_route=\/wp\/v2\/product"}],"about":[{"href":"https:\/\/staging.megapharm.al\/index.php?rest_route=\/wp\/v2\/types\/product"}],"replies":[{"embeddable":true,"href":"https:\/\/staging.megapharm.al\/index.php?rest_route=%2Fwp%2Fv2%2Fcomments&post=6748"}],"wp:featuredmedia":[{"embeddable":true,"href":"https:\/\/staging.megapharm.al\/index.php?rest_route=\/wp\/v2\/media\/5854"}],"wp:attachment":[{"href":"https:\/\/staging.megapharm.al\/index.php?rest_route=%2Fwp%2Fv2%2Fmedia&parent=6748"}],"wp:term":[{"taxonomy":"product_brand","embeddable":true,"href":"https:\/\/staging.megapharm.al\/index.php?rest_route=%2Fwp%2Fv2%2Fproduct_brand&post=6748"},{"taxonomy":"product_cat","embeddable":true,"href":"https:\/\/staging.megapharm.al\/index.php?rest_route=%2Fwp%2Fv2%2Fproduct_cat&post=6748"},{"taxonomy":"product_tag","embeddable":true,"href":"https:\/\/staging.megapharm.al\/index.php?rest_route=%2Fwp%2Fv2%2Fproduct_tag&post=6748"}],"curies":[{"name":"wp","href":"https:\/\/api.w.org\/{rel}","templated":true}]}}