{"id":6695,"date":"2021-01-24T10:38:51","date_gmt":"2021-01-24T10:38:51","guid":{"rendered":"http:\/\/staging.megapharm.al\/\/index.php\/product\/import-placeholder-for-2892\/"},"modified":"2021-01-24T10:38:59","modified_gmt":"2021-01-24T10:38:59","slug":"extreme-gel","status":"publish","type":"product","link":"https:\/\/staging.megapharm.al\/?product=extreme-gel","title":{"rendered":"Extreme Gel"},"content":{"rendered":"<p>Xhel tep\u00ebr i ngusht\u00eb hiperfiksues p\u00ebr t\u00eb krijuar mb\u00ebshtetje p\u00ebr flok\u00eb t\u00eb gjat\u00eb.<br \/>\nFal\u00eb Panthenol, flok\u00ebt mbeten me shk\u00eblqim dhe t\u00eb but\u00eb.<br \/>\nSasia: 200 ml<\/p>\n","protected":false},"excerpt":{"rendered":"<p>Xhel tep\u00ebr i ngusht\u00eb hiperfiksues p\u00ebr t\u00eb krijuar mb\u00ebshtetje p\u00ebr flok\u00eb t\u00eb gjat\u00eb.<br \/>\nFal\u00eb Panthenol, flok\u00ebt mbeten me shk\u00eblqim dhe t\u00eb but\u00eb.<br \/>\nSasia: 200 ml<\/p>\n","protected":false},"featured_media":5852,"comment_status":"open","ping_status":"closed","template":"","meta":[],"product_brand":[],"product_cat":[122],"product_tag":[],"class_list":{"0":"post-6695","1":"product","2":"type-product","3":"status-publish","4":"has-post-thumbnail","6":"product_cat-farmagan","8":"first","9":"instock","10":"shipping-taxable","11":"product-type-simple"},"_links":{"self":[{"href":"https:\/\/staging.megapharm.al\/index.php?rest_route=\/wp\/v2\/product\/6695","targetHints":{"allow":["GET"]}}],"collection":[{"href":"https:\/\/staging.megapharm.al\/index.php?rest_route=\/wp\/v2\/product"}],"about":[{"href":"https:\/\/staging.megapharm.al\/index.php?rest_route=\/wp\/v2\/types\/product"}],"replies":[{"embeddable":true,"href":"https:\/\/staging.megapharm.al\/index.php?rest_route=%2Fwp%2Fv2%2Fcomments&post=6695"}],"wp:featuredmedia":[{"embeddable":true,"href":"https:\/\/staging.megapharm.al\/index.php?rest_route=\/wp\/v2\/media\/5852"}],"wp:attachment":[{"href":"https:\/\/staging.megapharm.al\/index.php?rest_route=%2Fwp%2Fv2%2Fmedia&parent=6695"}],"wp:term":[{"taxonomy":"product_brand","embeddable":true,"href":"https:\/\/staging.megapharm.al\/index.php?rest_route=%2Fwp%2Fv2%2Fproduct_brand&post=6695"},{"taxonomy":"product_cat","embeddable":true,"href":"https:\/\/staging.megapharm.al\/index.php?rest_route=%2Fwp%2Fv2%2Fproduct_cat&post=6695"},{"taxonomy":"product_tag","embeddable":true,"href":"https:\/\/staging.megapharm.al\/index.php?rest_route=%2Fwp%2Fv2%2Fproduct_tag&post=6695"}],"curies":[{"name":"wp","href":"https:\/\/api.w.org\/{rel}","templated":true}]}}