{"id":6692,"date":"2021-01-24T10:38:50","date_gmt":"2021-01-24T10:38:50","guid":{"rendered":"http:\/\/staging.megapharm.al\/\/index.php\/product\/import-placeholder-for-2889\/"},"modified":"2021-01-24T10:38:58","modified_gmt":"2021-01-24T10:38:58","slug":"lucidante-spray","status":"publish","type":"product","link":"https:\/\/staging.megapharm.al\/?product=lucidante-spray","title":{"rendered":"Lucidante Spray"},"content":{"rendered":"<p>Shk\u00eblqim ekstrem me yndyrat sp\u00ebrkat\u00ebse flok\u00ebsh.<br \/>\nGaranton nj\u00eb cil\u00ebsi t\u00eb but\u00eb t\u00eb q\u00ebndrueshme.<br \/>\nSasia: 400 ml<\/p>\n","protected":false},"excerpt":{"rendered":"<p>Shk\u00eblqim ekstrem me yndyrat sp\u00ebrkat\u00ebse flok\u00ebsh.<br \/>\nGaranton nj\u00eb cil\u00ebsi t\u00eb but\u00eb t\u00eb q\u00ebndrueshme.<br \/>\nSasia: 400 ml<\/p>\n","protected":false},"featured_media":5849,"comment_status":"open","ping_status":"closed","template":"","meta":[],"product_brand":[],"product_cat":[122],"product_tag":[],"class_list":{"0":"post-6692","1":"product","2":"type-product","3":"status-publish","4":"has-post-thumbnail","6":"product_cat-farmagan","8":"first","9":"instock","10":"shipping-taxable","11":"product-type-simple"},"_links":{"self":[{"href":"https:\/\/staging.megapharm.al\/index.php?rest_route=\/wp\/v2\/product\/6692","targetHints":{"allow":["GET"]}}],"collection":[{"href":"https:\/\/staging.megapharm.al\/index.php?rest_route=\/wp\/v2\/product"}],"about":[{"href":"https:\/\/staging.megapharm.al\/index.php?rest_route=\/wp\/v2\/types\/product"}],"replies":[{"embeddable":true,"href":"https:\/\/staging.megapharm.al\/index.php?rest_route=%2Fwp%2Fv2%2Fcomments&post=6692"}],"wp:featuredmedia":[{"embeddable":true,"href":"https:\/\/staging.megapharm.al\/index.php?rest_route=\/wp\/v2\/media\/5849"}],"wp:attachment":[{"href":"https:\/\/staging.megapharm.al\/index.php?rest_route=%2Fwp%2Fv2%2Fmedia&parent=6692"}],"wp:term":[{"taxonomy":"product_brand","embeddable":true,"href":"https:\/\/staging.megapharm.al\/index.php?rest_route=%2Fwp%2Fv2%2Fproduct_brand&post=6692"},{"taxonomy":"product_cat","embeddable":true,"href":"https:\/\/staging.megapharm.al\/index.php?rest_route=%2Fwp%2Fv2%2Fproduct_cat&post=6692"},{"taxonomy":"product_tag","embeddable":true,"href":"https:\/\/staging.megapharm.al\/index.php?rest_route=%2Fwp%2Fv2%2Fproduct_tag&post=6692"}],"curies":[{"name":"wp","href":"https:\/\/api.w.org\/{rel}","templated":true}]}}