{"id":6691,"date":"2021-01-24T10:38:50","date_gmt":"2021-01-24T10:38:50","guid":{"rendered":"http:\/\/staging.megapharm.al\/\/index.php\/product\/import-placeholder-for-2888\/"},"modified":"2021-01-24T10:38:57","modified_gmt":"2021-01-24T10:38:57","slug":"pomade-wax","status":"publish","type":"product","link":"https:\/\/staging.megapharm.al\/?product=pomade-wax","title":{"rendered":"Pomade Wax"},"content":{"rendered":"<p>Dylli ujor super modelues me mbajtje t\u00eb mesme me nj\u00eb p\u00ebrfundim me shk\u00eblqim. Ideale p\u00ebr flok\u00eb t\u00eb holl\u00eb dhe p\u00ebr forma natyrale<br \/>\ndhe fleksib\u00ebl. E pasuruar me ekstrakt boronice ai jep nj\u00eb veprim ribalancues.<br \/>\nSasia: 100 ml<\/p>\n","protected":false},"excerpt":{"rendered":"<p>Dylli ujor super modelues me mbajtje t\u00eb mesme me nj\u00eb p\u00ebrfundim me shk\u00eblqim. Ideale p\u00ebr flok\u00eb t\u00eb holl\u00eb dhe p\u00ebr forma natyrale<br \/>\ndhe fleksib\u00ebl. E pasuruar me ekstrakt boronice ai jep nj\u00eb veprim ribalancues.<br \/>\nSasia: 100 ml<\/p>\n","protected":false},"featured_media":5848,"comment_status":"open","ping_status":"closed","template":"","meta":[],"product_brand":[],"product_cat":[122],"product_tag":[],"class_list":{"0":"post-6691","1":"product","2":"type-product","3":"status-publish","4":"has-post-thumbnail","6":"product_cat-farmagan","8":"first","9":"instock","10":"shipping-taxable","11":"product-type-simple"},"_links":{"self":[{"href":"https:\/\/staging.megapharm.al\/index.php?rest_route=\/wp\/v2\/product\/6691","targetHints":{"allow":["GET"]}}],"collection":[{"href":"https:\/\/staging.megapharm.al\/index.php?rest_route=\/wp\/v2\/product"}],"about":[{"href":"https:\/\/staging.megapharm.al\/index.php?rest_route=\/wp\/v2\/types\/product"}],"replies":[{"embeddable":true,"href":"https:\/\/staging.megapharm.al\/index.php?rest_route=%2Fwp%2Fv2%2Fcomments&post=6691"}],"wp:featuredmedia":[{"embeddable":true,"href":"https:\/\/staging.megapharm.al\/index.php?rest_route=\/wp\/v2\/media\/5848"}],"wp:attachment":[{"href":"https:\/\/staging.megapharm.al\/index.php?rest_route=%2Fwp%2Fv2%2Fmedia&parent=6691"}],"wp:term":[{"taxonomy":"product_brand","embeddable":true,"href":"https:\/\/staging.megapharm.al\/index.php?rest_route=%2Fwp%2Fv2%2Fproduct_brand&post=6691"},{"taxonomy":"product_cat","embeddable":true,"href":"https:\/\/staging.megapharm.al\/index.php?rest_route=%2Fwp%2Fv2%2Fproduct_cat&post=6691"},{"taxonomy":"product_tag","embeddable":true,"href":"https:\/\/staging.megapharm.al\/index.php?rest_route=%2Fwp%2Fv2%2Fproduct_tag&post=6691"}],"curies":[{"name":"wp","href":"https:\/\/api.w.org\/{rel}","templated":true}]}}