{"id":6690,"date":"2021-01-24T10:38:50","date_gmt":"2021-01-24T10:38:50","guid":{"rendered":"http:\/\/staging.megapharm.al\/\/index.php\/product\/import-placeholder-for-2887\/"},"modified":"2021-01-24T10:38:57","modified_gmt":"2021-01-24T10:38:57","slug":"hyper-wax","status":"publish","type":"product","link":"https:\/\/staging.megapharm.al\/?product=hyper-wax","title":{"rendered":"Hyper Wax"},"content":{"rendered":"<p>Lloji i fort\u00eb i modelimit t\u00eb dyllit me baz\u00eb uji me shk\u00eblqim super t\u00eb shk\u00eblqyesh\u00ebm.<br \/>\nAi jep nj\u00eb efekt t\u00eb v\u00ebrtet\u00eb t\u00eb lag\u00ebsht p\u00ebr flok\u00eb t\u00eb trash\u00eb dhe p\u00ebr nj\u00eb p\u00ebrfundim m\u00eb t\u00eb q\u00ebndruesh\u00ebm dhe t\u00eb q\u00ebndruesh\u00ebm. Pasur me ekstrakt \u00e7aji t\u00eb kuq p\u00ebr nj\u00eb veprim energjik.<br \/>\nSasia: 100 ml<\/p>\n","protected":false},"excerpt":{"rendered":"<p>Lloji i fort\u00eb i modelimit t\u00eb dyllit me baz\u00eb uji me shk\u00eblqim super t\u00eb shk\u00eblqyesh\u00ebm.<br \/>\nAi jep nj\u00eb efekt t\u00eb v\u00ebrtet\u00eb t\u00eb lag\u00ebsht p\u00ebr flok\u00eb t\u00eb trash\u00eb dhe p\u00ebr nj\u00eb p\u00ebrfundim m\u00eb t\u00eb q\u00ebndruesh\u00ebm dhe t\u00eb q\u00ebndruesh\u00ebm. Pasur me ekstrakt \u00e7aji t\u00eb kuq p\u00ebr nj\u00eb veprim energjik.<br \/>\nSasia: 100 ml<\/p>\n","protected":false},"featured_media":5847,"comment_status":"open","ping_status":"closed","template":"","meta":[],"product_brand":[],"product_cat":[122],"product_tag":[],"class_list":{"0":"post-6690","1":"product","2":"type-product","3":"status-publish","4":"has-post-thumbnail","6":"product_cat-farmagan","8":"first","9":"instock","10":"shipping-taxable","11":"product-type-simple"},"_links":{"self":[{"href":"https:\/\/staging.megapharm.al\/index.php?rest_route=\/wp\/v2\/product\/6690","targetHints":{"allow":["GET"]}}],"collection":[{"href":"https:\/\/staging.megapharm.al\/index.php?rest_route=\/wp\/v2\/product"}],"about":[{"href":"https:\/\/staging.megapharm.al\/index.php?rest_route=\/wp\/v2\/types\/product"}],"replies":[{"embeddable":true,"href":"https:\/\/staging.megapharm.al\/index.php?rest_route=%2Fwp%2Fv2%2Fcomments&post=6690"}],"wp:featuredmedia":[{"embeddable":true,"href":"https:\/\/staging.megapharm.al\/index.php?rest_route=\/wp\/v2\/media\/5847"}],"wp:attachment":[{"href":"https:\/\/staging.megapharm.al\/index.php?rest_route=%2Fwp%2Fv2%2Fmedia&parent=6690"}],"wp:term":[{"taxonomy":"product_brand","embeddable":true,"href":"https:\/\/staging.megapharm.al\/index.php?rest_route=%2Fwp%2Fv2%2Fproduct_brand&post=6690"},{"taxonomy":"product_cat","embeddable":true,"href":"https:\/\/staging.megapharm.al\/index.php?rest_route=%2Fwp%2Fv2%2Fproduct_cat&post=6690"},{"taxonomy":"product_tag","embeddable":true,"href":"https:\/\/staging.megapharm.al\/index.php?rest_route=%2Fwp%2Fv2%2Fproduct_tag&post=6690"}],"curies":[{"name":"wp","href":"https:\/\/api.w.org\/{rel}","templated":true}]}}