{"id":6689,"date":"2021-01-24T10:38:50","date_gmt":"2021-01-24T10:38:50","guid":{"rendered":"http:\/\/staging.megapharm.al\/\/index.php\/product\/import-placeholder-for-2886\/"},"modified":"2021-01-24T10:38:57","modified_gmt":"2021-01-24T10:38:57","slug":"modeling-paste","status":"publish","type":"product","link":"https:\/\/staging.megapharm.al\/?product=modeling-paste","title":{"rendered":"Modeling Paste"},"content":{"rendered":"<p>Paste me er\u00eb t\u00eb mesme t\u00eb fort\u00eb. I l\u00eb flok\u00ebt natyrale dhe me trup t\u00eb plot\u00eb. Ideale p\u00ebr t\u00eb siguruar nj\u00eb struktur\u00eb dhe p\u00ebrkufizim m\u00eb t\u00eb madh,<br \/>\nduke mbajtur fleksibilitet t\u00eb lart\u00eb. Pasur me ekstrakt xhenxhefili p\u00ebr nj\u00eb veprim rigjenerues.<br \/>\nSasia: 100 ml<\/p>\n","protected":false},"excerpt":{"rendered":"<p>Paste me er\u00eb t\u00eb mesme t\u00eb fort\u00eb. I l\u00eb flok\u00ebt natyrale dhe me trup t\u00eb plot\u00eb. Ideale p\u00ebr t\u00eb siguruar nj\u00eb struktur\u00eb dhe p\u00ebrkufizim m\u00eb t\u00eb madh,<br \/>\nduke mbajtur fleksibilitet t\u00eb lart\u00eb. Pasur me ekstrakt xhenxhefili p\u00ebr nj\u00eb veprim rigjenerues.<br \/>\nSasia: 100 ml<\/p>\n","protected":false},"featured_media":5846,"comment_status":"open","ping_status":"closed","template":"","meta":[],"product_brand":[],"product_cat":[122],"product_tag":[],"class_list":{"0":"post-6689","1":"product","2":"type-product","3":"status-publish","4":"has-post-thumbnail","6":"product_cat-farmagan","8":"first","9":"instock","10":"shipping-taxable","11":"product-type-simple"},"_links":{"self":[{"href":"https:\/\/staging.megapharm.al\/index.php?rest_route=\/wp\/v2\/product\/6689","targetHints":{"allow":["GET"]}}],"collection":[{"href":"https:\/\/staging.megapharm.al\/index.php?rest_route=\/wp\/v2\/product"}],"about":[{"href":"https:\/\/staging.megapharm.al\/index.php?rest_route=\/wp\/v2\/types\/product"}],"replies":[{"embeddable":true,"href":"https:\/\/staging.megapharm.al\/index.php?rest_route=%2Fwp%2Fv2%2Fcomments&post=6689"}],"wp:featuredmedia":[{"embeddable":true,"href":"https:\/\/staging.megapharm.al\/index.php?rest_route=\/wp\/v2\/media\/5846"}],"wp:attachment":[{"href":"https:\/\/staging.megapharm.al\/index.php?rest_route=%2Fwp%2Fv2%2Fmedia&parent=6689"}],"wp:term":[{"taxonomy":"product_brand","embeddable":true,"href":"https:\/\/staging.megapharm.al\/index.php?rest_route=%2Fwp%2Fv2%2Fproduct_brand&post=6689"},{"taxonomy":"product_cat","embeddable":true,"href":"https:\/\/staging.megapharm.al\/index.php?rest_route=%2Fwp%2Fv2%2Fproduct_cat&post=6689"},{"taxonomy":"product_tag","embeddable":true,"href":"https:\/\/staging.megapharm.al\/index.php?rest_route=%2Fwp%2Fv2%2Fproduct_tag&post=6689"}],"curies":[{"name":"wp","href":"https:\/\/api.w.org\/{rel}","templated":true}]}}