{"id":6685,"date":"2021-01-24T10:38:49","date_gmt":"2021-01-24T10:38:49","guid":{"rendered":"http:\/\/staging.megapharm.al\/\/index.php\/product\/import-placeholder-for-2882\/"},"modified":"2021-01-24T10:38:55","modified_gmt":"2021-01-24T10:38:55","slug":"beard-grooming-oil","status":"publish","type":"product","link":"https:\/\/staging.megapharm.al\/?product=beard-grooming-oil","title":{"rendered":"Beard Grooming Oil"},"content":{"rendered":"<p>P\u00ebrzierja e zgjedhur e vajrave natyral\u00eb, i jep but\u00ebsi mjekr\u00ebs duke mbrojtur struktur\u00ebn e saj t\u00eb keratin\u00ebs. Prania e Vitamin\u00ebs E me vetit\u00eb e njohura zbut\u00ebse dhe antioksiduese kontribuon n\u00eb mbrojtjen e struktur\u00ebs, duke respektuar ekuilibrin e saj natyror. Disa pika t\u00eb k\u00ebtij vaji shum\u00eb t\u00eb pasur leht\u00ebsojn\u00eb krehjen e nj\u00eb mjek\u00ebr t\u00eb mesme ose t\u00eb gjat\u00eb.<br \/>\nSasia: 30 ml<\/p>\n","protected":false},"excerpt":{"rendered":"<p>P\u00ebrzierja e zgjedhur e vajravenatyral\u00eb, ijepbut\u00ebsimjekr\u00ebs duke mbrojturstruktur\u00ebn e sajt\u00ebkeratin\u00ebs. Prania e Vitamin\u00ebs E me vetit\u00eb e njohurazbut\u00ebsedheantioksiduesekontribuonn\u00ebmbrojtjen e struktur\u00ebs, duke respektuarekuilibrin e sajnatyror. Disapikat\u00ebk\u00ebtijvajishum\u00ebt\u00ebpasurleht\u00ebsojn\u00ebkrehjen e nj\u00ebmjek\u00ebrt\u00ebmesmeoset\u00ebgjat\u00eb.<br \/>\nSasia: 30 ml<\/p>\n","protected":false},"featured_media":5842,"comment_status":"open","ping_status":"closed","template":"","meta":[],"product_brand":[],"product_cat":[122],"product_tag":[],"class_list":{"0":"post-6685","1":"product","2":"type-product","3":"status-publish","4":"has-post-thumbnail","6":"product_cat-farmagan","8":"first","9":"instock","10":"shipping-taxable","11":"product-type-simple"},"_links":{"self":[{"href":"https:\/\/staging.megapharm.al\/index.php?rest_route=\/wp\/v2\/product\/6685","targetHints":{"allow":["GET"]}}],"collection":[{"href":"https:\/\/staging.megapharm.al\/index.php?rest_route=\/wp\/v2\/product"}],"about":[{"href":"https:\/\/staging.megapharm.al\/index.php?rest_route=\/wp\/v2\/types\/product"}],"replies":[{"embeddable":true,"href":"https:\/\/staging.megapharm.al\/index.php?rest_route=%2Fwp%2Fv2%2Fcomments&post=6685"}],"wp:featuredmedia":[{"embeddable":true,"href":"https:\/\/staging.megapharm.al\/index.php?rest_route=\/wp\/v2\/media\/5842"}],"wp:attachment":[{"href":"https:\/\/staging.megapharm.al\/index.php?rest_route=%2Fwp%2Fv2%2Fmedia&parent=6685"}],"wp:term":[{"taxonomy":"product_brand","embeddable":true,"href":"https:\/\/staging.megapharm.al\/index.php?rest_route=%2Fwp%2Fv2%2Fproduct_brand&post=6685"},{"taxonomy":"product_cat","embeddable":true,"href":"https:\/\/staging.megapharm.al\/index.php?rest_route=%2Fwp%2Fv2%2Fproduct_cat&post=6685"},{"taxonomy":"product_tag","embeddable":true,"href":"https:\/\/staging.megapharm.al\/index.php?rest_route=%2Fwp%2Fv2%2Fproduct_tag&post=6685"}],"curies":[{"name":"wp","href":"https:\/\/api.w.org\/{rel}","templated":true}]}}