{"id":6684,"date":"2021-01-24T10:38:49","date_gmt":"2021-01-24T10:38:49","guid":{"rendered":"http:\/\/staging.megapharm.al\/\/index.php\/product\/import-placeholder-for-2881\/"},"modified":"2024-10-24T11:22:18","modified_gmt":"2024-10-24T11:22:18","slug":"apres-mieux","status":"publish","type":"product","link":"https:\/\/staging.megapharm.al\/?product=apres-mieux","title":{"rendered":"Apres Mieux"},"content":{"rendered":"<p>Locion hidro-alkoolik q\u00eb p\u00ebrmban vajra esencial\u00eb tonifikues dhe freskues dhe substance active rehidratuese, qet\u00ebsuese dhe anti-inflamatore, me q\u00ebllimin p\u00ebr t\u00eb kontribuar n\u00eb rigjenerimin e shtres\u00ebs t\u00eb l\u00ebkur\u00ebs dhe p\u00ebr t\u00eb qet\u00ebsuar kruajtjen dhe djegien pas rruajtjes.<br \/>\nSasia: 500 ml<\/p>\n","protected":false},"excerpt":{"rendered":"<p>Locion hidro-alkoolik q\u00eb p\u00ebrmban vajra esencial\u00eb tonifikues dhe freskues dhe substance active rehidratuese, qet\u00ebsuese dhe anti-inflamatore, me q\u00ebllimin p\u00ebr t\u00eb kontribuar n\u00eb rigjenerimin e shtres\u00ebs t\u00eb l\u00ebkur\u00ebs dhe p\u00ebr t\u00eb qet\u00ebsuar kruajtjen dhe djegien pas rruajtjes.<br \/>\nSasia: 500 ml<\/p>\n","protected":false},"featured_media":5841,"comment_status":"open","ping_status":"closed","template":"","meta":[],"product_brand":[],"product_cat":[122],"product_tag":[],"class_list":{"0":"post-6684","1":"product","2":"type-product","3":"status-publish","4":"has-post-thumbnail","6":"product_cat-farmagan","8":"first","9":"instock","10":"shipping-taxable","11":"product-type-simple"},"_links":{"self":[{"href":"https:\/\/staging.megapharm.al\/index.php?rest_route=\/wp\/v2\/product\/6684","targetHints":{"allow":["GET"]}}],"collection":[{"href":"https:\/\/staging.megapharm.al\/index.php?rest_route=\/wp\/v2\/product"}],"about":[{"href":"https:\/\/staging.megapharm.al\/index.php?rest_route=\/wp\/v2\/types\/product"}],"replies":[{"embeddable":true,"href":"https:\/\/staging.megapharm.al\/index.php?rest_route=%2Fwp%2Fv2%2Fcomments&post=6684"}],"wp:featuredmedia":[{"embeddable":true,"href":"https:\/\/staging.megapharm.al\/index.php?rest_route=\/wp\/v2\/media\/5841"}],"wp:attachment":[{"href":"https:\/\/staging.megapharm.al\/index.php?rest_route=%2Fwp%2Fv2%2Fmedia&parent=6684"}],"wp:term":[{"taxonomy":"product_brand","embeddable":true,"href":"https:\/\/staging.megapharm.al\/index.php?rest_route=%2Fwp%2Fv2%2Fproduct_brand&post=6684"},{"taxonomy":"product_cat","embeddable":true,"href":"https:\/\/staging.megapharm.al\/index.php?rest_route=%2Fwp%2Fv2%2Fproduct_cat&post=6684"},{"taxonomy":"product_tag","embeddable":true,"href":"https:\/\/staging.megapharm.al\/index.php?rest_route=%2Fwp%2Fv2%2Fproduct_tag&post=6684"}],"curies":[{"name":"wp","href":"https:\/\/api.w.org\/{rel}","templated":true}]}}