{"id":6683,"date":"2021-01-24T10:38:49","date_gmt":"2021-01-24T10:38:49","guid":{"rendered":"http:\/\/staging.megapharm.al\/\/index.php\/product\/import-placeholder-for-2880\/"},"modified":"2021-01-24T10:38:55","modified_gmt":"2021-01-24T10:38:55","slug":"skin-beard-balm","status":"publish","type":"product","link":"https:\/\/staging.megapharm.al\/?product=skin-beard-balm","title":{"rendered":"Skin &amp; Beard Balm"},"content":{"rendered":"<p>Balm ushqyes p\u00ebr l\u00ebkur\u00ebn pas rruajtjes dhe hidratimit p\u00ebr mjekr\u00ebn me gjat\u00ebsi t\u00eb mesme dhe t\u00eb gjat\u00eb.<br \/>\nSasia: 100 ml dhe 7 ml<\/p>\n","protected":false},"excerpt":{"rendered":"<p>Balm ushqyes p\u00ebr l\u00ebkur\u00ebn pas rruajtjes dhe hidratimit p\u00ebr mjekr\u00ebn me gjat\u00ebsi t\u00eb mesme dhe t\u00eb gjat\u00eb.<br \/>\nSasia: 100 ml dhe 7 ml<\/p>\n","protected":false},"featured_media":5840,"comment_status":"open","ping_status":"closed","template":"","meta":[],"product_brand":[],"product_cat":[122],"product_tag":[],"class_list":{"0":"post-6683","1":"product","2":"type-product","3":"status-publish","4":"has-post-thumbnail","6":"product_cat-farmagan","8":"first","9":"instock","10":"shipping-taxable","11":"product-type-simple"},"_links":{"self":[{"href":"https:\/\/staging.megapharm.al\/index.php?rest_route=\/wp\/v2\/product\/6683","targetHints":{"allow":["GET"]}}],"collection":[{"href":"https:\/\/staging.megapharm.al\/index.php?rest_route=\/wp\/v2\/product"}],"about":[{"href":"https:\/\/staging.megapharm.al\/index.php?rest_route=\/wp\/v2\/types\/product"}],"replies":[{"embeddable":true,"href":"https:\/\/staging.megapharm.al\/index.php?rest_route=%2Fwp%2Fv2%2Fcomments&post=6683"}],"wp:featuredmedia":[{"embeddable":true,"href":"https:\/\/staging.megapharm.al\/index.php?rest_route=\/wp\/v2\/media\/5840"}],"wp:attachment":[{"href":"https:\/\/staging.megapharm.al\/index.php?rest_route=%2Fwp%2Fv2%2Fmedia&parent=6683"}],"wp:term":[{"taxonomy":"product_brand","embeddable":true,"href":"https:\/\/staging.megapharm.al\/index.php?rest_route=%2Fwp%2Fv2%2Fproduct_brand&post=6683"},{"taxonomy":"product_cat","embeddable":true,"href":"https:\/\/staging.megapharm.al\/index.php?rest_route=%2Fwp%2Fv2%2Fproduct_cat&post=6683"},{"taxonomy":"product_tag","embeddable":true,"href":"https:\/\/staging.megapharm.al\/index.php?rest_route=%2Fwp%2Fv2%2Fproduct_tag&post=6683"}],"curies":[{"name":"wp","href":"https:\/\/api.w.org\/{rel}","templated":true}]}}