{"id":6681,"date":"2021-01-24T10:38:48","date_gmt":"2021-01-24T10:38:48","guid":{"rendered":"http:\/\/staging.megapharm.al\/\/index.php\/product\/import-placeholder-for-2878\/"},"modified":"2021-01-24T10:38:54","modified_gmt":"2021-01-24T10:38:54","slug":"shaving-cream","status":"publish","type":"product","link":"https:\/\/staging.megapharm.al\/?product=shaving-cream","title":{"rendered":"Shaving Cream"},"content":{"rendered":"<p>Krem rroje me baz\u00eb glicerin\u00eb dhe vaj kokosi, ideal p\u00ebr rruajtje t\u00eb shpesht\u00eb.<br \/>\nI jep nj\u00eb efekt t\u00eb k\u00ebndsh\u00ebm prekjes, duke e l\u00ebn\u00eb l\u00ebkur\u00ebn t\u00eb but\u00eb dhe t\u00eb hidratuar.<br \/>\nSasia: 200 ml<\/p>\n","protected":false},"excerpt":{"rendered":"<p>Krem rroje me baz\u00eb glicerin\u00eb dhe vaj kokosi, ideal p\u00ebr rruajtje t\u00eb shpesht\u00eb.<br \/>\nI jep nj\u00eb efekt t\u00eb k\u00ebndsh\u00ebm prekjes, duke e l\u00ebn\u00eb l\u00ebkur\u00ebn t\u00eb but\u00eb dhe t\u00eb hidratuar.<br \/>\nSasia: 200 ml<\/p>\n","protected":false},"featured_media":5838,"comment_status":"open","ping_status":"closed","template":"","meta":[],"product_brand":[],"product_cat":[122],"product_tag":[],"class_list":{"0":"post-6681","1":"product","2":"type-product","3":"status-publish","4":"has-post-thumbnail","6":"product_cat-farmagan","8":"first","9":"instock","10":"shipping-taxable","11":"product-type-simple"},"_links":{"self":[{"href":"https:\/\/staging.megapharm.al\/index.php?rest_route=\/wp\/v2\/product\/6681","targetHints":{"allow":["GET"]}}],"collection":[{"href":"https:\/\/staging.megapharm.al\/index.php?rest_route=\/wp\/v2\/product"}],"about":[{"href":"https:\/\/staging.megapharm.al\/index.php?rest_route=\/wp\/v2\/types\/product"}],"replies":[{"embeddable":true,"href":"https:\/\/staging.megapharm.al\/index.php?rest_route=%2Fwp%2Fv2%2Fcomments&post=6681"}],"wp:featuredmedia":[{"embeddable":true,"href":"https:\/\/staging.megapharm.al\/index.php?rest_route=\/wp\/v2\/media\/5838"}],"wp:attachment":[{"href":"https:\/\/staging.megapharm.al\/index.php?rest_route=%2Fwp%2Fv2%2Fmedia&parent=6681"}],"wp:term":[{"taxonomy":"product_brand","embeddable":true,"href":"https:\/\/staging.megapharm.al\/index.php?rest_route=%2Fwp%2Fv2%2Fproduct_brand&post=6681"},{"taxonomy":"product_cat","embeddable":true,"href":"https:\/\/staging.megapharm.al\/index.php?rest_route=%2Fwp%2Fv2%2Fproduct_cat&post=6681"},{"taxonomy":"product_tag","embeddable":true,"href":"https:\/\/staging.megapharm.al\/index.php?rest_route=%2Fwp%2Fv2%2Fproduct_tag&post=6681"}],"curies":[{"name":"wp","href":"https:\/\/api.w.org\/{rel}","templated":true}]}}