{"id":6514,"date":"2021-01-24T10:37:12","date_gmt":"2021-01-24T10:37:12","guid":{"rendered":"http:\/\/staging.megapharm.al\/\/index.php\/product\/import-placeholder-for-2708\/"},"modified":"2021-01-24T10:37:18","modified_gmt":"2021-01-24T10:37:18","slug":"eye-contour-gel-mat-effect","status":"publish","type":"product","link":"https:\/\/staging.megapharm.al\/?product=eye-contour-gel-mat-effect","title":{"rendered":"Eye Contour Gel Mat Effect"},"content":{"rendered":"<p>Nj\u00eb xhel i dizenjuar p\u00ebr zon\u00ebn e syve me nj\u00eb tekstur\u00eb t\u00eb fresk\u00ebt dhe t\u00eb leht\u00eb. Zvog\u00eblon xhepat n\u00ebn sy, leht\u00ebson shenjat e lodhjes nd\u00ebrsa ndri\u00e7on pamjen. Efekti i saj mat jep p\u00ebrmir\u00ebsimin e pamjes, koka metalike jep nj\u00eb ndjesi t\u00eb k\u00ebndshme freskie. Me ekstrakte t\u00eb fikut dhe shalqinit.<\/p>\n<p>P\u00ebrdorimi:<br \/>\nAplikojeni at\u00eb n\u00eb zon\u00ebn e syve n\u00eb m\u00ebngjes, mbr\u00ebmje dhe sa her\u00eb q\u00eb shikimi juaj ka nevoj\u00eb p\u00ebr nj\u00eb ngarkes\u00eb energjie dhe freskie.<\/p>\n","protected":false},"excerpt":{"rendered":"<p>Nj\u00eb xhel i dizenjuar p\u00ebr zon\u00ebn e syve me nj\u00eb tekstur\u00eb t\u00eb fresk\u00ebt dhe t\u00eb leht\u00eb. Zvog\u00eblon xhepat n\u00ebn sy, leht\u00ebson shenjat e lodhjes nd\u00ebrsa ndri\u00e7on pamjen. Efekti i saj mat jep p\u00ebrmir\u00ebsimin e pamjes, koka metalike jep nj\u00eb ndjesi t\u00eb k\u00ebndshme freskie. Me ekstrakte t\u00eb fikut dhe shalqinit.<\/p>\n<p>P\u00ebrdorimi:<br \/>\nAplikojeni at\u00eb n\u00eb zon\u00ebn e syve n\u00eb m\u00ebngjes, mbr\u00ebmje dhe sa her\u00eb q\u00eb shikimi juaj ka nevoj\u00eb p\u00ebr nj\u00eb ngarkes\u00eb energjie dhe freskie.<\/p>\n","protected":false},"featured_media":5791,"comment_status":"open","ping_status":"closed","template":"","meta":[],"product_brand":[],"product_cat":[124],"product_tag":[],"class_list":{"0":"post-6514","1":"product","2":"type-product","3":"status-publish","4":"has-post-thumbnail","6":"product_cat-korff","8":"first","9":"instock","10":"shipping-taxable","11":"product-type-simple"},"_links":{"self":[{"href":"https:\/\/staging.megapharm.al\/index.php?rest_route=\/wp\/v2\/product\/6514","targetHints":{"allow":["GET"]}}],"collection":[{"href":"https:\/\/staging.megapharm.al\/index.php?rest_route=\/wp\/v2\/product"}],"about":[{"href":"https:\/\/staging.megapharm.al\/index.php?rest_route=\/wp\/v2\/types\/product"}],"replies":[{"embeddable":true,"href":"https:\/\/staging.megapharm.al\/index.php?rest_route=%2Fwp%2Fv2%2Fcomments&post=6514"}],"wp:featuredmedia":[{"embeddable":true,"href":"https:\/\/staging.megapharm.al\/index.php?rest_route=\/wp\/v2\/media\/5791"}],"wp:attachment":[{"href":"https:\/\/staging.megapharm.al\/index.php?rest_route=%2Fwp%2Fv2%2Fmedia&parent=6514"}],"wp:term":[{"taxonomy":"product_brand","embeddable":true,"href":"https:\/\/staging.megapharm.al\/index.php?rest_route=%2Fwp%2Fv2%2Fproduct_brand&post=6514"},{"taxonomy":"product_cat","embeddable":true,"href":"https:\/\/staging.megapharm.al\/index.php?rest_route=%2Fwp%2Fv2%2Fproduct_cat&post=6514"},{"taxonomy":"product_tag","embeddable":true,"href":"https:\/\/staging.megapharm.al\/index.php?rest_route=%2Fwp%2Fv2%2Fproduct_tag&post=6514"}],"curies":[{"name":"wp","href":"https:\/\/api.w.org\/{rel}","templated":true}]}}