{"id":6513,"date":"2021-01-24T10:37:11","date_gmt":"2021-01-24T10:37:11","guid":{"rendered":"http:\/\/staging.megapharm.al\/\/index.php\/product\/import-placeholder-for-2707\/"},"modified":"2024-10-27T13:38:47","modified_gmt":"2024-10-27T13:38:47","slug":"glitter-face-mask","status":"publish","type":"product","link":"https:\/\/staging.megapharm.al\/?product=glitter-face-mask","title":{"rendered":"Glitter Face Mask"},"content":{"rendered":"<p>Nj\u00eb mask\u00eb e leht\u00eb dhe e ndritshme p\u00ebr fytyr\u00ebn q\u00eb hidraton vet\u00ebm n\u00eb disa minuta. Ajo i siguron l\u00ebkur\u00ebs but\u00ebsi dhe hidratim, si dhe i jep efekt ndrit\u00ebs. Me ekstrakte t\u00eb fikut dhe kajsis\u00eb.<\/p>\n<p>P\u00ebrdorimi:<br \/>\nAplikoni mask\u00ebn nj\u00eb ose disa her\u00eb n\u00eb jav\u00eb n\u00eb t\u00eb gjith\u00eb fytyr\u00ebn. L\u00ebreni p\u00ebr 15 minuta, pastaj hiqni mbetjet me tampon pambuku ose sh\u00ebplajeni fytyr\u00ebn m\u00eb uj\u00eb t\u00eb bollsh\u00ebm.<\/p>\n","protected":false},"excerpt":{"rendered":"<p>Nj\u00eb mask\u00eb e leht\u00eb dhe e ndritshme p\u00ebr fytyr\u00ebn q\u00eb hidraton vet\u00ebm n\u00eb disa minuta. Ajo i siguron l\u00ebkur\u00ebs but\u00ebsi dhe hidratim, si dhe i jep efekt ndrit\u00ebs. Me ekstrakte t\u00eb fikut dhe kajsis\u00eb.<\/p>\n<p>P\u00ebrdorimi:<br \/>\nAplikoni mask\u00ebn nj\u00eb ose disa her\u00eb n\u00eb jav\u00eb n\u00eb t\u00eb gjith\u00eb fytyr\u00ebn. L\u00ebreni p\u00ebr 15 minuta, pastaj hiqni mbetjet me tampon pambuku ose sh\u00ebplajeni fytyr\u00ebn m\u00eb uj\u00eb t\u00eb bollsh\u00ebm.<\/p>\n","protected":false},"featured_media":5790,"comment_status":"open","ping_status":"closed","template":"","meta":[],"product_brand":[],"product_cat":[124],"product_tag":[],"class_list":{"0":"post-6513","1":"product","2":"type-product","3":"status-publish","4":"has-post-thumbnail","6":"product_cat-korff","8":"first","9":"instock","10":"shipping-taxable","11":"product-type-simple"},"_links":{"self":[{"href":"https:\/\/staging.megapharm.al\/index.php?rest_route=\/wp\/v2\/product\/6513","targetHints":{"allow":["GET"]}}],"collection":[{"href":"https:\/\/staging.megapharm.al\/index.php?rest_route=\/wp\/v2\/product"}],"about":[{"href":"https:\/\/staging.megapharm.al\/index.php?rest_route=\/wp\/v2\/types\/product"}],"replies":[{"embeddable":true,"href":"https:\/\/staging.megapharm.al\/index.php?rest_route=%2Fwp%2Fv2%2Fcomments&post=6513"}],"wp:featuredmedia":[{"embeddable":true,"href":"https:\/\/staging.megapharm.al\/index.php?rest_route=\/wp\/v2\/media\/5790"}],"wp:attachment":[{"href":"https:\/\/staging.megapharm.al\/index.php?rest_route=%2Fwp%2Fv2%2Fmedia&parent=6513"}],"wp:term":[{"taxonomy":"product_brand","embeddable":true,"href":"https:\/\/staging.megapharm.al\/index.php?rest_route=%2Fwp%2Fv2%2Fproduct_brand&post=6513"},{"taxonomy":"product_cat","embeddable":true,"href":"https:\/\/staging.megapharm.al\/index.php?rest_route=%2Fwp%2Fv2%2Fproduct_cat&post=6513"},{"taxonomy":"product_tag","embeddable":true,"href":"https:\/\/staging.megapharm.al\/index.php?rest_route=%2Fwp%2Fv2%2Fproduct_tag&post=6513"}],"curies":[{"name":"wp","href":"https:\/\/api.w.org\/{rel}","templated":true}]}}