{"id":6510,"date":"2021-01-24T10:37:11","date_gmt":"2021-01-24T10:37:11","guid":{"rendered":"http:\/\/staging.megapharm.al\/\/index.php\/product\/import-placeholder-for-2704\/"},"modified":"2021-01-24T10:37:17","modified_gmt":"2021-01-24T10:37:17","slug":"cleanser-and-bubble-mask","status":"publish","type":"product","link":"https:\/\/staging.megapharm.al\/?product=cleanser-and-bubble-mask","title":{"rendered":"Cleanser and Bubble Mask"},"content":{"rendered":"<p>Nj\u00eb krem pastrues i but\u00eb q\u00eb n\u00eb vet\u00ebm disa minuta shnd\u00ebrrohet n\u00eb nj\u00eb mask\u00eb flluskash. Pastron dhe hidraton l\u00ebkur\u00ebn, duke dh\u00ebn\u00eb nj\u00eb ndjenj\u00eb freskie dhe rehatie. E p\u00ebrb\u00ebr\u00eb nga ekstraktet e fikut dhe boronic\u00ebs.<\/p>\n","protected":false},"excerpt":{"rendered":"<p>Nj\u00eb krem pastrues i but\u00eb q\u00eb n\u00eb vet\u00ebm disa minuta shnd\u00ebrrohet n\u00eb nj\u00eb mask\u00eb flluskash. Pastron dhe hidraton l\u00ebkur\u00ebn, duke dh\u00ebn\u00eb nj\u00eb ndjenj\u00eb freskie dhe rehatie. E p\u00ebrb\u00ebr\u00eb nga ekstraktet e fikut dhe boronic\u00ebs.<\/p>\n","protected":false},"featured_media":5787,"comment_status":"open","ping_status":"closed","template":"","meta":[],"product_brand":[],"product_cat":[124],"product_tag":[],"class_list":{"0":"post-6510","1":"product","2":"type-product","3":"status-publish","4":"has-post-thumbnail","6":"product_cat-korff","8":"first","9":"instock","10":"shipping-taxable","11":"product-type-simple"},"_links":{"self":[{"href":"https:\/\/staging.megapharm.al\/index.php?rest_route=\/wp\/v2\/product\/6510","targetHints":{"allow":["GET"]}}],"collection":[{"href":"https:\/\/staging.megapharm.al\/index.php?rest_route=\/wp\/v2\/product"}],"about":[{"href":"https:\/\/staging.megapharm.al\/index.php?rest_route=\/wp\/v2\/types\/product"}],"replies":[{"embeddable":true,"href":"https:\/\/staging.megapharm.al\/index.php?rest_route=%2Fwp%2Fv2%2Fcomments&post=6510"}],"wp:featuredmedia":[{"embeddable":true,"href":"https:\/\/staging.megapharm.al\/index.php?rest_route=\/wp\/v2\/media\/5787"}],"wp:attachment":[{"href":"https:\/\/staging.megapharm.al\/index.php?rest_route=%2Fwp%2Fv2%2Fmedia&parent=6510"}],"wp:term":[{"taxonomy":"product_brand","embeddable":true,"href":"https:\/\/staging.megapharm.al\/index.php?rest_route=%2Fwp%2Fv2%2Fproduct_brand&post=6510"},{"taxonomy":"product_cat","embeddable":true,"href":"https:\/\/staging.megapharm.al\/index.php?rest_route=%2Fwp%2Fv2%2Fproduct_cat&post=6510"},{"taxonomy":"product_tag","embeddable":true,"href":"https:\/\/staging.megapharm.al\/index.php?rest_route=%2Fwp%2Fv2%2Fproduct_tag&post=6510"}],"curies":[{"name":"wp","href":"https:\/\/api.w.org\/{rel}","templated":true}]}}