{"id":6509,"date":"2021-01-24T10:37:11","date_gmt":"2021-01-24T10:37:11","guid":{"rendered":"http:\/\/staging.megapharm.al\/\/index.php\/product\/import-placeholder-for-2702\/"},"modified":"2024-10-28T14:49:15","modified_gmt":"2024-10-28T14:49:15","slug":"brush-cleanser","status":"publish","type":"product","link":"https:\/\/staging.megapharm.al\/?product=brush-cleanser","title":{"rendered":"Brush Cleanser"},"content":{"rendered":"<p>Produkt i formuluar p\u00ebr pastrimin e furcave t\u00eb makeup.<br \/>\nP\u00ebrdorimi<br \/>\nP\u00ebr nj\u00eb pastrim t\u00eb p\u00ebrditsh\u00ebm, aplikoni pastruesin n\u00eb nj\u00eb pec\u00ebt\u00eb t\u00eb past\u00ebr dhe m\u00eb pas vendosni furcat duke larguar mbetjet e makeup apo papastertite.<br \/>\nP\u00ebr nj\u00eb pastrim m\u00eb t\u00eb mir\u00eb aplikojeni produktin direkt tek furcat. L\u00ebreni p\u00ebr disa sekonda dhe m\u00eb pas lajini me uj\u00eb t\u00eb bollsh\u00ebm. M\u00eb pas lerini furcat t\u00eb thahen larg ambjenteve t\u00eb ekspozuara ndaj temperaturave t\u00eb larta.<br \/>\nKujdes! Mbajeni produktin larg temperaturave t\u00eb larta.<\/p>\n","protected":false},"excerpt":{"rendered":"<p>Produkt i formuluar p\u00ebr pastrimin e furcave t\u00eb makeup.<br \/>\nP\u00ebrdorimi<br \/>\nP\u00ebr nj\u00eb pastrim t\u00eb p\u00ebrditsh\u00ebm, aplikoni pastruesin n\u00eb nj\u00eb pec\u00ebt\u00eb t\u00eb past\u00ebr dhe m\u00eb pas vendosni furcat duke larguar mbetjet e makeup apo papastertite.<br \/>\nP\u00ebr nj\u00eb pastrim m\u00eb t\u00eb mir\u00eb aplikojeni produktin direkt tek furcat. L\u00ebreni p\u00ebr disa sekonda dhe m\u00eb pas lajini me uj\u00eb t\u00eb bollsh\u00ebm. M\u00eb pas lerini furcat t\u00eb thahen larg ambjenteve t\u00eb ekspozuara ndaj temperaturave t\u00eb larta.<br \/>\nKujdes! Mbajeni produktin larg temperaturave t\u00eb larta.<\/p>\n","protected":false},"featured_media":5786,"comment_status":"open","ping_status":"closed","template":"","meta":[],"product_brand":[],"product_cat":[124],"product_tag":[],"class_list":{"0":"post-6509","1":"product","2":"type-product","3":"status-publish","4":"has-post-thumbnail","6":"product_cat-korff","8":"first","9":"instock","10":"shipping-taxable","11":"product-type-simple"},"_links":{"self":[{"href":"https:\/\/staging.megapharm.al\/index.php?rest_route=\/wp\/v2\/product\/6509","targetHints":{"allow":["GET"]}}],"collection":[{"href":"https:\/\/staging.megapharm.al\/index.php?rest_route=\/wp\/v2\/product"}],"about":[{"href":"https:\/\/staging.megapharm.al\/index.php?rest_route=\/wp\/v2\/types\/product"}],"replies":[{"embeddable":true,"href":"https:\/\/staging.megapharm.al\/index.php?rest_route=%2Fwp%2Fv2%2Fcomments&post=6509"}],"wp:featuredmedia":[{"embeddable":true,"href":"https:\/\/staging.megapharm.al\/index.php?rest_route=\/wp\/v2\/media\/5786"}],"wp:attachment":[{"href":"https:\/\/staging.megapharm.al\/index.php?rest_route=%2Fwp%2Fv2%2Fmedia&parent=6509"}],"wp:term":[{"taxonomy":"product_brand","embeddable":true,"href":"https:\/\/staging.megapharm.al\/index.php?rest_route=%2Fwp%2Fv2%2Fproduct_brand&post=6509"},{"taxonomy":"product_cat","embeddable":true,"href":"https:\/\/staging.megapharm.al\/index.php?rest_route=%2Fwp%2Fv2%2Fproduct_cat&post=6509"},{"taxonomy":"product_tag","embeddable":true,"href":"https:\/\/staging.megapharm.al\/index.php?rest_route=%2Fwp%2Fv2%2Fproduct_tag&post=6509"}],"curies":[{"name":"wp","href":"https:\/\/api.w.org\/{rel}","templated":true}]}}