{"id":6508,"date":"2021-01-24T10:37:11","date_gmt":"2021-01-24T10:37:11","guid":{"rendered":"http:\/\/staging.megapharm.al\/\/index.php\/product\/import-placeholder-for-2701\/"},"modified":"2021-01-24T10:37:16","modified_gmt":"2021-01-24T10:37:16","slug":"lipstick-primer","status":"publish","type":"product","link":"https:\/\/staging.megapharm.al\/?product=lipstick-primer","title":{"rendered":"Lipstick Primer"},"content":{"rendered":"<p>Lipstick Primer \u00ebsht\u00eb nj\u00eb produkt transparent i cili \u00ebsht\u00eb dizenjuar p\u00ebr t\u00eb p\u00ebrmir\u00ebsuar bukurin\u00eb e buz\u00ebve tuaja si dhe p\u00ebr\u00a0 t\u00eb rritur q\u00ebndrueshm\u00ebrin\u00eb e buzekuqit.<br \/>\nP\u00ebr buz\u00eb m\u00eb t\u00eb bukura dhe t\u00eb fresk\u00ebta.<\/p>\n","protected":false},"excerpt":{"rendered":"<p>Lipstick Primer \u00ebsht\u00eb nj\u00eb produkt transparent i cili \u00ebsht\u00eb dizenjuar p\u00ebr t\u00eb p\u00ebrmir\u00ebsuar bukurin\u00eb e buz\u00ebve tuaja si dhe p\u00ebr\u00a0 t\u00eb rritur q\u00ebndrueshm\u00ebrin\u00eb e buzekuqit.<br \/>\nP\u00ebr buz\u00eb m\u00eb t\u00eb bukura dhe t\u00eb fresk\u00ebta.<\/p>\n","protected":false},"featured_media":5785,"comment_status":"open","ping_status":"closed","template":"","meta":[],"product_brand":[],"product_cat":[124],"product_tag":[],"class_list":{"0":"post-6508","1":"product","2":"type-product","3":"status-publish","4":"has-post-thumbnail","6":"product_cat-korff","8":"first","9":"instock","10":"shipping-taxable","11":"product-type-simple"},"_links":{"self":[{"href":"https:\/\/staging.megapharm.al\/index.php?rest_route=\/wp\/v2\/product\/6508","targetHints":{"allow":["GET"]}}],"collection":[{"href":"https:\/\/staging.megapharm.al\/index.php?rest_route=\/wp\/v2\/product"}],"about":[{"href":"https:\/\/staging.megapharm.al\/index.php?rest_route=\/wp\/v2\/types\/product"}],"replies":[{"embeddable":true,"href":"https:\/\/staging.megapharm.al\/index.php?rest_route=%2Fwp%2Fv2%2Fcomments&post=6508"}],"wp:featuredmedia":[{"embeddable":true,"href":"https:\/\/staging.megapharm.al\/index.php?rest_route=\/wp\/v2\/media\/5785"}],"wp:attachment":[{"href":"https:\/\/staging.megapharm.al\/index.php?rest_route=%2Fwp%2Fv2%2Fmedia&parent=6508"}],"wp:term":[{"taxonomy":"product_brand","embeddable":true,"href":"https:\/\/staging.megapharm.al\/index.php?rest_route=%2Fwp%2Fv2%2Fproduct_brand&post=6508"},{"taxonomy":"product_cat","embeddable":true,"href":"https:\/\/staging.megapharm.al\/index.php?rest_route=%2Fwp%2Fv2%2Fproduct_cat&post=6508"},{"taxonomy":"product_tag","embeddable":true,"href":"https:\/\/staging.megapharm.al\/index.php?rest_route=%2Fwp%2Fv2%2Fproduct_tag&post=6508"}],"curies":[{"name":"wp","href":"https:\/\/api.w.org\/{rel}","templated":true}]}}