{"id":6507,"date":"2021-01-24T10:37:11","date_gmt":"2021-01-24T10:37:11","guid":{"rendered":"http:\/\/staging.megapharm.al\/\/index.php\/product\/import-placeholder-for-2700\/"},"modified":"2021-01-24T10:37:16","modified_gmt":"2021-01-24T10:37:16","slug":"matte-lipstick","status":"publish","type":"product","link":"https:\/\/staging.megapharm.al\/?product=matte-lipstick","title":{"rendered":"Matte Lipstick"},"content":{"rendered":"<p>Lipstick me efekt mat. P\u00ebrhapet n\u00eb buz\u00eb p\u00ebr nj\u00eb ngjyr\u00eb t\u00eb menj\u00ebhershme dhe t\u00eb plot\u00eb.<br \/>\nPaketimi n\u00eb form\u00eb trek\u00ebndore siguron sakt\u00ebsi maksimale p\u00ebr nj\u00eb aplikim t\u00eb leht\u00eb.<br \/>\nMatte lipstick vjen n\u00eb 6 ngjyra.<br \/>\nTestuar dermatologjikisht. Testuar p\u00ebr Nikel, Kobalt, Krom, Paladium, M\u00ebrkur dhe Plumb.<br \/>\nPa vajra mineral dhe parafine<br \/>\nSh\u00ebnim: P\u00ebr t\u00eb shp\u00ebrndar\u00eb produktin kthejeni baz\u00ebn e saj vet\u00ebm nj\u00eb her\u00eb n\u00eb drejtimin e akrepave t\u00eb or\u00ebs, pasi baza e buzekuqit \u00ebsht\u00eb e pakthyeshme.<\/p>\n","protected":false},"excerpt":{"rendered":"<p>Lipstick me efekt mat. P\u00ebrhapet n\u00eb buz\u00eb p\u00ebr nj\u00eb ngjyr\u00eb t\u00eb menj\u00ebhershme dhe t\u00eb plot\u00eb.<br \/>\nPaketimi n\u00eb form\u00eb trek\u00ebndore siguron sakt\u00ebsi maksimale p\u00ebr nj\u00eb aplikim t\u00eb leht\u00eb.<br \/>\nMatte lipstick vjen n\u00eb 6 ngjyra.<br \/>\nTestuar dermatologjikisht. Testuar p\u00ebr Nikel, Kobalt, Krom, Paladium, M\u00ebrkur dhe Plumb.<br \/>\nPa vajra mineral dhe parafine<br \/>\nSh\u00ebnim: P\u00ebr t\u00eb shp\u00ebrndar\u00eb produktin kthejeni baz\u00ebn e saj vet\u00ebm nj\u00eb her\u00eb n\u00eb drejtimin e akrepave t\u00eb or\u00ebs, pasi baza e buzekuqit \u00ebsht\u00eb e pakthyeshme.<\/p>\n","protected":false},"featured_media":5784,"comment_status":"open","ping_status":"closed","template":"","meta":[],"product_brand":[],"product_cat":[124],"product_tag":[],"class_list":{"0":"post-6507","1":"product","2":"type-product","3":"status-publish","4":"has-post-thumbnail","6":"product_cat-korff","8":"first","9":"instock","10":"shipping-taxable","11":"product-type-simple"},"_links":{"self":[{"href":"https:\/\/staging.megapharm.al\/index.php?rest_route=\/wp\/v2\/product\/6507","targetHints":{"allow":["GET"]}}],"collection":[{"href":"https:\/\/staging.megapharm.al\/index.php?rest_route=\/wp\/v2\/product"}],"about":[{"href":"https:\/\/staging.megapharm.al\/index.php?rest_route=\/wp\/v2\/types\/product"}],"replies":[{"embeddable":true,"href":"https:\/\/staging.megapharm.al\/index.php?rest_route=%2Fwp%2Fv2%2Fcomments&post=6507"}],"wp:featuredmedia":[{"embeddable":true,"href":"https:\/\/staging.megapharm.al\/index.php?rest_route=\/wp\/v2\/media\/5784"}],"wp:attachment":[{"href":"https:\/\/staging.megapharm.al\/index.php?rest_route=%2Fwp%2Fv2%2Fmedia&parent=6507"}],"wp:term":[{"taxonomy":"product_brand","embeddable":true,"href":"https:\/\/staging.megapharm.al\/index.php?rest_route=%2Fwp%2Fv2%2Fproduct_brand&post=6507"},{"taxonomy":"product_cat","embeddable":true,"href":"https:\/\/staging.megapharm.al\/index.php?rest_route=%2Fwp%2Fv2%2Fproduct_cat&post=6507"},{"taxonomy":"product_tag","embeddable":true,"href":"https:\/\/staging.megapharm.al\/index.php?rest_route=%2Fwp%2Fv2%2Fproduct_tag&post=6507"}],"curies":[{"name":"wp","href":"https:\/\/api.w.org\/{rel}","templated":true}]}}