{"id":6505,"date":"2021-01-24T10:37:10","date_gmt":"2021-01-24T10:37:10","guid":{"rendered":"http:\/\/staging.megapharm.al\/\/index.php\/product\/import-placeholder-for-2698\/"},"modified":"2021-01-24T10:37:16","modified_gmt":"2021-01-24T10:37:16","slug":"lip-pencil","status":"publish","type":"product","link":"https:\/\/staging.megapharm.al\/?product=lip-pencil","title":{"rendered":"Lip Pencil"},"content":{"rendered":"<p>Laps buz\u00ebsh me ngjyr\u00eb t\u00eb plot\u00eb dhe uniforme p\u00ebr t\u00eb konturuar me sakt\u00ebsi buz\u00ebt. I but\u00eb, delikat. Fur\u00e7a ndihmon t\u00eb moduloni intensitetin e ngjyr\u00ebs sipas d\u00ebshir\u00ebs. P\u00ebr buz\u00eb t\u00eb dizenjuara n\u00eb m\u00ebnyr\u00eb perfekte dhe p\u00ebr nj\u00eb pamje t\u00eb sofistikuar dhe elegante.<br \/>\n5 nuanca<\/p>\n","protected":false},"excerpt":{"rendered":"<p>Laps buz\u00ebsh me ngjyr\u00eb t\u00eb plot\u00eb dhe uniforme p\u00ebr t\u00eb konturuar me sakt\u00ebsi buz\u00ebt. I but\u00eb, delikat. Fur\u00e7a ndihmon t\u00eb moduloni intensitetin e ngjyr\u00ebs sipas d\u00ebshir\u00ebs. P\u00ebr buz\u00eb t\u00eb dizenjuara n\u00eb m\u00ebnyr\u00eb perfekte dhe p\u00ebr nj\u00eb pamje t\u00eb sofistikuar dhe elegante.<br \/>\n5 nuanca<\/p>\n","protected":false},"featured_media":5782,"comment_status":"open","ping_status":"closed","template":"","meta":[],"product_brand":[],"product_cat":[124],"product_tag":[],"class_list":{"0":"post-6505","1":"product","2":"type-product","3":"status-publish","4":"has-post-thumbnail","6":"product_cat-korff","8":"first","9":"instock","10":"shipping-taxable","11":"product-type-simple"},"_links":{"self":[{"href":"https:\/\/staging.megapharm.al\/index.php?rest_route=\/wp\/v2\/product\/6505","targetHints":{"allow":["GET"]}}],"collection":[{"href":"https:\/\/staging.megapharm.al\/index.php?rest_route=\/wp\/v2\/product"}],"about":[{"href":"https:\/\/staging.megapharm.al\/index.php?rest_route=\/wp\/v2\/types\/product"}],"replies":[{"embeddable":true,"href":"https:\/\/staging.megapharm.al\/index.php?rest_route=%2Fwp%2Fv2%2Fcomments&post=6505"}],"wp:featuredmedia":[{"embeddable":true,"href":"https:\/\/staging.megapharm.al\/index.php?rest_route=\/wp\/v2\/media\/5782"}],"wp:attachment":[{"href":"https:\/\/staging.megapharm.al\/index.php?rest_route=%2Fwp%2Fv2%2Fmedia&parent=6505"}],"wp:term":[{"taxonomy":"product_brand","embeddable":true,"href":"https:\/\/staging.megapharm.al\/index.php?rest_route=%2Fwp%2Fv2%2Fproduct_brand&post=6505"},{"taxonomy":"product_cat","embeddable":true,"href":"https:\/\/staging.megapharm.al\/index.php?rest_route=%2Fwp%2Fv2%2Fproduct_cat&post=6505"},{"taxonomy":"product_tag","embeddable":true,"href":"https:\/\/staging.megapharm.al\/index.php?rest_route=%2Fwp%2Fv2%2Fproduct_tag&post=6505"}],"curies":[{"name":"wp","href":"https:\/\/api.w.org\/{rel}","templated":true}]}}