{"id":6504,"date":"2021-01-24T10:37:10","date_gmt":"2021-01-24T10:37:10","guid":{"rendered":"http:\/\/staging.megapharm.al\/\/index.php\/product\/import-placeholder-for-2697\/"},"modified":"2021-01-24T10:37:16","modified_gmt":"2021-01-24T10:37:16","slug":"long-lasting-fluid-lipstick","status":"publish","type":"product","link":"https:\/\/staging.megapharm.al\/?product=long-lasting-fluid-lipstick","title":{"rendered":"Long Lasting Fluid Lipstick"},"content":{"rendered":"<p>Buz\u00ebkuq me strukture t\u00eb but\u00eb q\u00eb rr\u00ebshqet n\u00eb buz\u00eb duke i shtuar bukurin\u00eb buz\u00ebqeshjes tuaj. Aplikuesi \u00ebsht\u00eb mjaft komod duke siguruar sakt\u00ebsi maksimale. Zgjat derin\u00eb 12 or\u00eb. Tekstur\u00eb e but\u00eb dhe mjaft komforte.<br \/>\n4 nuanca<br \/>\nPa vajra minerale.<br \/>\nTestuar dermatologjikisht. Testuar p\u00ebr Nikel, Kobalt, Krom, Paladium, M\u00ebrkur dhe Plumb.<\/p>\n","protected":false},"excerpt":{"rendered":"<p>Buz\u00ebkuq me strukture t\u00eb but\u00eb q\u00eb rr\u00ebshqet n\u00eb buz\u00eb duke i shtuar bukurin\u00eb buz\u00ebqeshjes tuaj. Aplikuesi \u00ebsht\u00eb mjaft komod duke siguruar sakt\u00ebsi maksimale. Zgjat derin\u00eb 12 or\u00eb. Tekstur\u00eb e but\u00eb dhe mjaft komforte.<br \/>\n4 nuanca<br \/>\nPa vajra minerale.<br \/>\nTestuar dermatologjikisht. Testuar p\u00ebr Nikel, Kobalt, Krom, Paladium, M\u00ebrkur dhe Plumb.<\/p>\n","protected":false},"featured_media":5781,"comment_status":"open","ping_status":"closed","template":"","meta":[],"product_brand":[],"product_cat":[124],"product_tag":[],"class_list":{"0":"post-6504","1":"product","2":"type-product","3":"status-publish","4":"has-post-thumbnail","6":"product_cat-korff","8":"first","9":"instock","10":"shipping-taxable","11":"product-type-simple"},"_links":{"self":[{"href":"https:\/\/staging.megapharm.al\/index.php?rest_route=\/wp\/v2\/product\/6504","targetHints":{"allow":["GET"]}}],"collection":[{"href":"https:\/\/staging.megapharm.al\/index.php?rest_route=\/wp\/v2\/product"}],"about":[{"href":"https:\/\/staging.megapharm.al\/index.php?rest_route=\/wp\/v2\/types\/product"}],"replies":[{"embeddable":true,"href":"https:\/\/staging.megapharm.al\/index.php?rest_route=%2Fwp%2Fv2%2Fcomments&post=6504"}],"wp:featuredmedia":[{"embeddable":true,"href":"https:\/\/staging.megapharm.al\/index.php?rest_route=\/wp\/v2\/media\/5781"}],"wp:attachment":[{"href":"https:\/\/staging.megapharm.al\/index.php?rest_route=%2Fwp%2Fv2%2Fmedia&parent=6504"}],"wp:term":[{"taxonomy":"product_brand","embeddable":true,"href":"https:\/\/staging.megapharm.al\/index.php?rest_route=%2Fwp%2Fv2%2Fproduct_brand&post=6504"},{"taxonomy":"product_cat","embeddable":true,"href":"https:\/\/staging.megapharm.al\/index.php?rest_route=%2Fwp%2Fv2%2Fproduct_cat&post=6504"},{"taxonomy":"product_tag","embeddable":true,"href":"https:\/\/staging.megapharm.al\/index.php?rest_route=%2Fwp%2Fv2%2Fproduct_tag&post=6504"}],"curies":[{"name":"wp","href":"https:\/\/api.w.org\/{rel}","templated":true}]}}