{"id":6502,"date":"2021-01-24T10:37:10","date_gmt":"2021-01-24T10:37:10","guid":{"rendered":"http:\/\/staging.megapharm.al\/\/index.php\/product\/import-placeholder-for-2695\/"},"modified":"2021-01-24T10:37:15","modified_gmt":"2021-01-24T10:37:15","slug":"moisturising-lip-primer-and-scrub","status":"publish","type":"product","link":"https:\/\/staging.megapharm.al\/?product=moisturising-lip-primer-and-scrub","title":{"rendered":"Moisturising Lip Primer And Scrub"},"content":{"rendered":"<p>Primer dhe Scrub p\u00ebr buz\u00eb n\u00eb nj\u00eb product t\u00eb vet\u00ebm dhe unik. Tekstur\u00eb e but\u00eb dhe delikate. Efekt pastrues delikat q\u00eb zgjat koh\u00ebzgjatjen e buz\u00ebkuqit. I pasur me: Vaj Jojoba, Acid Hialuronik dhe Vitamin\u00eb E t\u00eb cil\u00ebt l\u00ebn\u00eb buz\u00ebt t\u00eb buta dhe t\u00eb hidratuara.<br \/>\nPa parfum.<br \/>\nTestuar klinikisht<br \/>\nHipoalergjik<br \/>\nTestuar p\u00ebr Nikel, Kobalt, Krom, Paladium, M\u00ebrkur dhe Plumb.<\/p>\n","protected":false},"excerpt":{"rendered":"<p>Primer dhe Scrub p\u00ebr buz\u00eb n\u00eb nj\u00eb product t\u00eb vet\u00ebm dhe unik. Tekstur\u00eb e but\u00eb dhe delikate. Efekt pastrues delikat q\u00eb zgjat koh\u00ebzgjatjen e buz\u00ebkuqit. I pasur me: Vaj Jojoba, Acid Hialuronik dhe Vitamin\u00eb E t\u00eb cil\u00ebt l\u00ebn\u00eb buz\u00ebt t\u00eb buta dhe t\u00eb hidratuara.<br \/>\nPa parfum.<br \/>\nTestuar klinikisht<br \/>\nHipoalergjik<br \/>\nTestuar p\u00ebr Nikel, Kobalt, Krom, Paladium, M\u00ebrkur dhe Plumb.<\/p>\n","protected":false},"featured_media":5779,"comment_status":"open","ping_status":"closed","template":"","meta":[],"product_brand":[],"product_cat":[124],"product_tag":[],"class_list":{"0":"post-6502","1":"product","2":"type-product","3":"status-publish","4":"has-post-thumbnail","6":"product_cat-korff","8":"first","9":"instock","10":"shipping-taxable","11":"product-type-simple"},"_links":{"self":[{"href":"https:\/\/staging.megapharm.al\/index.php?rest_route=\/wp\/v2\/product\/6502","targetHints":{"allow":["GET"]}}],"collection":[{"href":"https:\/\/staging.megapharm.al\/index.php?rest_route=\/wp\/v2\/product"}],"about":[{"href":"https:\/\/staging.megapharm.al\/index.php?rest_route=\/wp\/v2\/types\/product"}],"replies":[{"embeddable":true,"href":"https:\/\/staging.megapharm.al\/index.php?rest_route=%2Fwp%2Fv2%2Fcomments&post=6502"}],"wp:featuredmedia":[{"embeddable":true,"href":"https:\/\/staging.megapharm.al\/index.php?rest_route=\/wp\/v2\/media\/5779"}],"wp:attachment":[{"href":"https:\/\/staging.megapharm.al\/index.php?rest_route=%2Fwp%2Fv2%2Fmedia&parent=6502"}],"wp:term":[{"taxonomy":"product_brand","embeddable":true,"href":"https:\/\/staging.megapharm.al\/index.php?rest_route=%2Fwp%2Fv2%2Fproduct_brand&post=6502"},{"taxonomy":"product_cat","embeddable":true,"href":"https:\/\/staging.megapharm.al\/index.php?rest_route=%2Fwp%2Fv2%2Fproduct_cat&post=6502"},{"taxonomy":"product_tag","embeddable":true,"href":"https:\/\/staging.megapharm.al\/index.php?rest_route=%2Fwp%2Fv2%2Fproduct_tag&post=6502"}],"curies":[{"name":"wp","href":"https:\/\/api.w.org\/{rel}","templated":true}]}}