{"id":6500,"date":"2021-01-24T10:37:09","date_gmt":"2021-01-24T10:37:09","guid":{"rendered":"http:\/\/staging.megapharm.al\/\/index.php\/product\/import-placeholder-for-2693\/"},"modified":"2021-01-24T10:37:15","modified_gmt":"2021-01-24T10:37:15","slug":"creamy-eyeshadow","status":"publish","type":"product","link":"https:\/\/staging.megapharm.al\/?product=creamy-eyeshadow","title":{"rendered":"Creamy Eyeshadow"},"content":{"rendered":"<p>Nje struktur\u00eb krem\/xhel unike e cila shnd\u00ebrrohet n\u00eb pluhur n\u00eb kontakt me syt\u00eb. E leht\u00eb, e pasur me perla t\u00eb ndritshme e cila i jep nj\u00eb ndricim natyral syve tuaj.<br \/>\nP\u00ebrb\u00ebrja<br \/>\nAcid Hialuronik<br \/>\nVitamine E<br \/>\nT\u00eb p\u00ebrshtatshme p\u00ebr sy sensitive dhe p\u00ebr p\u00ebrsona t\u00eb cil\u00ebt p\u00ebrdorin lente kontakti.<br \/>\nT\u00eb testuara p\u00ebr Nikel, Kobalt, Krom, Paladium dhe Merkur.<\/p>\n","protected":false},"excerpt":{"rendered":"<p>Nje struktur\u00eb krem\/xhel unike e cila shnd\u00ebrrohet n\u00eb pluhur n\u00eb kontakt me syt\u00eb. E leht\u00eb, e pasur me perla t\u00eb ndritshme e cila i jep nj\u00eb ndricim natyral syve tuaj.<br \/>\nP\u00ebrb\u00ebrja<br \/>\nAcid Hialuronik<br \/>\nVitamine E<br \/>\nT\u00eb p\u00ebrshtatshme p\u00ebr sy sensitive dhe p\u00ebr p\u00ebrsona t\u00eb cil\u00ebt p\u00ebrdorin lente kontakti.<br \/>\nT\u00eb testuara p\u00ebr Nikel, Kobalt, Krom, Paladium dhe Merkur.<\/p>\n","protected":false},"featured_media":5777,"comment_status":"open","ping_status":"closed","template":"","meta":[],"product_brand":[],"product_cat":[124],"product_tag":[],"class_list":{"0":"post-6500","1":"product","2":"type-product","3":"status-publish","4":"has-post-thumbnail","6":"product_cat-korff","8":"first","9":"instock","10":"shipping-taxable","11":"product-type-simple"},"_links":{"self":[{"href":"https:\/\/staging.megapharm.al\/index.php?rest_route=\/wp\/v2\/product\/6500","targetHints":{"allow":["GET"]}}],"collection":[{"href":"https:\/\/staging.megapharm.al\/index.php?rest_route=\/wp\/v2\/product"}],"about":[{"href":"https:\/\/staging.megapharm.al\/index.php?rest_route=\/wp\/v2\/types\/product"}],"replies":[{"embeddable":true,"href":"https:\/\/staging.megapharm.al\/index.php?rest_route=%2Fwp%2Fv2%2Fcomments&post=6500"}],"wp:featuredmedia":[{"embeddable":true,"href":"https:\/\/staging.megapharm.al\/index.php?rest_route=\/wp\/v2\/media\/5777"}],"wp:attachment":[{"href":"https:\/\/staging.megapharm.al\/index.php?rest_route=%2Fwp%2Fv2%2Fmedia&parent=6500"}],"wp:term":[{"taxonomy":"product_brand","embeddable":true,"href":"https:\/\/staging.megapharm.al\/index.php?rest_route=%2Fwp%2Fv2%2Fproduct_brand&post=6500"},{"taxonomy":"product_cat","embeddable":true,"href":"https:\/\/staging.megapharm.al\/index.php?rest_route=%2Fwp%2Fv2%2Fproduct_cat&post=6500"},{"taxonomy":"product_tag","embeddable":true,"href":"https:\/\/staging.megapharm.al\/index.php?rest_route=%2Fwp%2Fv2%2Fproduct_tag&post=6500"}],"curies":[{"name":"wp","href":"https:\/\/api.w.org\/{rel}","templated":true}]}}