{"id":6498,"date":"2021-01-24T10:37:09","date_gmt":"2021-01-24T10:37:09","guid":{"rendered":"http:\/\/staging.megapharm.al\/\/index.php\/product\/import-placeholder-for-2691\/"},"modified":"2024-10-21T19:21:15","modified_gmt":"2024-10-21T19:21:15","slug":"compact-eyeshadow","status":"publish","type":"product","link":"https:\/\/staging.megapharm.al\/?product=compact-eyeshadow","title":{"rendered":"Compact Eyeshadow"},"content":{"rendered":"<p>Pluhura kompakte p\u00ebr syt\u00eb me efekt maksimal.<br \/>\nT\u00eb krijuara p\u00ebr tu vendosur brenda palet\u00ebs Korff.<br \/>\nDermatologjikisht dhe oftalmologjikisht t\u00eb testuara.<br \/>\nT\u00eb p\u00ebrshtatshme p\u00ebr sy sensitive dhe p\u00ebr persona t\u00eb cilet p\u00ebrdorin lente kontakti.<br \/>\nT\u00eb testuara p\u00ebr Nikel, Kobalt, Krom, Paladium dhe Merkur.<\/p>\n","protected":false},"excerpt":{"rendered":"<p>Pluhura kompakte p\u00ebr syt\u00eb me efekt maksimal.<br \/>\nT\u00eb krijuara p\u00ebr tu vendosur brenda palet\u00ebs Korff.<br \/>\nDermatologjikisht dhe oftalmologjikisht t\u00eb testuara.<br \/>\nT\u00eb p\u00ebrshtatshme p\u00ebr sy sensitive dhe p\u00ebr persona t\u00eb cilet p\u00ebrdorin lente kontakti.<br \/>\nT\u00eb testuara p\u00ebr Nikel, Kobalt, Krom, Paladium dhe Merkur.<\/p>\n","protected":false},"featured_media":5775,"comment_status":"open","ping_status":"closed","template":"","meta":[],"product_brand":[],"product_cat":[124],"product_tag":[],"class_list":{"0":"post-6498","1":"product","2":"type-product","3":"status-publish","4":"has-post-thumbnail","6":"product_cat-korff","8":"first","9":"instock","10":"shipping-taxable","11":"product-type-simple"},"_links":{"self":[{"href":"https:\/\/staging.megapharm.al\/index.php?rest_route=\/wp\/v2\/product\/6498","targetHints":{"allow":["GET"]}}],"collection":[{"href":"https:\/\/staging.megapharm.al\/index.php?rest_route=\/wp\/v2\/product"}],"about":[{"href":"https:\/\/staging.megapharm.al\/index.php?rest_route=\/wp\/v2\/types\/product"}],"replies":[{"embeddable":true,"href":"https:\/\/staging.megapharm.al\/index.php?rest_route=%2Fwp%2Fv2%2Fcomments&post=6498"}],"wp:featuredmedia":[{"embeddable":true,"href":"https:\/\/staging.megapharm.al\/index.php?rest_route=\/wp\/v2\/media\/5775"}],"wp:attachment":[{"href":"https:\/\/staging.megapharm.al\/index.php?rest_route=%2Fwp%2Fv2%2Fmedia&parent=6498"}],"wp:term":[{"taxonomy":"product_brand","embeddable":true,"href":"https:\/\/staging.megapharm.al\/index.php?rest_route=%2Fwp%2Fv2%2Fproduct_brand&post=6498"},{"taxonomy":"product_cat","embeddable":true,"href":"https:\/\/staging.megapharm.al\/index.php?rest_route=%2Fwp%2Fv2%2Fproduct_cat&post=6498"},{"taxonomy":"product_tag","embeddable":true,"href":"https:\/\/staging.megapharm.al\/index.php?rest_route=%2Fwp%2Fv2%2Fproduct_tag&post=6498"}],"curies":[{"name":"wp","href":"https:\/\/api.w.org\/{rel}","templated":true}]}}