{"id":6497,"date":"2021-01-24T10:37:08","date_gmt":"2021-01-24T10:37:08","guid":{"rendered":"http:\/\/staging.megapharm.al\/\/index.php\/product\/import-placeholder-for-2690\/"},"modified":"2021-01-24T10:37:14","modified_gmt":"2021-01-24T10:37:14","slug":"korff-vinyl-eyeliner","status":"publish","type":"product","link":"https:\/\/staging.megapharm.al\/?product=korff-vinyl-eyeliner","title":{"rendered":"Korff  Vinyl Eyeliner"},"content":{"rendered":"<p>Peneli waterproof dhe long lasting ideal p\u00ebr nj\u00eb pamje t\u00eb rafinuar dhe joshese.<br \/>\nMaja e but\u00eb e k\u00ebtij peneli b\u00ebn t\u00eb mundur nj\u00eb aplikim t\u00eb thjesht, t\u00eb sakt\u00eb dhe pa rrudhat e krijuara.<br \/>\nRezistent ndaj ujit dhe q\u00ebndrim p\u00ebr nj\u00eb koh\u00eb t\u00eb gjat\u00eb.<br \/>\nEfekt shk\u00eblqyes<br \/>\nPa arom\u00eb<br \/>\nHipoalergjik<br \/>\nI testuar p\u00ebr l\u00ebkurat e ndjeshme si dhe personat t\u00eb cil\u00ebt p\u00ebrdorin lente kontakti<br \/>\nTestuar p\u00ebr Nikel, Krom, Kobalt, Merkur dhe Paladium.<\/p>\n","protected":false},"excerpt":{"rendered":"<p>Peneli waterproof dhe long lasting ideal p\u00ebr nj\u00eb pamje t\u00eb rafinuar dhe joshese.<br \/>\nMaja e but\u00eb e k\u00ebtij peneli b\u00ebn t\u00eb mundur nj\u00eb aplikim t\u00eb thjesht, t\u00eb sakt\u00eb dhe pa rrudhat e krijuara.<br \/>\nRezistent ndaj ujit dhe q\u00ebndrim p\u00ebr nj\u00eb koh\u00eb t\u00eb gjat\u00eb.<br \/>\nEfekt shk\u00eblqyes<br \/>\nPa arom\u00eb<br \/>\nHipoalergjik<br \/>\nI testuar p\u00ebr l\u00ebkurat e ndjeshme si dhe personat t\u00eb cil\u00ebt p\u00ebrdorin lente kontakti<br \/>\nTestuar p\u00ebr Nikel, Krom, Kobalt, Merkur dhe Paladium.<\/p>\n","protected":false},"featured_media":5774,"comment_status":"open","ping_status":"closed","template":"","meta":[],"product_brand":[],"product_cat":[124],"product_tag":[],"class_list":{"0":"post-6497","1":"product","2":"type-product","3":"status-publish","4":"has-post-thumbnail","6":"product_cat-korff","8":"first","9":"instock","10":"shipping-taxable","11":"product-type-simple"},"_links":{"self":[{"href":"https:\/\/staging.megapharm.al\/index.php?rest_route=\/wp\/v2\/product\/6497","targetHints":{"allow":["GET"]}}],"collection":[{"href":"https:\/\/staging.megapharm.al\/index.php?rest_route=\/wp\/v2\/product"}],"about":[{"href":"https:\/\/staging.megapharm.al\/index.php?rest_route=\/wp\/v2\/types\/product"}],"replies":[{"embeddable":true,"href":"https:\/\/staging.megapharm.al\/index.php?rest_route=%2Fwp%2Fv2%2Fcomments&post=6497"}],"wp:featuredmedia":[{"embeddable":true,"href":"https:\/\/staging.megapharm.al\/index.php?rest_route=\/wp\/v2\/media\/5774"}],"wp:attachment":[{"href":"https:\/\/staging.megapharm.al\/index.php?rest_route=%2Fwp%2Fv2%2Fmedia&parent=6497"}],"wp:term":[{"taxonomy":"product_brand","embeddable":true,"href":"https:\/\/staging.megapharm.al\/index.php?rest_route=%2Fwp%2Fv2%2Fproduct_brand&post=6497"},{"taxonomy":"product_cat","embeddable":true,"href":"https:\/\/staging.megapharm.al\/index.php?rest_route=%2Fwp%2Fv2%2Fproduct_cat&post=6497"},{"taxonomy":"product_tag","embeddable":true,"href":"https:\/\/staging.megapharm.al\/index.php?rest_route=%2Fwp%2Fv2%2Fproduct_tag&post=6497"}],"curies":[{"name":"wp","href":"https:\/\/api.w.org\/{rel}","templated":true}]}}