{"id":6496,"date":"2021-01-24T10:37:08","date_gmt":"2021-01-24T10:37:08","guid":{"rendered":"http:\/\/staging.megapharm.al\/\/index.php\/product\/import-placeholder-for-2689\/"},"modified":"2021-01-24T10:37:14","modified_gmt":"2021-01-24T10:37:14","slug":"mascara-eyebrow","status":"publish","type":"product","link":"https:\/\/staging.megapharm.al\/?product=mascara-eyebrow","title":{"rendered":"Mascara Eyebrow"},"content":{"rendered":"<p>Mascara Eyebrow -boja p\u00ebr vetulla e cila vjen s\u00ebbashku me lapsin n\u00eb nj\u00eb paketim t\u00eb vet\u00ebm.<br \/>\nMascara eyebrow definon n\u00eb m\u00ebnyr\u00eb mjaft natyrale vetull\u00ebn tuaj. Lapsi gjithashtu b\u00ebn t\u00eb mundur konturimin e vetull\u00ebs duke qart\u00ebsuar form\u00ebn dhe rregullsin\u00eb e form\u00ebs s\u00eb vetull\u00ebs tuaj.<br \/>\nFurca shp\u00ebrndan n\u00eb m\u00ebnyr\u00eb homogjene dhe uniforme p\u00ebr nj\u00eb rezultat t\u00eb shk\u00eblqyer.<br \/>\nP\u00ebrb\u00ebr\u00ebs kryesor ka vajin e Arganit<br \/>\nProdukti vjen ne 3 ngjyra<\/p>\n","protected":false},"excerpt":{"rendered":"<p>Mascara Eyebrow -boja p\u00ebr vetulla e cila vjen s\u00ebbashku me lapsin n\u00eb nj\u00eb paketim t\u00eb vet\u00ebm.<br \/>\nMascara eyebrow definon n\u00eb m\u00ebnyr\u00eb mjaft natyrale vetull\u00ebn tuaj. Lapsi gjithashtu b\u00ebn t\u00eb mundur konturimin e vetull\u00ebs duke qart\u00ebsuar form\u00ebn dhe rregullsin\u00eb e form\u00ebs s\u00eb vetull\u00ebs tuaj.<br \/>\nFurca shp\u00ebrndan n\u00eb m\u00ebnyr\u00eb homogjene dhe uniforme p\u00ebr nj\u00eb rezultat t\u00eb shk\u00eblqyer.<br \/>\nP\u00ebrb\u00ebr\u00ebs kryesor ka vajin e Arganit<br \/>\nProdukti vjen ne 3 ngjyra<\/p>\n","protected":false},"featured_media":5773,"comment_status":"open","ping_status":"closed","template":"","meta":[],"product_brand":[],"product_cat":[124],"product_tag":[],"class_list":{"0":"post-6496","1":"product","2":"type-product","3":"status-publish","4":"has-post-thumbnail","6":"product_cat-korff","8":"first","9":"instock","10":"shipping-taxable","11":"product-type-simple"},"_links":{"self":[{"href":"https:\/\/staging.megapharm.al\/index.php?rest_route=\/wp\/v2\/product\/6496","targetHints":{"allow":["GET"]}}],"collection":[{"href":"https:\/\/staging.megapharm.al\/index.php?rest_route=\/wp\/v2\/product"}],"about":[{"href":"https:\/\/staging.megapharm.al\/index.php?rest_route=\/wp\/v2\/types\/product"}],"replies":[{"embeddable":true,"href":"https:\/\/staging.megapharm.al\/index.php?rest_route=%2Fwp%2Fv2%2Fcomments&post=6496"}],"wp:featuredmedia":[{"embeddable":true,"href":"https:\/\/staging.megapharm.al\/index.php?rest_route=\/wp\/v2\/media\/5773"}],"wp:attachment":[{"href":"https:\/\/staging.megapharm.al\/index.php?rest_route=%2Fwp%2Fv2%2Fmedia&parent=6496"}],"wp:term":[{"taxonomy":"product_brand","embeddable":true,"href":"https:\/\/staging.megapharm.al\/index.php?rest_route=%2Fwp%2Fv2%2Fproduct_brand&post=6496"},{"taxonomy":"product_cat","embeddable":true,"href":"https:\/\/staging.megapharm.al\/index.php?rest_route=%2Fwp%2Fv2%2Fproduct_cat&post=6496"},{"taxonomy":"product_tag","embeddable":true,"href":"https:\/\/staging.megapharm.al\/index.php?rest_route=%2Fwp%2Fv2%2Fproduct_tag&post=6496"}],"curies":[{"name":"wp","href":"https:\/\/api.w.org\/{rel}","templated":true}]}}