{"id":6494,"date":"2021-01-24T10:37:07","date_gmt":"2021-01-24T10:37:07","guid":{"rendered":"http:\/\/staging.megapharm.al\/\/index.php\/product\/import-placeholder-for-2687\/"},"modified":"2021-01-24T10:37:13","modified_gmt":"2021-01-24T10:37:13","slug":"eye-primer","status":"publish","type":"product","link":"https:\/\/staging.megapharm.al\/?product=eye-primer","title":{"rendered":"Eye Primer"},"content":{"rendered":"<p>Eye Primer \u00ebsht\u00eb nj\u00eb baz\u00eb e mir\u00eb para aplikimit t\u00eb tonit t\u00eb syve dhe p\u00ebrmir\u00ebson koh\u00ebzgjatjen e tij. Ka ngjyr\u00eb neutral dhe \u00ebsht\u00eb i p\u00ebrshtatsh\u00ebm edhe si ndri\u00e7uesI izon\u00ebs s\u00eb sip\u00ebrme t\u00eb syve.<br \/>\nP\u00ebrmban:<br \/>\n\u2022Acid Hialuronik.<br \/>\n\u2022VitamineE.<br \/>\n\u2022Ndri\u00e7on dhe matifikon me vet\u00ebm nj\u00eb aplikim.<br \/>\n\u2022 Rezistent ndaj ujit.<\/p>\n","protected":false},"excerpt":{"rendered":"<p>Eye Primer \u00ebsht\u00eb nj\u00eb baz\u00eb e mir\u00eb para aplikimit t\u00eb tonit t\u00eb syve dhe p\u00ebrmir\u00ebson koh\u00ebzgjatjen e tij. Ka ngjyr\u00eb neutral dhe \u00ebsht\u00eb i p\u00ebrshtatsh\u00ebm edhe si ndri\u00e7uesI izon\u00ebs s\u00eb sip\u00ebrme t\u00eb syve.<br \/>\nP\u00ebrmban:<br \/>\n\u2022Acid Hialuronik.<br \/>\n\u2022VitamineE.<br \/>\n\u2022Ndri\u00e7on dhe matifikon me vet\u00ebm nj\u00eb aplikim.<br \/>\n\u2022 Rezistent ndaj ujit.<\/p>\n","protected":false},"featured_media":5771,"comment_status":"open","ping_status":"closed","template":"","meta":[],"product_brand":[],"product_cat":[124],"product_tag":[],"class_list":{"0":"post-6494","1":"product","2":"type-product","3":"status-publish","4":"has-post-thumbnail","6":"product_cat-korff","8":"first","9":"instock","10":"shipping-taxable","11":"product-type-simple"},"_links":{"self":[{"href":"https:\/\/staging.megapharm.al\/index.php?rest_route=\/wp\/v2\/product\/6494","targetHints":{"allow":["GET"]}}],"collection":[{"href":"https:\/\/staging.megapharm.al\/index.php?rest_route=\/wp\/v2\/product"}],"about":[{"href":"https:\/\/staging.megapharm.al\/index.php?rest_route=\/wp\/v2\/types\/product"}],"replies":[{"embeddable":true,"href":"https:\/\/staging.megapharm.al\/index.php?rest_route=%2Fwp%2Fv2%2Fcomments&post=6494"}],"wp:featuredmedia":[{"embeddable":true,"href":"https:\/\/staging.megapharm.al\/index.php?rest_route=\/wp\/v2\/media\/5771"}],"wp:attachment":[{"href":"https:\/\/staging.megapharm.al\/index.php?rest_route=%2Fwp%2Fv2%2Fmedia&parent=6494"}],"wp:term":[{"taxonomy":"product_brand","embeddable":true,"href":"https:\/\/staging.megapharm.al\/index.php?rest_route=%2Fwp%2Fv2%2Fproduct_brand&post=6494"},{"taxonomy":"product_cat","embeddable":true,"href":"https:\/\/staging.megapharm.al\/index.php?rest_route=%2Fwp%2Fv2%2Fproduct_cat&post=6494"},{"taxonomy":"product_tag","embeddable":true,"href":"https:\/\/staging.megapharm.al\/index.php?rest_route=%2Fwp%2Fv2%2Fproduct_tag&post=6494"}],"curies":[{"name":"wp","href":"https:\/\/api.w.org\/{rel}","templated":true}]}}