{"id":6493,"date":"2021-01-24T10:37:07","date_gmt":"2021-01-24T10:37:07","guid":{"rendered":"http:\/\/staging.megapharm.al\/\/index.php\/product\/import-placeholder-for-2686\/"},"modified":"2021-01-24T10:37:13","modified_gmt":"2021-01-24T10:37:13","slug":"korff-eye-pencil","status":"publish","type":"product","link":"https:\/\/staging.megapharm.al\/?product=korff-eye-pencil","title":{"rendered":"Korff Eye Pencil"},"content":{"rendered":"<p>Lapsi i\u00a0 syve Korff me magjin\u00eb e tij prek\u00ebse b\u00ebn t\u00eb mundur krijimin e hijeve n\u00eb 7 ngjyra t\u00eb ndryshme n\u00eb syt\u00eb tuaj duke i definuar ato.<br \/>\nMbulim mesatar n\u00eb t\u00eb lart\u00eb.<br \/>\n7 nuanca t\u00eb ndryshme.<br \/>\nLapsi p\u00ebrmban dhe nj\u00eb furc\u00eb e cila b\u00ebn t\u00eb mundur p\u00ebrhapjen sa me perfekte t\u00eb tij duke krijuar sfumime dhe duke i b\u00ebr\u00eb syt\u00eb tuaja me t\u00ebrheq\u00ebs.<\/p>\n","protected":false},"excerpt":{"rendered":"<p>Lapsi i\u00a0 syve Korff me magjin\u00eb e tij prek\u00ebse b\u00ebn t\u00eb mundur krijimin e hijeve n\u00eb 7 ngjyra t\u00eb ndryshme n\u00eb syt\u00eb tuaj duke i definuar ato.<br \/>\nMbulim mesatar n\u00eb t\u00eb lart\u00eb.<br \/>\n7 nuanca t\u00eb ndryshme.<br \/>\nLapsi p\u00ebrmban dhe nj\u00eb furc\u00eb e cila b\u00ebn t\u00eb mundur p\u00ebrhapjen sa me perfekte t\u00eb tij duke krijuar sfumime dhe duke i b\u00ebr\u00eb syt\u00eb tuaja me t\u00ebrheq\u00ebs.<\/p>\n","protected":false},"featured_media":5770,"comment_status":"open","ping_status":"closed","template":"","meta":[],"product_brand":[],"product_cat":[124],"product_tag":[],"class_list":{"0":"post-6493","1":"product","2":"type-product","3":"status-publish","4":"has-post-thumbnail","6":"product_cat-korff","8":"first","9":"instock","10":"shipping-taxable","11":"product-type-simple"},"_links":{"self":[{"href":"https:\/\/staging.megapharm.al\/index.php?rest_route=\/wp\/v2\/product\/6493","targetHints":{"allow":["GET"]}}],"collection":[{"href":"https:\/\/staging.megapharm.al\/index.php?rest_route=\/wp\/v2\/product"}],"about":[{"href":"https:\/\/staging.megapharm.al\/index.php?rest_route=\/wp\/v2\/types\/product"}],"replies":[{"embeddable":true,"href":"https:\/\/staging.megapharm.al\/index.php?rest_route=%2Fwp%2Fv2%2Fcomments&post=6493"}],"wp:featuredmedia":[{"embeddable":true,"href":"https:\/\/staging.megapharm.al\/index.php?rest_route=\/wp\/v2\/media\/5770"}],"wp:attachment":[{"href":"https:\/\/staging.megapharm.al\/index.php?rest_route=%2Fwp%2Fv2%2Fmedia&parent=6493"}],"wp:term":[{"taxonomy":"product_brand","embeddable":true,"href":"https:\/\/staging.megapharm.al\/index.php?rest_route=%2Fwp%2Fv2%2Fproduct_brand&post=6493"},{"taxonomy":"product_cat","embeddable":true,"href":"https:\/\/staging.megapharm.al\/index.php?rest_route=%2Fwp%2Fv2%2Fproduct_cat&post=6493"},{"taxonomy":"product_tag","embeddable":true,"href":"https:\/\/staging.megapharm.al\/index.php?rest_route=%2Fwp%2Fv2%2Fproduct_tag&post=6493"}],"curies":[{"name":"wp","href":"https:\/\/api.w.org\/{rel}","templated":true}]}}