{"id":6492,"date":"2021-01-24T10:36:58","date_gmt":"2021-01-24T10:36:58","guid":{"rendered":"http:\/\/staging.megapharm.al\/\/index.php\/product\/import-placeholder-for-2685\/"},"modified":"2021-01-24T10:37:05","modified_gmt":"2021-01-24T10:37:05","slug":"intensity-volume-mascara","status":"publish","type":"product","link":"https:\/\/staging.megapharm.al\/?product=intensity-volume-mascara","title":{"rendered":"Intensity Volume Mascara"},"content":{"rendered":"<p>P\u00ebr qerpik\u00eb me efekt volumizues t\u00eb menj\u00ebhersh\u00ebm. Formuluar me Acid Hialuronik dhe Vitamin\u00eb E, i p\u00ebrshtatsh\u00ebm p\u00ebr syt\u00eb m\u00eb t\u00eb ndjesh\u00ebm. Tekstur\u00eb kremoze e cila mbulon qerpik\u00ebt 360 grad\u00eb.<\/p>\n<p>Rezultati: shikim intensiv, i thell\u00eb, qerpik\u00eb t\u00eb but\u00eb, t\u00eb leht\u00eb dhe fleksib\u00ebl. I p\u00ebrshtatsh\u00ebm edhe p\u00ebr ato t\u00eb cil\u00ebt mbajn\u00eb lente kontakti.<br \/>\nPa parfum.<br \/>\nTestuar dermatologjikisht dhe oftalmologjikisht. Testuar p\u00ebr Nikel, Kobalt, Krom, Paladium dhe M\u00ebrkur.<\/p>\n","protected":false},"excerpt":{"rendered":"<p>P\u00ebr qerpik\u00eb me efekt volumizues t\u00eb menj\u00ebhersh\u00ebm. Formuluar me Acid Hialuronik dhe Vitamin\u00eb E, i p\u00ebrshtatsh\u00ebm p\u00ebr syt\u00eb m\u00eb t\u00eb ndjesh\u00ebm. Tekstur\u00eb kremoze e cila mbulon qerpik\u00ebt 360 grad\u00eb.<\/p>\n<p>Rezultati: shikim intensiv, i thell\u00eb, qerpik\u00eb t\u00eb but\u00eb, t\u00eb leht\u00eb dhe fleksib\u00ebl. I p\u00ebrshtatsh\u00ebm edhe p\u00ebr ato t\u00eb cil\u00ebt mbajn\u00eb lente kontakti.<br \/>\nPa parfum.<br \/>\nTestuar dermatologjikisht dhe oftalmologjikisht. Testuar p\u00ebr Nikel, Kobalt, Krom, Paladium dhe M\u00ebrkur.<\/p>\n","protected":false},"featured_media":5769,"comment_status":"open","ping_status":"closed","template":"","meta":[],"product_brand":[],"product_cat":[124],"product_tag":[],"class_list":{"0":"post-6492","1":"product","2":"type-product","3":"status-publish","4":"has-post-thumbnail","6":"product_cat-korff","8":"first","9":"instock","10":"shipping-taxable","11":"product-type-simple"},"_links":{"self":[{"href":"https:\/\/staging.megapharm.al\/index.php?rest_route=\/wp\/v2\/product\/6492","targetHints":{"allow":["GET"]}}],"collection":[{"href":"https:\/\/staging.megapharm.al\/index.php?rest_route=\/wp\/v2\/product"}],"about":[{"href":"https:\/\/staging.megapharm.al\/index.php?rest_route=\/wp\/v2\/types\/product"}],"replies":[{"embeddable":true,"href":"https:\/\/staging.megapharm.al\/index.php?rest_route=%2Fwp%2Fv2%2Fcomments&post=6492"}],"wp:featuredmedia":[{"embeddable":true,"href":"https:\/\/staging.megapharm.al\/index.php?rest_route=\/wp\/v2\/media\/5769"}],"wp:attachment":[{"href":"https:\/\/staging.megapharm.al\/index.php?rest_route=%2Fwp%2Fv2%2Fmedia&parent=6492"}],"wp:term":[{"taxonomy":"product_brand","embeddable":true,"href":"https:\/\/staging.megapharm.al\/index.php?rest_route=%2Fwp%2Fv2%2Fproduct_brand&post=6492"},{"taxonomy":"product_cat","embeddable":true,"href":"https:\/\/staging.megapharm.al\/index.php?rest_route=%2Fwp%2Fv2%2Fproduct_cat&post=6492"},{"taxonomy":"product_tag","embeddable":true,"href":"https:\/\/staging.megapharm.al\/index.php?rest_route=%2Fwp%2Fv2%2Fproduct_tag&post=6492"}],"curies":[{"name":"wp","href":"https:\/\/api.w.org\/{rel}","templated":true}]}}