{"id":6491,"date":"2021-01-24T10:36:58","date_gmt":"2021-01-24T10:36:58","guid":{"rendered":"http:\/\/staging.megapharm.al\/\/index.php\/product\/import-placeholder-for-2684\/"},"modified":"2021-01-24T10:37:05","modified_gmt":"2021-01-24T10:37:05","slug":"high-definition-definition-mascara","status":"publish","type":"product","link":"https:\/\/staging.megapharm.al\/?product=high-definition-definition-mascara","title":{"rendered":"High Definition Definition Mascara"},"content":{"rendered":"<p>High Definition Definition Mascara i cili siguron gjat\u00ebsi dhe volum qerpik\u00ebve m\u00eb t\u00eb shkurt\u00ebr. Formul\u00eb e pasur me Acid Hialuronik dheVitamin\u00eb E, siguron nj\u00eb aplikim homogjen dhe pa mbetje. Tecno-aplikatori kthen dhe jep volum t\u00eb gjith\u00eb tipeve t\u00eb qerpik\u00ebve. Zgjat deri n\u00eb 10 or\u00eb.<br \/>\nPa parfum.<br \/>\nTestuar dermatologjikisht dhe oftalmologjikisht. Testuar p\u00ebr Nikel, Kobalt, Krom, Paladium dhe M\u00ebrkur.<\/p>\n","protected":false},"excerpt":{"rendered":"<p>High Definition Definition Mascara i cili siguron gjat\u00ebsi dhe volum qerpik\u00ebve m\u00eb t\u00eb shkurt\u00ebr. Formul\u00eb e pasur me Acid Hialuronik dheVitamin\u00eb E, siguron nj\u00eb aplikim homogjen dhe pa mbetje. Tecno-aplikatori kthen dhe jep volum t\u00eb gjith\u00eb tipeve t\u00eb qerpik\u00ebve. Zgjat deri n\u00eb 10 or\u00eb.<br \/>\nPa parfum.<br \/>\nTestuar dermatologjikisht dhe oftalmologjikisht. Testuar p\u00ebr Nikel, Kobalt, Krom, Paladium dhe M\u00ebrkur.<\/p>\n","protected":false},"featured_media":5768,"comment_status":"open","ping_status":"closed","template":"","meta":[],"product_brand":[],"product_cat":[124],"product_tag":[],"class_list":{"0":"post-6491","1":"product","2":"type-product","3":"status-publish","4":"has-post-thumbnail","6":"product_cat-korff","8":"first","9":"instock","10":"shipping-taxable","11":"product-type-simple"},"_links":{"self":[{"href":"https:\/\/staging.megapharm.al\/index.php?rest_route=\/wp\/v2\/product\/6491","targetHints":{"allow":["GET"]}}],"collection":[{"href":"https:\/\/staging.megapharm.al\/index.php?rest_route=\/wp\/v2\/product"}],"about":[{"href":"https:\/\/staging.megapharm.al\/index.php?rest_route=\/wp\/v2\/types\/product"}],"replies":[{"embeddable":true,"href":"https:\/\/staging.megapharm.al\/index.php?rest_route=%2Fwp%2Fv2%2Fcomments&post=6491"}],"wp:featuredmedia":[{"embeddable":true,"href":"https:\/\/staging.megapharm.al\/index.php?rest_route=\/wp\/v2\/media\/5768"}],"wp:attachment":[{"href":"https:\/\/staging.megapharm.al\/index.php?rest_route=%2Fwp%2Fv2%2Fmedia&parent=6491"}],"wp:term":[{"taxonomy":"product_brand","embeddable":true,"href":"https:\/\/staging.megapharm.al\/index.php?rest_route=%2Fwp%2Fv2%2Fproduct_brand&post=6491"},{"taxonomy":"product_cat","embeddable":true,"href":"https:\/\/staging.megapharm.al\/index.php?rest_route=%2Fwp%2Fv2%2Fproduct_cat&post=6491"},{"taxonomy":"product_tag","embeddable":true,"href":"https:\/\/staging.megapharm.al\/index.php?rest_route=%2Fwp%2Fv2%2Fproduct_tag&post=6491"}],"curies":[{"name":"wp","href":"https:\/\/api.w.org\/{rel}","templated":true}]}}