{"id":6487,"date":"2021-01-24T10:36:57","date_gmt":"2021-01-24T10:36:57","guid":{"rendered":"http:\/\/staging.megapharm.al\/\/index.php\/product\/import-placeholder-for-2680\/"},"modified":"2021-01-24T10:37:04","modified_gmt":"2021-01-24T10:37:04","slug":"uniforming-concealer","status":"publish","type":"product","link":"https:\/\/staging.megapharm.al\/?product=uniforming-concealer","title":{"rendered":"Uniforming Concealer"},"content":{"rendered":"<p>Korrektor n\u00eb form\u00eb stilolapsi elegant n\u00eb ngjyr\u00eb argjendi i krijuar p\u00ebr t\u00eb minimizuar rrath\u00ebt e err\u00ebt t\u00eb syve, linjat e im\u00ebta apo cdo imperfeksion tjet\u00ebr n\u00eb k\u00ebt\u00eb zon\u00eb. Mjaft i leht\u00eb p\u00ebr tu aplikuar dhe \u00ebsht\u00eb ideal t\u00eb rip\u00ebrdoret edhe gjat\u00eb dit\u00ebs.<br \/>\n\u2022Formul\u00eb e pasur me acid hialuronik, Vitamin\u00eb E dhe Albizia Julibrissinis p\u00ebr nj\u00eb l\u00ebkur\u00eb t\u00eb relaksuar dhe t\u00eb fresk\u00ebt.<br \/>\n\u2022 Mbulon n\u00eb m\u00ebnyr\u00eb t\u00eb p\u00ebrkryer.<br \/>\n\u2022Pluhurat soft-focus minimizojn\u00eb imperfeksionet.<br \/>\n\u2022 3 ngjyra<br \/>\nPa arom\u00eb.<br \/>\nTestuar dermatologjikisht<br \/>\nTestuar p\u00ebrNikel, Kobalt, Krom, Paladium dhe M\u00ebrkur.<br \/>\nKorff Mascaras<\/p>\n","protected":false},"excerpt":{"rendered":"<p>Korrektor n\u00eb form\u00eb stilolapsi elegant n\u00eb ngjyr\u00eb argjendi i krijuar p\u00ebr t\u00eb minimizuar rrath\u00ebt e err\u00ebt t\u00eb syve, linjat e im\u00ebta apo cdo imperfeksion tjet\u00ebr n\u00eb k\u00ebt\u00eb zon\u00eb. Mjaft i leht\u00eb p\u00ebr tu aplikuar dhe \u00ebsht\u00eb ideal t\u00eb rip\u00ebrdoret edhe gjat\u00eb dit\u00ebs.<br \/>\n\u2022Formul\u00eb e pasur me acid hialuronik, Vitamin\u00eb E dhe Albizia Julibrissinis p\u00ebr nj\u00eb l\u00ebkur\u00eb t\u00eb relaksuar dhe t\u00eb fresk\u00ebt.<br \/>\n\u2022 Mbulon n\u00eb m\u00ebnyr\u00eb t\u00eb p\u00ebrkryer.<br \/>\n\u2022Pluhurat soft-focus minimizojn\u00eb imperfeksionet.<br \/>\n\u2022 3 ngjyra<br \/>\nPa arom\u00eb.<br \/>\nTestuar dermatologjikisht<br \/>\nTestuar p\u00ebrNikel, Kobalt, Krom, Paladium dhe M\u00ebrkur.<br \/>\nKorff Mascaras<\/p>\n","protected":false},"featured_media":5764,"comment_status":"open","ping_status":"closed","template":"","meta":[],"product_brand":[],"product_cat":[124],"product_tag":[],"class_list":{"0":"post-6487","1":"product","2":"type-product","3":"status-publish","4":"has-post-thumbnail","6":"product_cat-korff","8":"first","9":"instock","10":"shipping-taxable","11":"product-type-simple"},"_links":{"self":[{"href":"https:\/\/staging.megapharm.al\/index.php?rest_route=\/wp\/v2\/product\/6487","targetHints":{"allow":["GET"]}}],"collection":[{"href":"https:\/\/staging.megapharm.al\/index.php?rest_route=\/wp\/v2\/product"}],"about":[{"href":"https:\/\/staging.megapharm.al\/index.php?rest_route=\/wp\/v2\/types\/product"}],"replies":[{"embeddable":true,"href":"https:\/\/staging.megapharm.al\/index.php?rest_route=%2Fwp%2Fv2%2Fcomments&post=6487"}],"wp:featuredmedia":[{"embeddable":true,"href":"https:\/\/staging.megapharm.al\/index.php?rest_route=\/wp\/v2\/media\/5764"}],"wp:attachment":[{"href":"https:\/\/staging.megapharm.al\/index.php?rest_route=%2Fwp%2Fv2%2Fmedia&parent=6487"}],"wp:term":[{"taxonomy":"product_brand","embeddable":true,"href":"https:\/\/staging.megapharm.al\/index.php?rest_route=%2Fwp%2Fv2%2Fproduct_brand&post=6487"},{"taxonomy":"product_cat","embeddable":true,"href":"https:\/\/staging.megapharm.al\/index.php?rest_route=%2Fwp%2Fv2%2Fproduct_cat&post=6487"},{"taxonomy":"product_tag","embeddable":true,"href":"https:\/\/staging.megapharm.al\/index.php?rest_route=%2Fwp%2Fv2%2Fproduct_tag&post=6487"}],"curies":[{"name":"wp","href":"https:\/\/api.w.org\/{rel}","templated":true}]}}