{"id":6485,"date":"2021-01-24T10:36:56","date_gmt":"2021-01-24T10:36:56","guid":{"rendered":"http:\/\/staging.megapharm.al\/\/index.php\/product\/import-placeholder-for-2678\/"},"modified":"2021-01-24T10:37:04","modified_gmt":"2021-01-24T10:37:04","slug":"bronzer-ne-forme-pluhuri-kompakt","status":"publish","type":"product","link":"https:\/\/staging.megapharm.al\/?product=bronzer-ne-forme-pluhuri-kompakt","title":{"rendered":"Bronzer ne forme pluhuri kompakt"},"content":{"rendered":"<p>Bronzer n\u00eb form\u00eb pluhuri kompakt, i pasur me Acid Hyaluronic, Vitamina E dhe C, Lutein t\u00eb cilat garantojn\u00eb nj\u00eb prekje t\u00eb but\u00eb.<br \/>\n\u2022 Zbut dhe ndricon l\u00ebkur\u00ebn<br \/>\n\u2022 Ka nj\u00eb efekt natyral dhe rrezellites<br \/>\n\u2022 2 nuanca<\/p>\n","protected":false},"excerpt":{"rendered":"<p>Bronzer n\u00eb form\u00eb pluhuri kompakt, i pasur me Acid Hyaluronic, Vitamina E dhe C, Lutein t\u00eb cilat garantojn\u00eb nj\u00eb prekje t\u00eb but\u00eb.<br \/>\n\u2022 Zbut dhe ndricon l\u00ebkur\u00ebn<br \/>\n\u2022 Ka nj\u00eb efekt natyral dhe rrezellites<br \/>\n\u2022 2 nuanca<\/p>\n","protected":false},"featured_media":5762,"comment_status":"open","ping_status":"closed","template":"","meta":[],"product_brand":[],"product_cat":[124],"product_tag":[],"class_list":{"0":"post-6485","1":"product","2":"type-product","3":"status-publish","4":"has-post-thumbnail","6":"product_cat-korff","8":"first","9":"instock","10":"shipping-taxable","11":"product-type-simple"},"_links":{"self":[{"href":"https:\/\/staging.megapharm.al\/index.php?rest_route=\/wp\/v2\/product\/6485","targetHints":{"allow":["GET"]}}],"collection":[{"href":"https:\/\/staging.megapharm.al\/index.php?rest_route=\/wp\/v2\/product"}],"about":[{"href":"https:\/\/staging.megapharm.al\/index.php?rest_route=\/wp\/v2\/types\/product"}],"replies":[{"embeddable":true,"href":"https:\/\/staging.megapharm.al\/index.php?rest_route=%2Fwp%2Fv2%2Fcomments&post=6485"}],"wp:featuredmedia":[{"embeddable":true,"href":"https:\/\/staging.megapharm.al\/index.php?rest_route=\/wp\/v2\/media\/5762"}],"wp:attachment":[{"href":"https:\/\/staging.megapharm.al\/index.php?rest_route=%2Fwp%2Fv2%2Fmedia&parent=6485"}],"wp:term":[{"taxonomy":"product_brand","embeddable":true,"href":"https:\/\/staging.megapharm.al\/index.php?rest_route=%2Fwp%2Fv2%2Fproduct_brand&post=6485"},{"taxonomy":"product_cat","embeddable":true,"href":"https:\/\/staging.megapharm.al\/index.php?rest_route=%2Fwp%2Fv2%2Fproduct_cat&post=6485"},{"taxonomy":"product_tag","embeddable":true,"href":"https:\/\/staging.megapharm.al\/index.php?rest_route=%2Fwp%2Fv2%2Fproduct_tag&post=6485"}],"curies":[{"name":"wp","href":"https:\/\/api.w.org\/{rel}","templated":true}]}}