{"id":6484,"date":"2021-01-24T10:36:56","date_gmt":"2021-01-24T10:36:56","guid":{"rendered":"http:\/\/staging.megapharm.al\/\/index.php\/product\/import-placeholder-for-2677\/"},"modified":"2021-01-24T10:37:03","modified_gmt":"2021-01-24T10:37:03","slug":"evening-compact-powder","status":"publish","type":"product","link":"https:\/\/staging.megapharm.al\/?product=evening-compact-powder","title":{"rendered":"Evening Compact Powder"},"content":{"rendered":"<p>Pluhur i leht\u00eb, i but\u00eb i cili p\u00ebrshtatet mjaft mire n\u00eb fytyr\u00eb, fiksues i make-up-it. I pasur me Acid Hialuronik, Vitamin\u00eb E dhe C, Luteine dhe nj\u00eb p\u00ebrb\u00ebr\u00ebs aktiv i cili jep rehati maksimale l\u00ebkur\u00ebs.<br \/>\n\u2022Fikson make-up.<br \/>\n\u2022Redukton pamjen e poreve, rrudhave dhe imperfeksioneve.<br \/>\n\u2022L\u00ebkur\u00eb uniforme dhe e ndritshme.<br \/>\nPa vajra minerale.<br \/>\nTestuar dermatologjiksht. Testuar p\u00ebrNikel, Kobalt, Krom, Paladium dhe M\u00ebrkur.<\/p>\n","protected":false},"excerpt":{"rendered":"<p>Pluhur i leht\u00eb, i but\u00eb i cili p\u00ebrshtatet mjaft mire n\u00eb fytyr\u00eb, fiksues i make-up-it. I pasur me Acid Hialuronik, Vitamin\u00eb E dhe C, Luteine dhe nj\u00eb p\u00ebrb\u00ebr\u00ebs aktiv i cili jep rehati maksimale l\u00ebkur\u00ebs.<br \/>\n\u2022Fikson make-up.<br \/>\n\u2022Redukton pamjen e poreve, rrudhave dhe imperfeksioneve.<br \/>\n\u2022L\u00ebkur\u00eb uniforme dhe e ndritshme.<br \/>\nPa vajra minerale.<br \/>\nTestuar dermatologjiksht. Testuar p\u00ebrNikel, Kobalt, Krom, Paladium dhe M\u00ebrkur.<\/p>\n","protected":false},"featured_media":5761,"comment_status":"open","ping_status":"closed","template":"","meta":[],"product_brand":[],"product_cat":[124],"product_tag":[],"class_list":{"0":"post-6484","1":"product","2":"type-product","3":"status-publish","4":"has-post-thumbnail","6":"product_cat-korff","8":"first","9":"instock","10":"shipping-taxable","11":"product-type-simple"},"_links":{"self":[{"href":"https:\/\/staging.megapharm.al\/index.php?rest_route=\/wp\/v2\/product\/6484","targetHints":{"allow":["GET"]}}],"collection":[{"href":"https:\/\/staging.megapharm.al\/index.php?rest_route=\/wp\/v2\/product"}],"about":[{"href":"https:\/\/staging.megapharm.al\/index.php?rest_route=\/wp\/v2\/types\/product"}],"replies":[{"embeddable":true,"href":"https:\/\/staging.megapharm.al\/index.php?rest_route=%2Fwp%2Fv2%2Fcomments&post=6484"}],"wp:featuredmedia":[{"embeddable":true,"href":"https:\/\/staging.megapharm.al\/index.php?rest_route=\/wp\/v2\/media\/5761"}],"wp:attachment":[{"href":"https:\/\/staging.megapharm.al\/index.php?rest_route=%2Fwp%2Fv2%2Fmedia&parent=6484"}],"wp:term":[{"taxonomy":"product_brand","embeddable":true,"href":"https:\/\/staging.megapharm.al\/index.php?rest_route=%2Fwp%2Fv2%2Fproduct_brand&post=6484"},{"taxonomy":"product_cat","embeddable":true,"href":"https:\/\/staging.megapharm.al\/index.php?rest_route=%2Fwp%2Fv2%2Fproduct_cat&post=6484"},{"taxonomy":"product_tag","embeddable":true,"href":"https:\/\/staging.megapharm.al\/index.php?rest_route=%2Fwp%2Fv2%2Fproduct_tag&post=6484"}],"curies":[{"name":"wp","href":"https:\/\/api.w.org\/{rel}","templated":true}]}}