{"id":6483,"date":"2021-01-24T10:36:56","date_gmt":"2021-01-24T10:36:56","guid":{"rendered":"http:\/\/staging.megapharm.al\/\/index.php\/product\/import-placeholder-for-2676\/"},"modified":"2021-01-24T10:37:03","modified_gmt":"2021-01-24T10:37:03","slug":"illuminating-compact-blush","status":"publish","type":"product","link":"https:\/\/staging.megapharm.al\/?product=illuminating-compact-blush","title":{"rendered":"Illuminating Compact Blush"},"content":{"rendered":"<p>Pluhur kompakt i leht\u00eb i pasur me Acid Hialuronik, Vitamin\u00eb E dhe C, Luteina dhe nj\u00eb p\u00ebrzierje t\u00eb bim\u00ebve t\u00ebcil\u00ebt sigurojn\u00eb nj\u00eb kontakt t\u00eb but\u00eb dhe t\u00eb rehatsh\u00ebm dhe e b\u00ebjn\u00eb l\u00ebkur\u00ebn t\u00eb but\u00eb. Fytyra merr nj\u00eb ngjyr\u00eb t\u00eb sh\u00ebndetshme dhe rrezatuese.<br \/>\nPa vajra minerale.<br \/>\nProdukt I cili vjen ne 4 nuanca.<br \/>\nTestuardermatologjikisht. Testuar p\u00ebr Nikel, Kobalt, Krom, Paladium dhe M\u00ebrkur.<\/p>\n","protected":false},"excerpt":{"rendered":"<p>Pluhur kompakt i leht\u00eb i pasur me Acid Hialuronik, Vitamin\u00eb E dhe C, Luteina dhe nj\u00eb p\u00ebrzierje t\u00eb bim\u00ebve t\u00ebcil\u00ebt sigurojn\u00eb nj\u00eb kontakt t\u00eb but\u00eb dhe t\u00eb rehatsh\u00ebm dhe e b\u00ebjn\u00eb l\u00ebkur\u00ebn t\u00eb but\u00eb. Fytyra merr nj\u00eb ngjyr\u00eb t\u00eb sh\u00ebndetshme dhe rrezatuese.<br \/>\nPa vajra minerale.<br \/>\nProdukt I cili vjen ne 4 nuanca.<br \/>\nTestuardermatologjikisht. Testuar p\u00ebr Nikel, Kobalt, Krom, Paladium dhe M\u00ebrkur.<\/p>\n","protected":false},"featured_media":5760,"comment_status":"open","ping_status":"closed","template":"","meta":[],"product_brand":[],"product_cat":[124],"product_tag":[],"class_list":{"0":"post-6483","1":"product","2":"type-product","3":"status-publish","4":"has-post-thumbnail","6":"product_cat-korff","8":"first","9":"instock","10":"shipping-taxable","11":"product-type-simple"},"_links":{"self":[{"href":"https:\/\/staging.megapharm.al\/index.php?rest_route=\/wp\/v2\/product\/6483","targetHints":{"allow":["GET"]}}],"collection":[{"href":"https:\/\/staging.megapharm.al\/index.php?rest_route=\/wp\/v2\/product"}],"about":[{"href":"https:\/\/staging.megapharm.al\/index.php?rest_route=\/wp\/v2\/types\/product"}],"replies":[{"embeddable":true,"href":"https:\/\/staging.megapharm.al\/index.php?rest_route=%2Fwp%2Fv2%2Fcomments&post=6483"}],"wp:featuredmedia":[{"embeddable":true,"href":"https:\/\/staging.megapharm.al\/index.php?rest_route=\/wp\/v2\/media\/5760"}],"wp:attachment":[{"href":"https:\/\/staging.megapharm.al\/index.php?rest_route=%2Fwp%2Fv2%2Fmedia&parent=6483"}],"wp:term":[{"taxonomy":"product_brand","embeddable":true,"href":"https:\/\/staging.megapharm.al\/index.php?rest_route=%2Fwp%2Fv2%2Fproduct_brand&post=6483"},{"taxonomy":"product_cat","embeddable":true,"href":"https:\/\/staging.megapharm.al\/index.php?rest_route=%2Fwp%2Fv2%2Fproduct_cat&post=6483"},{"taxonomy":"product_tag","embeddable":true,"href":"https:\/\/staging.megapharm.al\/index.php?rest_route=%2Fwp%2Fv2%2Fproduct_tag&post=6483"}],"curies":[{"name":"wp","href":"https:\/\/api.w.org\/{rel}","templated":true}]}}