{"id":6480,"date":"2021-01-24T10:36:56","date_gmt":"2021-01-24T10:36:56","guid":{"rendered":"http:\/\/staging.megapharm.al\/\/index.php\/product\/import-placeholder-for-2673\/"},"modified":"2021-01-24T10:37:02","modified_gmt":"2021-01-24T10:37:02","slug":"flat-powder-brush","status":"publish","type":"product","link":"https:\/\/staging.megapharm.al\/?product=flat-powder-brush","title":{"rendered":"Flat Powder Brush"},"content":{"rendered":"<p>Flat Powder Brush \u00ebsht\u00eb ideale p\u00ebr t\u00eb aplikuar t\u00eb gjith\u00eb tipet e pluhurave n\u00eb fytyr\u00eb si bronzeri. Ka nj\u00eb prerje t\u00eb rrumbullak\u00ebt leht\u00ebsisht t\u00eb p\u00ebrshtatshme p\u00ebr fytyr\u00ebn dhe ndjekjen e linjave.<br \/>\nE p\u00ebrb\u00ebr\u00eb me fije sintetike t\u00eb nj\u00eb cil\u00ebsie t\u00eblart\u00eb, t\u00ebbuta, ofrojn\u00eb nj\u00eb p\u00ebrhapje optimal t\u00eb produktit n\u00eb m\u00ebnyr\u00eb uniforme.<\/p>\n","protected":false},"excerpt":{"rendered":"<p>Flat Powder Brush \u00ebsht\u00eb ideale p\u00ebr t\u00eb aplikuar t\u00eb gjith\u00eb tipet e pluhurave n\u00eb fytyr\u00eb si bronzeri. Ka nj\u00eb prerje t\u00eb rrumbullak\u00ebt leht\u00ebsisht t\u00eb p\u00ebrshtatshme p\u00ebr fytyr\u00ebn dhe ndjekjen e linjave.<br \/>\nE p\u00ebrb\u00ebr\u00eb me fije sintetike t\u00eb nj\u00eb cil\u00ebsie t\u00eblart\u00eb, t\u00ebbuta, ofrojn\u00eb nj\u00eb p\u00ebrhapje optimal t\u00eb produktit n\u00eb m\u00ebnyr\u00eb uniforme.<\/p>\n","protected":false},"featured_media":5757,"comment_status":"open","ping_status":"closed","template":"","meta":[],"product_brand":[],"product_cat":[124],"product_tag":[],"class_list":{"0":"post-6480","1":"product","2":"type-product","3":"status-publish","4":"has-post-thumbnail","6":"product_cat-korff","8":"first","9":"instock","10":"shipping-taxable","11":"product-type-simple"},"_links":{"self":[{"href":"https:\/\/staging.megapharm.al\/index.php?rest_route=\/wp\/v2\/product\/6480","targetHints":{"allow":["GET"]}}],"collection":[{"href":"https:\/\/staging.megapharm.al\/index.php?rest_route=\/wp\/v2\/product"}],"about":[{"href":"https:\/\/staging.megapharm.al\/index.php?rest_route=\/wp\/v2\/types\/product"}],"replies":[{"embeddable":true,"href":"https:\/\/staging.megapharm.al\/index.php?rest_route=%2Fwp%2Fv2%2Fcomments&post=6480"}],"wp:featuredmedia":[{"embeddable":true,"href":"https:\/\/staging.megapharm.al\/index.php?rest_route=\/wp\/v2\/media\/5757"}],"wp:attachment":[{"href":"https:\/\/staging.megapharm.al\/index.php?rest_route=%2Fwp%2Fv2%2Fmedia&parent=6480"}],"wp:term":[{"taxonomy":"product_brand","embeddable":true,"href":"https:\/\/staging.megapharm.al\/index.php?rest_route=%2Fwp%2Fv2%2Fproduct_brand&post=6480"},{"taxonomy":"product_cat","embeddable":true,"href":"https:\/\/staging.megapharm.al\/index.php?rest_route=%2Fwp%2Fv2%2Fproduct_cat&post=6480"},{"taxonomy":"product_tag","embeddable":true,"href":"https:\/\/staging.megapharm.al\/index.php?rest_route=%2Fwp%2Fv2%2Fproduct_tag&post=6480"}],"curies":[{"name":"wp","href":"https:\/\/api.w.org\/{rel}","templated":true}]}}