{"id":6474,"date":"2021-01-24T10:36:55","date_gmt":"2021-01-24T10:36:55","guid":{"rendered":"http:\/\/staging.megapharm.al\/\/index.php\/product\/import-placeholder-for-2667\/"},"modified":"2021-01-24T10:37:01","modified_gmt":"2021-01-24T10:37:01","slug":"foundation-in-drops-nude-effect","status":"publish","type":"product","link":"https:\/\/staging.megapharm.al\/?product=foundation-in-drops-nude-effect","title":{"rendered":"Foundation In Drops Nude Effect"},"content":{"rendered":"<p>Fondotint\u00eb e p\u00ebrb\u00ebr\u00eb nga nj\u00eb p\u00ebrzierje pigmentesh n\u00eb vaj q\u00eb ndri\u00e7ojn\u00eb dhe uniformojn\u00eb l\u00ebkur\u00ebn duke i dh\u00ebn\u00eb asaj nj\u00eb pamje mjaft natyrale.<br \/>\nVecorit\u00eb<br \/>\n\u2022 P\u00ebrb\u00ebrje Acid Hialuronik dhe Vitamin\u00eb E.<br \/>\n\u2022 P\u00ebrmban nj\u00eb aktiv me origjin\u00eb bimore q\u00eb jep elasticitetin maksimal l\u00ebkures dhe e tonifikon ate.<br \/>\n\u2022 P\u00ebrmban pigmente t\u00eb imeta vajore q\u00eb b\u00ebhen nj\u00eb me l\u00ebkur\u00ebn p\u00ebr efekt sa m\u00eb natyral.<br \/>\n\u2022 Uniformon pamjen, duke b\u00ebr\u00eb m\u00eb pak t\u00eb dukshme imperfeksionet me efektin soft-focus.<br \/>\n\u2022 6 nuanca<br \/>\n\u2022 K\u00ebshillohet per l\u00ebkura t\u00eb thata n\u00eb normale<br \/>\nKa teksture t\u00eb leht\u00eb dhe t\u00eb mendafsht\u00eb, uiformon l\u00ebkur\u00ebn p\u00ebr nj\u00eb pamje sa m\u00eb natyrale.<br \/>\nPa paraben. Pa parfum. Jo komedogjenik.<br \/>\nTestuar klinikisht dhe dermatologjikisht. Testuar p\u00ebr Nikel, Kobalt, Krom, Paladium dhe M\u00ebrkur.<\/p>\n","protected":false},"excerpt":{"rendered":"<p>Fondotint\u00eb e p\u00ebrb\u00ebr\u00eb nga nj\u00eb p\u00ebrzierje pigmentesh n\u00eb vaj q\u00eb ndri\u00e7ojn\u00eb dhe uniformojn\u00eb l\u00ebkur\u00ebn duke i dh\u00ebn\u00eb asaj nj\u00eb pamje mjaft natyrale.<br \/>\nVecorit\u00eb<br \/>\n\u2022 P\u00ebrb\u00ebrje Acid Hialuronik dhe Vitamin\u00eb E.<br \/>\n\u2022 P\u00ebrmban nj\u00eb aktiv me origjin\u00eb bimore q\u00eb jep elasticitetin maksimal l\u00ebkures dhe e tonifikon ate.<br \/>\n\u2022 P\u00ebrmban pigmente t\u00eb imeta vajore q\u00eb b\u00ebhen nj\u00eb me l\u00ebkur\u00ebn p\u00ebr efekt sa m\u00eb natyral.<br \/>\n\u2022 Uniformon pamjen, duke b\u00ebr\u00eb m\u00eb pak t\u00eb dukshme imperfeksionet me efektin soft-focus.<br \/>\n\u2022 6 nuanca<br \/>\n\u2022 K\u00ebshillohet per l\u00ebkura t\u00eb thata n\u00eb normale<br \/>\nKa teksture t\u00eb leht\u00eb dhe t\u00eb mendafsht\u00eb, uiformon l\u00ebkur\u00ebn p\u00ebr nj\u00eb pamje sa m\u00eb natyrale.<br \/>\nPa paraben. Pa parfum. Jo komedogjenik.<br \/>\nTestuar klinikisht dhe dermatologjikisht. Testuar p\u00ebr Nikel, Kobalt, Krom, Paladium dhe M\u00ebrkur.<\/p>\n","protected":false},"featured_media":5751,"comment_status":"open","ping_status":"closed","template":"","meta":[],"product_brand":[],"product_cat":[124],"product_tag":[],"class_list":{"0":"post-6474","1":"product","2":"type-product","3":"status-publish","4":"has-post-thumbnail","6":"product_cat-korff","8":"first","9":"instock","10":"shipping-taxable","11":"product-type-simple"},"_links":{"self":[{"href":"https:\/\/staging.megapharm.al\/index.php?rest_route=\/wp\/v2\/product\/6474","targetHints":{"allow":["GET"]}}],"collection":[{"href":"https:\/\/staging.megapharm.al\/index.php?rest_route=\/wp\/v2\/product"}],"about":[{"href":"https:\/\/staging.megapharm.al\/index.php?rest_route=\/wp\/v2\/types\/product"}],"replies":[{"embeddable":true,"href":"https:\/\/staging.megapharm.al\/index.php?rest_route=%2Fwp%2Fv2%2Fcomments&post=6474"}],"wp:featuredmedia":[{"embeddable":true,"href":"https:\/\/staging.megapharm.al\/index.php?rest_route=\/wp\/v2\/media\/5751"}],"wp:attachment":[{"href":"https:\/\/staging.megapharm.al\/index.php?rest_route=%2Fwp%2Fv2%2Fmedia&parent=6474"}],"wp:term":[{"taxonomy":"product_brand","embeddable":true,"href":"https:\/\/staging.megapharm.al\/index.php?rest_route=%2Fwp%2Fv2%2Fproduct_brand&post=6474"},{"taxonomy":"product_cat","embeddable":true,"href":"https:\/\/staging.megapharm.al\/index.php?rest_route=%2Fwp%2Fv2%2Fproduct_cat&post=6474"},{"taxonomy":"product_tag","embeddable":true,"href":"https:\/\/staging.megapharm.al\/index.php?rest_route=%2Fwp%2Fv2%2Fproduct_tag&post=6474"}],"curies":[{"name":"wp","href":"https:\/\/api.w.org\/{rel}","templated":true}]}}