{"id":6469,"date":"2021-01-24T10:36:54","date_gmt":"2021-01-24T10:36:54","guid":{"rendered":"http:\/\/staging.megapharm.al\/\/index.php\/product\/import-placeholder-for-2661\/"},"modified":"2021-01-24T10:37:00","modified_gmt":"2021-01-24T10:37:00","slug":"korff-body-intelligent-cream-400ml","status":"publish","type":"product","link":"https:\/\/staging.megapharm.al\/?product=korff-body-intelligent-cream-400ml","title":{"rendered":"Korff Body Intelligent Cream (400ml)"},"content":{"rendered":"<p>Emulsion me nj\u00eb p\u00ebrb\u00ebrje t\u00eb pasur dhe ushqyese, p\u00ebr nj\u00eb efekt hidratues, forcues dhe rigjenerues.<br \/>\nEkstrakti Castanea Sativa, i kombinuar me rr\u00ebnj\u00eb marali dhe fara jujube, ndihmon p\u00ebr t\u2019i b\u00ebr\u00eb indet m\u00eb elastike dhe t\u00eb forta, duke zvog\u00ebluar shenjat e l\u00ebkur\u00ebs s\u00eb r\u00ebn\u00eb.<br \/>\nProdukti \u00ebsht\u00eb pasuruar edhe me Shea Butter, Vitamina E dhe acide yndyrore esenciale n\u00eb Vajin e Karrot\u00ebs dhe Vajin Roz\u00eb t\u00eb Canin\u00ebs, p\u00ebrb\u00ebr\u00ebs q\u00eb kan\u00eb nj\u00eb efekt zbut\u00ebs p\u00ebr l\u00ebkur\u00ebn.<br \/>\nNj\u00eb produkt q\u00eb i jep t\u00eb gjitha ato q\u00eb i nevojiten l\u00ebkur\u00ebs p\u00ebr ta mbajtur at\u00eb t\u00eb but\u00eb, t\u00eb tonifikuar dhe t\u00eb hidratuar me nj\u00eb rutin\u00eb t\u00eb p\u00ebrditshme.<\/p>\n<p>P\u00ebrdorimi:<br \/>\nAplikoni n\u00eb t\u00eb gjith\u00eb trupin nj\u00eb her\u00eb ose dy her\u00eb n\u00eb dit\u00eb duke masazhuar derisa t\u00eb p\u00ebrthithet plot\u00ebsisht nga l\u00ebkura.<\/p>\n","protected":false},"excerpt":{"rendered":"<p>Emulsion me nj\u00eb p\u00ebrb\u00ebrje t\u00eb pasur dhe ushqyese, p\u00ebr nj\u00eb efekt hidratues, forcues dhe rigjenerues.<br \/>\nEkstrakti Castanea Sativa, i kombinuar me rr\u00ebnj\u00eb marali dhe fara jujube, ndihmon p\u00ebr t\u2019i b\u00ebr\u00eb indet m\u00eb elastike dhe t\u00eb forta, duke zvog\u00ebluar shenjat e l\u00ebkur\u00ebs s\u00eb r\u00ebn\u00eb.<br \/>\nProdukti \u00ebsht\u00eb pasuruar edhe me Shea Butter, Vitamina E dhe acide yndyrore esenciale n\u00eb Vajin e Karrot\u00ebs dhe Vajin Roz\u00eb t\u00eb Canin\u00ebs, p\u00ebrb\u00ebr\u00ebs q\u00eb kan\u00eb nj\u00eb efekt zbut\u00ebs p\u00ebr l\u00ebkur\u00ebn.<br \/>\nNj\u00eb produkt q\u00eb i jep t\u00eb gjitha ato q\u00eb i nevojiten l\u00ebkur\u00ebs p\u00ebr ta mbajtur at\u00eb t\u00eb but\u00eb, t\u00eb tonifikuar dhe t\u00eb hidratuar me nj\u00eb rutin\u00eb t\u00eb p\u00ebrditshme.<\/p>\n<p>P\u00ebrdorimi:<br \/>\nAplikoni n\u00eb t\u00eb gjith\u00eb trupin nj\u00eb her\u00eb ose dy her\u00eb n\u00eb dit\u00eb duke masazhuar derisa t\u00eb p\u00ebrthithet plot\u00ebsisht nga l\u00ebkura.<\/p>\n","protected":false},"featured_media":5746,"comment_status":"open","ping_status":"closed","template":"","meta":[],"product_brand":[],"product_cat":[124],"product_tag":[],"class_list":{"0":"post-6469","1":"product","2":"type-product","3":"status-publish","4":"has-post-thumbnail","6":"product_cat-korff","8":"first","9":"instock","10":"shipping-taxable","11":"product-type-simple"},"_links":{"self":[{"href":"https:\/\/staging.megapharm.al\/index.php?rest_route=\/wp\/v2\/product\/6469","targetHints":{"allow":["GET"]}}],"collection":[{"href":"https:\/\/staging.megapharm.al\/index.php?rest_route=\/wp\/v2\/product"}],"about":[{"href":"https:\/\/staging.megapharm.al\/index.php?rest_route=\/wp\/v2\/types\/product"}],"replies":[{"embeddable":true,"href":"https:\/\/staging.megapharm.al\/index.php?rest_route=%2Fwp%2Fv2%2Fcomments&post=6469"}],"wp:featuredmedia":[{"embeddable":true,"href":"https:\/\/staging.megapharm.al\/index.php?rest_route=\/wp\/v2\/media\/5746"}],"wp:attachment":[{"href":"https:\/\/staging.megapharm.al\/index.php?rest_route=%2Fwp%2Fv2%2Fmedia&parent=6469"}],"wp:term":[{"taxonomy":"product_brand","embeddable":true,"href":"https:\/\/staging.megapharm.al\/index.php?rest_route=%2Fwp%2Fv2%2Fproduct_brand&post=6469"},{"taxonomy":"product_cat","embeddable":true,"href":"https:\/\/staging.megapharm.al\/index.php?rest_route=%2Fwp%2Fv2%2Fproduct_cat&post=6469"},{"taxonomy":"product_tag","embeddable":true,"href":"https:\/\/staging.megapharm.al\/index.php?rest_route=%2Fwp%2Fv2%2Fproduct_tag&post=6469"}],"curies":[{"name":"wp","href":"https:\/\/api.w.org\/{rel}","templated":true}]}}