{"id":6468,"date":"2021-01-24T10:36:54","date_gmt":"2021-01-24T10:36:54","guid":{"rendered":"http:\/\/staging.megapharm.al\/\/index.php\/product\/import-placeholder-for-2659\/"},"modified":"2021-01-24T10:37:00","modified_gmt":"2021-01-24T10:37:00","slug":"complete-night-renew-face-pearls","status":"publish","type":"product","link":"https:\/\/staging.megapharm.al\/?product=complete-night-renew-face-pearls","title":{"rendered":"Complete Night Renew Face Pearls"},"content":{"rendered":"<p>Trajtimi q\u00eb kujdeset p\u00ebr l\u00ebkur\u00ebn tuaj gjat\u00eb gjumit t\u00eb nat\u00ebs, duke zvog\u00ebluar shenjat e lodhjes dhe mosh\u00ebs dhe duke i dh\u00ebn\u00eb nj\u00eb pamje t\u00eb ndritshme fytyr\u00ebs tuaj. Formula e koncentratit intensiv, me struktur\u00ebn e saj t\u00eb but\u00eb, p\u00ebrmbahet n\u00eb perla t\u00eb cilat ruajn\u00eb past\u00ebrtin\u00eb e p\u00ebrb\u00ebr\u00ebsve aktiv\u00eb t\u00eb saj. Vaji i \u00e7muar i Jeju Camellia, me veprim kund\u00ebr rrudhave, dhe kompleksi ekskluziv i Chrono Age, q\u00eb favorizon rregullimin e ritmit t\u00eb zgjimit nga gjumi. Vepron n\u00eb m\u00ebnyr\u00eb sinergjike n\u00eb m\u00ebnyr\u00eb q\u00eb t\u00eb rivendos nj\u00eb l\u00ebkur\u00eb t\u00eb tonifikuar, t\u00eb shtrir\u00eb dhe t\u00eb ndritshme. Zvog\u00eblon shenjat e lodhjes dhe mosh\u00ebs dhe fytyra shfaqet e l\u00ebmuar dhe e pushuar duke dh\u00ebn\u00eb p\u00ebrshtypjen e nj\u00eb gjumi t\u00eb gjat\u00eb.<\/p>\n","protected":false},"excerpt":{"rendered":"<p>Trajtimi q\u00eb kujdeset p\u00ebr l\u00ebkur\u00ebn tuaj gjat\u00eb gjumit t\u00eb nat\u00ebs, duke zvog\u00ebluar shenjat e lodhjes dhe mosh\u00ebs dhe duke i dh\u00ebn\u00eb nj\u00eb pamje t\u00eb ndritshme fytyr\u00ebs tuaj. Formula e koncentratit intensiv, me struktur\u00ebn e saj t\u00eb but\u00eb, p\u00ebrmbahet n\u00eb perla t\u00eb cilat ruajn\u00eb past\u00ebrtin\u00eb e p\u00ebrb\u00ebr\u00ebsve aktiv\u00eb t\u00eb saj. Vaji i \u00e7muar i Jeju Camellia, me veprim kund\u00ebr rrudhave, dhe kompleksi ekskluziv i Chrono Age, q\u00eb favorizon rregullimin e ritmit t\u00eb zgjimit nga gjumi. Vepron n\u00eb m\u00ebnyr\u00eb sinergjike n\u00eb m\u00ebnyr\u00eb q\u00eb t\u00eb rivendos nj\u00eb l\u00ebkur\u00eb t\u00eb tonifikuar, t\u00eb shtrir\u00eb dhe t\u00eb ndritshme. Zvog\u00eblon shenjat e lodhjes dhe mosh\u00ebs dhe fytyra shfaqet e l\u00ebmuar dhe e pushuar duke dh\u00ebn\u00eb p\u00ebrshtypjen e nj\u00eb gjumi t\u00eb gjat\u00eb.<\/p>\n","protected":false},"featured_media":5745,"comment_status":"open","ping_status":"closed","template":"","meta":[],"product_brand":[],"product_cat":[124],"product_tag":[],"class_list":{"0":"post-6468","1":"product","2":"type-product","3":"status-publish","4":"has-post-thumbnail","6":"product_cat-korff","8":"first","9":"instock","10":"shipping-taxable","11":"product-type-simple"},"_links":{"self":[{"href":"https:\/\/staging.megapharm.al\/index.php?rest_route=\/wp\/v2\/product\/6468","targetHints":{"allow":["GET"]}}],"collection":[{"href":"https:\/\/staging.megapharm.al\/index.php?rest_route=\/wp\/v2\/product"}],"about":[{"href":"https:\/\/staging.megapharm.al\/index.php?rest_route=\/wp\/v2\/types\/product"}],"replies":[{"embeddable":true,"href":"https:\/\/staging.megapharm.al\/index.php?rest_route=%2Fwp%2Fv2%2Fcomments&post=6468"}],"wp:featuredmedia":[{"embeddable":true,"href":"https:\/\/staging.megapharm.al\/index.php?rest_route=\/wp\/v2\/media\/5745"}],"wp:attachment":[{"href":"https:\/\/staging.megapharm.al\/index.php?rest_route=%2Fwp%2Fv2%2Fmedia&parent=6468"}],"wp:term":[{"taxonomy":"product_brand","embeddable":true,"href":"https:\/\/staging.megapharm.al\/index.php?rest_route=%2Fwp%2Fv2%2Fproduct_brand&post=6468"},{"taxonomy":"product_cat","embeddable":true,"href":"https:\/\/staging.megapharm.al\/index.php?rest_route=%2Fwp%2Fv2%2Fproduct_cat&post=6468"},{"taxonomy":"product_tag","embeddable":true,"href":"https:\/\/staging.megapharm.al\/index.php?rest_route=%2Fwp%2Fv2%2Fproduct_tag&post=6468"}],"curies":[{"name":"wp","href":"https:\/\/api.w.org\/{rel}","templated":true}]}}