{"id":6467,"date":"2021-01-24T10:36:54","date_gmt":"2021-01-24T10:36:54","guid":{"rendered":"http:\/\/staging.megapharm.al\/\/index.php\/product\/import-placeholder-for-2658\/"},"modified":"2021-01-24T10:36:59","modified_gmt":"2021-01-24T10:36:59","slug":"korff-absolute-multi-active-lifting-regenerating-treatment","status":"publish","type":"product","link":"https:\/\/staging.megapharm.al\/?product=korff-absolute-multi-active-lifting-regenerating-treatment","title":{"rendered":"Korff Absolute Multi-Active Lifting Regenerating Treatment"},"content":{"rendered":"<p>Trajtim peeling n\u00eb kushte sht\u00ebpie. Ky trajtim \u00ebsht\u00eb nj\u00eb trajtim 3 javor q\u00eb synon:<br \/>\n-Rigjenerimin e l\u00ebkur\u00ebs.<br \/>\n-Rritjen e tonicitetit.<br \/>\n-Rritjen e shk\u00eblqimit t\u00eb l\u00ebkur\u00ebs.<br \/>\n-Pak\u00ebsimin e rrudhave.<br \/>\nFormulim me veprim progresiv t\u00eb trefisht\u00eb q\u00eb, p\u00ebr shkak t\u00eb p\u00ebrqendrimit t\u00eb lart\u00eb t\u00eb p\u00ebrb\u00ebr\u00ebsve aktiv\u00eb (kompleksi me baz\u00eb AHA n\u00eb 5%, 7.5% dhe 10% + kompleks enzimatik n\u00eb nj\u00eb p\u00ebrqendrim t\u00eb ndryshuesh\u00ebm 6%, 8% dhe 10%), rigjeneron, tonet dhe ndri\u00e7on l\u00ebkur\u00ebn p\u00ebr nj\u00eb efekt intensive anti-plakje.<\/p>\n","protected":false},"excerpt":{"rendered":"<p>Trajtim peeling n\u00eb kushte sht\u00ebpie. Ky trajtim \u00ebsht\u00eb nj\u00eb trajtim 3 javor q\u00eb synon:<br \/>\n-Rigjenerimin e l\u00ebkur\u00ebs.<br \/>\n-Rritjen e tonicitetit.<br \/>\n-Rritjen e shk\u00eblqimit t\u00eb l\u00ebkur\u00ebs.<br \/>\n-Pak\u00ebsimin e rrudhave.<br \/>\nFormulim me veprim progresiv t\u00eb trefisht\u00eb q\u00eb, p\u00ebr shkak t\u00eb p\u00ebrqendrimit t\u00eb lart\u00eb t\u00eb p\u00ebrb\u00ebr\u00ebsve aktiv\u00eb (kompleksi me baz\u00eb AHA n\u00eb 5%, 7.5% dhe 10% + kompleks enzimatik n\u00eb nj\u00eb p\u00ebrqendrim t\u00eb ndryshuesh\u00ebm 6%, 8% dhe 10%), rigjeneron, tonet dhe ndri\u00e7on l\u00ebkur\u00ebn p\u00ebr nj\u00eb efekt intensive anti-plakje.<\/p>\n","protected":false},"featured_media":5744,"comment_status":"open","ping_status":"closed","template":"","meta":[],"product_brand":[],"product_cat":[124],"product_tag":[],"class_list":{"0":"post-6467","1":"product","2":"type-product","3":"status-publish","4":"has-post-thumbnail","6":"product_cat-korff","8":"first","9":"instock","10":"shipping-taxable","11":"product-type-simple"},"_links":{"self":[{"href":"https:\/\/staging.megapharm.al\/index.php?rest_route=\/wp\/v2\/product\/6467","targetHints":{"allow":["GET"]}}],"collection":[{"href":"https:\/\/staging.megapharm.al\/index.php?rest_route=\/wp\/v2\/product"}],"about":[{"href":"https:\/\/staging.megapharm.al\/index.php?rest_route=\/wp\/v2\/types\/product"}],"replies":[{"embeddable":true,"href":"https:\/\/staging.megapharm.al\/index.php?rest_route=%2Fwp%2Fv2%2Fcomments&post=6467"}],"wp:featuredmedia":[{"embeddable":true,"href":"https:\/\/staging.megapharm.al\/index.php?rest_route=\/wp\/v2\/media\/5744"}],"wp:attachment":[{"href":"https:\/\/staging.megapharm.al\/index.php?rest_route=%2Fwp%2Fv2%2Fmedia&parent=6467"}],"wp:term":[{"taxonomy":"product_brand","embeddable":true,"href":"https:\/\/staging.megapharm.al\/index.php?rest_route=%2Fwp%2Fv2%2Fproduct_brand&post=6467"},{"taxonomy":"product_cat","embeddable":true,"href":"https:\/\/staging.megapharm.al\/index.php?rest_route=%2Fwp%2Fv2%2Fproduct_cat&post=6467"},{"taxonomy":"product_tag","embeddable":true,"href":"https:\/\/staging.megapharm.al\/index.php?rest_route=%2Fwp%2Fv2%2Fproduct_tag&post=6467"}],"curies":[{"name":"wp","href":"https:\/\/api.w.org\/{rel}","templated":true}]}}