{"id":6466,"date":"2021-01-24T10:36:54","date_gmt":"2021-01-24T10:36:54","guid":{"rendered":"http:\/\/staging.megapharm.al\/\/index.php\/product\/import-placeholder-for-2657\/"},"modified":"2021-01-24T10:36:59","modified_gmt":"2021-01-24T10:36:59","slug":"korff-collagen-suplement-ushqimor","status":"publish","type":"product","link":"https:\/\/staging.megapharm.al\/?product=korff-collagen-suplement-ushqimor","title":{"rendered":"Korff Collagen Suplement Ushqimor"},"content":{"rendered":"<p>Suplement ushqimor i pijsh\u00ebm me kolagjen peshku, vitamina dhe minerale. Vitamina C kontribuon n\u00eb formimin normal t\u00eb kolagjenit p\u00ebr funksionimin normal t\u00eb l\u00ebkur\u00ebs. Zinku, Niacina, Biotina dhe Riblofavina kontribuojn\u00eb n\u00eb mir\u00ebmbajtjen e l\u00ebkur\u00ebs; Bakri kontribuon n\u00eb mir\u00ebmbajtjen e indeve lidh\u00ebse t\u00eb sh\u00ebndetsh\u00ebm, n\u00eb pigmentimin normal t\u00eb l\u00ebkur\u00ebs dhe, me vitaminat C, E dhe B2, n\u00eb mbrojtjen e qelizave nga stresi.<\/p>\n<p>Me \u00ebmb\u00eblsues t\u00eb shtuar.<br \/>\nPa gluten.<\/p>\n","protected":false},"excerpt":{"rendered":"<p>Suplement ushqimor i pijsh\u00ebm me kolagjen peshku, vitamina dhe minerale. Vitamina C kontribuon n\u00eb formimin normal t\u00eb kolagjenit p\u00ebr funksionimin normal t\u00eb l\u00ebkur\u00ebs. Zinku, Niacina, Biotina dhe Riblofavina kontribuojn\u00eb n\u00eb mir\u00ebmbajtjen e l\u00ebkur\u00ebs; Bakri kontribuon n\u00eb mir\u00ebmbajtjen e indeve lidh\u00ebse t\u00eb sh\u00ebndetsh\u00ebm, n\u00eb pigmentimin normal t\u00eb l\u00ebkur\u00ebs dhe, me vitaminat C, E dhe B2, n\u00eb mbrojtjen e qelizave nga stresi.<\/p>\n<p>Me \u00ebmb\u00eblsues t\u00eb shtuar.<br \/>\nPa gluten.<\/p>\n","protected":false},"featured_media":5743,"comment_status":"open","ping_status":"closed","template":"","meta":[],"product_brand":[],"product_cat":[124],"product_tag":[],"class_list":{"0":"post-6466","1":"product","2":"type-product","3":"status-publish","4":"has-post-thumbnail","6":"product_cat-korff","8":"first","9":"instock","10":"shipping-taxable","11":"product-type-simple"},"_links":{"self":[{"href":"https:\/\/staging.megapharm.al\/index.php?rest_route=\/wp\/v2\/product\/6466","targetHints":{"allow":["GET"]}}],"collection":[{"href":"https:\/\/staging.megapharm.al\/index.php?rest_route=\/wp\/v2\/product"}],"about":[{"href":"https:\/\/staging.megapharm.al\/index.php?rest_route=\/wp\/v2\/types\/product"}],"replies":[{"embeddable":true,"href":"https:\/\/staging.megapharm.al\/index.php?rest_route=%2Fwp%2Fv2%2Fcomments&post=6466"}],"wp:featuredmedia":[{"embeddable":true,"href":"https:\/\/staging.megapharm.al\/index.php?rest_route=\/wp\/v2\/media\/5743"}],"wp:attachment":[{"href":"https:\/\/staging.megapharm.al\/index.php?rest_route=%2Fwp%2Fv2%2Fmedia&parent=6466"}],"wp:term":[{"taxonomy":"product_brand","embeddable":true,"href":"https:\/\/staging.megapharm.al\/index.php?rest_route=%2Fwp%2Fv2%2Fproduct_brand&post=6466"},{"taxonomy":"product_cat","embeddable":true,"href":"https:\/\/staging.megapharm.al\/index.php?rest_route=%2Fwp%2Fv2%2Fproduct_cat&post=6466"},{"taxonomy":"product_tag","embeddable":true,"href":"https:\/\/staging.megapharm.al\/index.php?rest_route=%2Fwp%2Fv2%2Fproduct_tag&post=6466"}],"curies":[{"name":"wp","href":"https:\/\/api.w.org\/{rel}","templated":true}]}}