{"id":6465,"date":"2021-01-24T10:36:54","date_gmt":"2021-01-24T10:36:54","guid":{"rendered":"http:\/\/staging.megapharm.al\/\/index.php\/product\/import-placeholder-for-2656\/"},"modified":"2021-01-24T10:36:59","modified_gmt":"2021-01-24T10:36:59","slug":"korff-collagen-regimen","status":"publish","type":"product","link":"https:\/\/staging.megapharm.al\/?product=korff-collagen-regimen","title":{"rendered":"Korff Collagen Regimen"},"content":{"rendered":"<p>Trajtimi kund\u00ebr plakjes n\u00eb ampula, i krijuar p\u00ebr ta b\u00ebr\u00eb l\u00ebkur\u00ebn t\u00eb tonifikuar dhe elastike. Ampulat Collagen Regimen, me Kolagjen marin t\u00eb hidrolizuar dhe Acid Hialuronik, p\u00ebrmir\u00ebsojn\u00eb tonin e l\u00ebkur\u00ebs, elasticitetin dhe hidratimin. Farat e vitamin\u00ebs C dhe Jujube e mbajn\u00eb l\u00ebkur\u00ebn rrezatuese dhe zvog\u00eblojn\u00eb formimin e rrudhave.<br \/>\nN\u00eb dispozicion n\u00eb dy madh\u00ebsi prej 7 ose 28 ampula.<\/p>\n<p>P\u00ebrdorimi:<br \/>\nShk\u00ebputeni pjes\u00ebn e sip\u00ebrme t\u00eb ampul\u00ebs. Aplikojeni n\u00eb m\u00ebngjes dhe \/ ose n\u00eb mbr\u00ebmje n\u00eb l\u00ebkur\u00ebn e fytyr\u00ebs, qaf\u00ebs dhe dekolten\u00eb.<\/p>\n","protected":false},"excerpt":{"rendered":"<p>Trajtimi kund\u00ebr plakjes n\u00eb ampula, i krijuar p\u00ebr ta b\u00ebr\u00eb l\u00ebkur\u00ebn t\u00eb tonifikuar dhe elastike. Ampulat Collagen Regimen, me Kolagjen marin t\u00eb hidrolizuar dhe Acid Hialuronik, p\u00ebrmir\u00ebsojn\u00eb tonin e l\u00ebkur\u00ebs, elasticitetin dhe hidratimin. Farat e vitamin\u00ebs C dhe Jujube e mbajn\u00eb l\u00ebkur\u00ebn rrezatuese dhe zvog\u00eblojn\u00eb formimin e rrudhave.<br \/>\nN\u00eb dispozicion n\u00eb dy madh\u00ebsi prej 7 ose 28 ampula.<\/p>\n<p>P\u00ebrdorimi:<br \/>\nShk\u00ebputeni pjes\u00ebn e sip\u00ebrme t\u00eb ampul\u00ebs. Aplikojeni n\u00eb m\u00ebngjes dhe \/ ose n\u00eb mbr\u00ebmje n\u00eb l\u00ebkur\u00ebn e fytyr\u00ebs, qaf\u00ebs dhe dekolten\u00eb.<\/p>\n","protected":false},"featured_media":5742,"comment_status":"open","ping_status":"closed","template":"","meta":[],"product_brand":[],"product_cat":[124],"product_tag":[],"class_list":{"0":"post-6465","1":"product","2":"type-product","3":"status-publish","4":"has-post-thumbnail","6":"product_cat-korff","8":"first","9":"instock","10":"shipping-taxable","11":"product-type-simple"},"_links":{"self":[{"href":"https:\/\/staging.megapharm.al\/index.php?rest_route=\/wp\/v2\/product\/6465","targetHints":{"allow":["GET"]}}],"collection":[{"href":"https:\/\/staging.megapharm.al\/index.php?rest_route=\/wp\/v2\/product"}],"about":[{"href":"https:\/\/staging.megapharm.al\/index.php?rest_route=\/wp\/v2\/types\/product"}],"replies":[{"embeddable":true,"href":"https:\/\/staging.megapharm.al\/index.php?rest_route=%2Fwp%2Fv2%2Fcomments&post=6465"}],"wp:featuredmedia":[{"embeddable":true,"href":"https:\/\/staging.megapharm.al\/index.php?rest_route=\/wp\/v2\/media\/5742"}],"wp:attachment":[{"href":"https:\/\/staging.megapharm.al\/index.php?rest_route=%2Fwp%2Fv2%2Fmedia&parent=6465"}],"wp:term":[{"taxonomy":"product_brand","embeddable":true,"href":"https:\/\/staging.megapharm.al\/index.php?rest_route=%2Fwp%2Fv2%2Fproduct_brand&post=6465"},{"taxonomy":"product_cat","embeddable":true,"href":"https:\/\/staging.megapharm.al\/index.php?rest_route=%2Fwp%2Fv2%2Fproduct_cat&post=6465"},{"taxonomy":"product_tag","embeddable":true,"href":"https:\/\/staging.megapharm.al\/index.php?rest_route=%2Fwp%2Fv2%2Fproduct_tag&post=6465"}],"curies":[{"name":"wp","href":"https:\/\/api.w.org\/{rel}","templated":true}]}}