{"id":6460,"date":"2021-01-24T10:36:45","date_gmt":"2021-01-24T10:36:45","guid":{"rendered":"http:\/\/staging.megapharm.al\/\/index.php\/product\/import-placeholder-for-2651\/"},"modified":"2021-01-24T10:36:52","modified_gmt":"2021-01-24T10:36:52","slug":"anti-redness-concentrated-serum-for-sensitive-skin","status":"publish","type":"product","link":"https:\/\/staging.megapharm.al\/?product=anti-redness-concentrated-serum-for-sensitive-skin","title":{"rendered":"Anti-redness Concentrated Serum for Sensitive Skin"},"content":{"rendered":"<p>Serum kund\u00ebr skuqjes n\u00eb form\u00ebn e krem-xhelit, leht\u00ebsisht i p\u00ebrthithsh\u00ebm nga l\u00ebkura. Prania e ekstraktit te Ginkgo Biloba e b\u00ebn k\u00ebt\u00eb serum nj\u00eb trajtim t\u00eb p\u00ebrshtatsh\u00ebm p\u00ebr t\u00eb zbutur l\u00ebkur\u00ebn e ndjeshme dhe p\u00ebr t\u00eb reduktuar skuqjen. Ka dhe nj\u00eb p\u00ebrzierje Vitaminash, Viola Tricolor, acid hialuronik dhe nj\u00eb derivat t\u00eb vajit t\u00eb ullirit q\u00eb parandalon shfaqjen e shenjave t\u00eb plakjes s\u00eb l\u00ebkur\u00ebs. N\u00eb k\u00ebt\u00eb m\u00ebnyr\u00eb l\u00ebkura do jete e hidratuar, elastike dhe ndri\u00e7uese.<\/p>\n","protected":false},"excerpt":{"rendered":"<p>Serum kund\u00ebr skuqjes n\u00eb form\u00ebn e krem-xhelit, leht\u00ebsisht i p\u00ebrthithsh\u00ebm nga l\u00ebkura. Prania e ekstraktit te Ginkgo Biloba e b\u00ebn k\u00ebt\u00eb serum nj\u00eb trajtim t\u00eb p\u00ebrshtatsh\u00ebm p\u00ebr t\u00eb zbutur l\u00ebkur\u00ebn e ndjeshme dhe p\u00ebr t\u00eb reduktuar skuqjen. Ka dhe nj\u00eb p\u00ebrzierje Vitaminash, Viola Tricolor, acid hialuronik dhe nj\u00eb derivat t\u00eb vajit t\u00eb ullirit q\u00eb parandalon shfaqjen e shenjave t\u00eb plakjes s\u00eb l\u00ebkur\u00ebs. N\u00eb k\u00ebt\u00eb m\u00ebnyr\u00eb l\u00ebkura do jete e hidratuar, elastike dhe ndri\u00e7uese.<\/p>\n","protected":false},"featured_media":5737,"comment_status":"open","ping_status":"closed","template":"","meta":[],"product_brand":[],"product_cat":[124],"product_tag":[],"class_list":{"0":"post-6460","1":"product","2":"type-product","3":"status-publish","4":"has-post-thumbnail","6":"product_cat-korff","8":"first","9":"instock","10":"shipping-taxable","11":"product-type-simple"},"_links":{"self":[{"href":"https:\/\/staging.megapharm.al\/index.php?rest_route=\/wp\/v2\/product\/6460","targetHints":{"allow":["GET"]}}],"collection":[{"href":"https:\/\/staging.megapharm.al\/index.php?rest_route=\/wp\/v2\/product"}],"about":[{"href":"https:\/\/staging.megapharm.al\/index.php?rest_route=\/wp\/v2\/types\/product"}],"replies":[{"embeddable":true,"href":"https:\/\/staging.megapharm.al\/index.php?rest_route=%2Fwp%2Fv2%2Fcomments&post=6460"}],"wp:featuredmedia":[{"embeddable":true,"href":"https:\/\/staging.megapharm.al\/index.php?rest_route=\/wp\/v2\/media\/5737"}],"wp:attachment":[{"href":"https:\/\/staging.megapharm.al\/index.php?rest_route=%2Fwp%2Fv2%2Fmedia&parent=6460"}],"wp:term":[{"taxonomy":"product_brand","embeddable":true,"href":"https:\/\/staging.megapharm.al\/index.php?rest_route=%2Fwp%2Fv2%2Fproduct_brand&post=6460"},{"taxonomy":"product_cat","embeddable":true,"href":"https:\/\/staging.megapharm.al\/index.php?rest_route=%2Fwp%2Fv2%2Fproduct_cat&post=6460"},{"taxonomy":"product_tag","embeddable":true,"href":"https:\/\/staging.megapharm.al\/index.php?rest_route=%2Fwp%2Fv2%2Fproduct_tag&post=6460"}],"curies":[{"name":"wp","href":"https:\/\/api.w.org\/{rel}","templated":true}]}}