{"id":6459,"date":"2021-01-24T10:36:45","date_gmt":"2021-01-24T10:36:45","guid":{"rendered":"http:\/\/staging.megapharm.al\/\/index.php\/product\/import-placeholder-for-2650\/"},"modified":"2021-01-24T10:36:51","modified_gmt":"2021-01-24T10:36:51","slug":"anti-redness-cream-for-sensitive-skin-spf-20","status":"publish","type":"product","link":"https:\/\/staging.megapharm.al\/?product=anti-redness-cream-for-sensitive-skin-spf-20","title":{"rendered":"Anti-redness Cream for Sensitive Skin &#8211; SPF 20"},"content":{"rendered":"<p>Krem me tekstur\u00eb fluide, t\u00eb fresk\u00ebt dhe leht\u00ebsisht t\u00eb p\u00ebrthithshme p\u00ebr l\u00ebkurat e ndjeshme dhe t\u00eb skuqura. Ekstrakti i Ginkgo Biloba, derivati i liquirizia dhe pantenoli qet\u00ebsojn\u00eb l\u00ebkur\u00ebn e ndjeshme dhe reduktojne skuqjet e l\u00ebkur\u00ebs.<br \/>\nEkstrakti viola tricolor, acidi hialuronik dhe nj\u00eb derivat i vajit t\u00eb ullirit luftojn\u00eb shenjat e plakjes s\u00eb l\u00ebkur\u00ebs e cila \u00ebsht\u00eb m\u00eb e hidratuar, elastike dhe m\u00eb e ndri\u00e7uar.<br \/>\nKy krem p\u00ebrmban dhe filt\u00ebr mbrojt\u00ebs me SPF 20 i cili mbron l\u00ebkur\u00ebn nga rrezet e diellit.<\/p>\n","protected":false},"excerpt":{"rendered":"<p>Krem me tekstur\u00eb fluide, t\u00eb fresk\u00ebt dhe leht\u00ebsisht t\u00eb p\u00ebrthithshme p\u00ebr l\u00ebkurat e ndjeshme dhe t\u00eb skuqura. Ekstrakti i Ginkgo Biloba, derivati i liquirizia dhe pantenoli qet\u00ebsojn\u00eb l\u00ebkur\u00ebn e ndjeshme dhe reduktojne skuqjet e l\u00ebkur\u00ebs.<br \/>\nEkstrakti viola tricolor, acidi hialuronik dhe nj\u00eb derivat i vajit t\u00eb ullirit luftojn\u00eb shenjat e plakjes s\u00eb l\u00ebkur\u00ebs e cila \u00ebsht\u00eb m\u00eb e hidratuar, elastike dhe m\u00eb e ndri\u00e7uar.<br \/>\nKy krem p\u00ebrmban dhe filt\u00ebr mbrojt\u00ebs me SPF 20 i cili mbron l\u00ebkur\u00ebn nga rrezet e diellit.<\/p>\n","protected":false},"featured_media":5736,"comment_status":"open","ping_status":"closed","template":"","meta":[],"product_brand":[],"product_cat":[124],"product_tag":[],"class_list":{"0":"post-6459","1":"product","2":"type-product","3":"status-publish","4":"has-post-thumbnail","6":"product_cat-korff","8":"first","9":"instock","10":"shipping-taxable","11":"product-type-simple"},"_links":{"self":[{"href":"https:\/\/staging.megapharm.al\/index.php?rest_route=\/wp\/v2\/product\/6459","targetHints":{"allow":["GET"]}}],"collection":[{"href":"https:\/\/staging.megapharm.al\/index.php?rest_route=\/wp\/v2\/product"}],"about":[{"href":"https:\/\/staging.megapharm.al\/index.php?rest_route=\/wp\/v2\/types\/product"}],"replies":[{"embeddable":true,"href":"https:\/\/staging.megapharm.al\/index.php?rest_route=%2Fwp%2Fv2%2Fcomments&post=6459"}],"wp:featuredmedia":[{"embeddable":true,"href":"https:\/\/staging.megapharm.al\/index.php?rest_route=\/wp\/v2\/media\/5736"}],"wp:attachment":[{"href":"https:\/\/staging.megapharm.al\/index.php?rest_route=%2Fwp%2Fv2%2Fmedia&parent=6459"}],"wp:term":[{"taxonomy":"product_brand","embeddable":true,"href":"https:\/\/staging.megapharm.al\/index.php?rest_route=%2Fwp%2Fv2%2Fproduct_brand&post=6459"},{"taxonomy":"product_cat","embeddable":true,"href":"https:\/\/staging.megapharm.al\/index.php?rest_route=%2Fwp%2Fv2%2Fproduct_cat&post=6459"},{"taxonomy":"product_tag","embeddable":true,"href":"https:\/\/staging.megapharm.al\/index.php?rest_route=%2Fwp%2Fv2%2Fproduct_tag&post=6459"}],"curies":[{"name":"wp","href":"https:\/\/api.w.org\/{rel}","templated":true}]}}