{"id":6458,"date":"2021-01-24T10:36:45","date_gmt":"2021-01-24T10:36:45","guid":{"rendered":"http:\/\/staging.megapharm.al\/\/index.php\/product\/import-placeholder-for-2649\/"},"modified":"2021-01-24T10:36:51","modified_gmt":"2021-01-24T10:36:51","slug":"detox-detoxiyfing-night-serum","status":"publish","type":"product","link":"https:\/\/staging.megapharm.al\/?product=detox-detoxiyfing-night-serum","title":{"rendered":"Detox Detoxiyfing Night Serum"},"content":{"rendered":"<p>Serum me nj\u00eb teksture t\u00eb fresk\u00ebt, t\u00eb leht\u00eb, me nj\u00eb konsistence krem xhel q\u00eb p\u00ebrthithet shum\u00eb leht\u00eb nga l\u00ebkura. Ky serum \u00ebsht\u00eb studiuar p\u00ebr t\u00eb vepruar nat\u00ebn at\u00ebher\u00eb kur rigjenerimi qelizor \u00ebsht\u00eb m\u00eb aktiv. N\u00eb formulimin e tij ka nj\u00eb miks antioksidant\u00ebsh q\u00eb i garantojn\u00eb l\u00ebkur\u00ebs nj\u00eb pamje t\u00eb sh\u00ebndetshme dhe me shk\u00eblqim.<br \/>\nEkstraktet e qelizave m\u00ebm\u00eb nga rrushi, \u00e7aji jeshil, vajrat e arganit dhe salvia sclarea ushqejn\u00eb n\u00eb thell\u00ebsi l\u00ebkur\u00ebn. Caesalpinia spinosa hidraton. Ekstraktet bimore t\u00eb rozmarin\u00ebs dhe livand\u00ebs kan\u00eb efekt pastrues. Fomes officinalis mbledh l\u00ebkur\u00ebn Ekstrakti i Ginkgo biloba zbusin dhe pastrojn\u00eb epidermen.<br \/>\nKorff Detox Night Serum b\u00ebn t\u00eb mundur q\u00eb n\u00eb zgjim l\u00ebkura do jet\u00eb e \u00e7lodhur, elastike dhe pamja do jet\u00eb rrezatuese.<br \/>\nP\u00ebr t\u00eb gjith\u00eb llojet e l\u00ebkur\u00ebs.<\/p>\n","protected":false},"excerpt":{"rendered":"<p>Serum me nj\u00eb teksture t\u00eb fresk\u00ebt, t\u00eb leht\u00eb, me nj\u00eb konsistence krem xhel q\u00eb p\u00ebrthithet shum\u00eb leht\u00eb nga l\u00ebkura. Ky serum \u00ebsht\u00eb studiuar p\u00ebr t\u00eb vepruar nat\u00ebn at\u00ebher\u00eb kur rigjenerimi qelizor \u00ebsht\u00eb m\u00eb aktiv. N\u00eb formulimin e tij ka nj\u00eb miks antioksidant\u00ebsh q\u00eb i garantojn\u00eb l\u00ebkur\u00ebs nj\u00eb pamje t\u00eb sh\u00ebndetshme dhe me shk\u00eblqim.<br \/>\nEkstraktet e qelizave m\u00ebm\u00eb nga rrushi, \u00e7aji jeshil, vajrat e arganit dhe salvia sclarea ushqejn\u00eb n\u00eb thell\u00ebsi l\u00ebkur\u00ebn. Caesalpinia spinosa hidraton. Ekstraktet bimore t\u00eb rozmarin\u00ebs dhe livand\u00ebs kan\u00eb efekt pastrues. Fomes officinalis mbledh l\u00ebkur\u00ebn Ekstrakti i Ginkgo biloba zbusin dhe pastrojn\u00eb epidermen.<br \/>\nKorff Detox Night Serum b\u00ebn t\u00eb mundur q\u00eb n\u00eb zgjim l\u00ebkura do jet\u00eb e \u00e7lodhur, elastike dhe pamja do jet\u00eb rrezatuese.<br \/>\nP\u00ebr t\u00eb gjith\u00eb llojet e l\u00ebkur\u00ebs.<\/p>\n","protected":false},"featured_media":5735,"comment_status":"open","ping_status":"closed","template":"","meta":[],"product_brand":[],"product_cat":[124],"product_tag":[],"class_list":{"0":"post-6458","1":"product","2":"type-product","3":"status-publish","4":"has-post-thumbnail","6":"product_cat-korff","8":"first","9":"instock","10":"shipping-taxable","11":"product-type-simple"},"_links":{"self":[{"href":"https:\/\/staging.megapharm.al\/index.php?rest_route=\/wp\/v2\/product\/6458","targetHints":{"allow":["GET"]}}],"collection":[{"href":"https:\/\/staging.megapharm.al\/index.php?rest_route=\/wp\/v2\/product"}],"about":[{"href":"https:\/\/staging.megapharm.al\/index.php?rest_route=\/wp\/v2\/types\/product"}],"replies":[{"embeddable":true,"href":"https:\/\/staging.megapharm.al\/index.php?rest_route=%2Fwp%2Fv2%2Fcomments&post=6458"}],"wp:featuredmedia":[{"embeddable":true,"href":"https:\/\/staging.megapharm.al\/index.php?rest_route=\/wp\/v2\/media\/5735"}],"wp:attachment":[{"href":"https:\/\/staging.megapharm.al\/index.php?rest_route=%2Fwp%2Fv2%2Fmedia&parent=6458"}],"wp:term":[{"taxonomy":"product_brand","embeddable":true,"href":"https:\/\/staging.megapharm.al\/index.php?rest_route=%2Fwp%2Fv2%2Fproduct_brand&post=6458"},{"taxonomy":"product_cat","embeddable":true,"href":"https:\/\/staging.megapharm.al\/index.php?rest_route=%2Fwp%2Fv2%2Fproduct_cat&post=6458"},{"taxonomy":"product_tag","embeddable":true,"href":"https:\/\/staging.megapharm.al\/index.php?rest_route=%2Fwp%2Fv2%2Fproduct_tag&post=6458"}],"curies":[{"name":"wp","href":"https:\/\/api.w.org\/{rel}","templated":true}]}}