{"id":6457,"date":"2021-01-24T10:36:45","date_gmt":"2021-01-24T10:36:45","guid":{"rendered":"http:\/\/staging.megapharm.al\/\/index.php\/product\/import-placeholder-for-2648\/"},"modified":"2021-01-24T10:36:51","modified_gmt":"2021-01-24T10:36:51","slug":"detox-city-protection-day-serum-spf-40","status":"publish","type":"product","link":"https:\/\/staging.megapharm.al\/?product=detox-city-protection-day-serum-spf-40","title":{"rendered":"Detox City Protection Day Serum SPF 40"},"content":{"rendered":"<p>Serum me faktor mbrojt\u00ebs 40 q\u00eb krijon nj\u00eb film q\u00eb mbron l\u00ebkur\u00ebn nga rrezet e diellit, nga oksidimi, ndotja, duke e mbajtur at\u00eb t\u00eb sh\u00ebndetshme dhe t\u00eb shndritshme. Formuluar me nj\u00eb miks t\u00eb filtrave diellore duke garantuar n\u00eb k\u00ebt\u00eb m\u00ebnyr\u00eb nj\u00eb mbrojtje t\u00eb gjer\u00eb UVB\/UVA (SPF 40).<\/p>\n<p>P\u00ebrmban Pantenol dhe aloe vera q\u00eb kan\u00eb veprim hidratues. Gjithashtu p\u00ebrmban Salvia sclarea, dhe Vitamine E q\u00eb veprojn\u00eb n\u00eb sinergji si anti-oksidant\u00eb dhe rigjenerues. L\u00ebkura n\u00eb k\u00ebt\u00eb m\u00ebnyr\u00eb mbetet e mbrojtur, e sh\u00ebndetshme dhe e ndritshme. Mbron ngo foto-plakja.<\/p>\n","protected":false},"excerpt":{"rendered":"<p>Serum me faktor mbrojt\u00ebs 40 q\u00eb krijon nj\u00eb film q\u00eb mbron l\u00ebkur\u00ebn nga rrezet e diellit, nga oksidimi, ndotja, duke e mbajtur at\u00eb t\u00eb sh\u00ebndetshme dhe t\u00eb shndritshme. Formuluar me nj\u00eb miks t\u00eb filtrave diellore duke garantuar n\u00eb k\u00ebt\u00eb m\u00ebnyr\u00eb nj\u00eb mbrojtje t\u00eb gjer\u00eb UVB\/UVA (SPF 40).<\/p>\n<p>P\u00ebrmban Pantenol dhe aloe vera q\u00eb kan\u00eb veprim hidratues. Gjithashtu p\u00ebrmban Salvia sclarea, dhe Vitamine E q\u00eb veprojn\u00eb n\u00eb sinergji si anti-oksidant\u00eb dhe rigjenerues. L\u00ebkura n\u00eb k\u00ebt\u00eb m\u00ebnyr\u00eb mbetet e mbrojtur, e sh\u00ebndetshme dhe e ndritshme. Mbron ngo foto-plakja.<\/p>\n","protected":false},"featured_media":5734,"comment_status":"open","ping_status":"closed","template":"","meta":[],"product_brand":[],"product_cat":[124],"product_tag":[],"class_list":{"0":"post-6457","1":"product","2":"type-product","3":"status-publish","4":"has-post-thumbnail","6":"product_cat-korff","8":"first","9":"instock","10":"shipping-taxable","11":"product-type-simple"},"_links":{"self":[{"href":"https:\/\/staging.megapharm.al\/index.php?rest_route=\/wp\/v2\/product\/6457","targetHints":{"allow":["GET"]}}],"collection":[{"href":"https:\/\/staging.megapharm.al\/index.php?rest_route=\/wp\/v2\/product"}],"about":[{"href":"https:\/\/staging.megapharm.al\/index.php?rest_route=\/wp\/v2\/types\/product"}],"replies":[{"embeddable":true,"href":"https:\/\/staging.megapharm.al\/index.php?rest_route=%2Fwp%2Fv2%2Fcomments&post=6457"}],"wp:featuredmedia":[{"embeddable":true,"href":"https:\/\/staging.megapharm.al\/index.php?rest_route=\/wp\/v2\/media\/5734"}],"wp:attachment":[{"href":"https:\/\/staging.megapharm.al\/index.php?rest_route=%2Fwp%2Fv2%2Fmedia&parent=6457"}],"wp:term":[{"taxonomy":"product_brand","embeddable":true,"href":"https:\/\/staging.megapharm.al\/index.php?rest_route=%2Fwp%2Fv2%2Fproduct_brand&post=6457"},{"taxonomy":"product_cat","embeddable":true,"href":"https:\/\/staging.megapharm.al\/index.php?rest_route=%2Fwp%2Fv2%2Fproduct_cat&post=6457"},{"taxonomy":"product_tag","embeddable":true,"href":"https:\/\/staging.megapharm.al\/index.php?rest_route=%2Fwp%2Fv2%2Fproduct_tag&post=6457"}],"curies":[{"name":"wp","href":"https:\/\/api.w.org\/{rel}","templated":true}]}}